{"id":511,"date":"2021-04-13T11:40:03","date_gmt":"2021-04-13T09:40:03","guid":{"rendered":"https:\/\/jewelsbyanna.ch\/?post_type=product&#038;p=511"},"modified":"2023-10-04T10:31:22","modified_gmt":"2023-10-04T08:31:22","slug":"chain-1-3mm-diameter-2","status":"publish","type":"product","link":"https:\/\/jewelsbyanna.ch\/de\/produkt\/chain-1-3mm-diameter-2\/","title":{"rendered":"Halskette 1.3mm, verziert mit handgemachtem Verschluss"},"content":{"rendered":"<p>Annas charakteristischer Verschluss verleiht dieser eleganten 1,3-mm-Ankerkette aus 18 Karat Gold Pers\u00f6nlichkeit. Das Gold wurde in Europa rezykliert. Der Verschluss ist so konzipiert, dass er anstelle oder neben einem Anh\u00e4nger gesehen und getragen werden kann und ein Teil des Designs ist. Funktionalit\u00e4t darf auch sch\u00f6n sein!<\/p>\n<p>Alle unsere Schmuckst\u00fccke k\u00f6nnen in einer Vielzahl von rezyklierten Edelmetallen oder mit den eigenen Steinen aus alten Schmuckst\u00fccken hergestellt werden - schreibe uns bitte auf hello@jewelsbyanna.ch, wenn Du ein Edelmetall suchst, das nicht in unserem Webshop ausgestellt ist.<\/p>\n<p>Beschaffung &amp; Produktion<br \/>\nDesignt und hergestellt in der Schweiz, wobei Materialien verwendet werden, die bereits im Gebrauch waren. Der Verschluss und die Kette sind aus 925er Silber der Marke Oekogold, zum Beispiel des Unternehmens Gyr Edelmetalle AG in Baar hergestellt worden.<\/p>","protected":false},"excerpt":{"rendered":"<p>Das Rhodinieren gibt dem Weissgold eine hellere, gl\u00e4nzendere Farbe. Wir verwenden eine relativ dicke Beschichtung, dennoch weisen wir darauf hin, dass diese Beschichtung mit der Zeit abgetragen werden kann. Der Ring kann jedoch sp\u00e4ter erneut rhodiniert werden.<\/p>","protected":false},"featured_media":928,"template":"","meta":[],"product_cat":[28],"product_tag":[],"yoast_head":"<!-- This site is optimized with the Yoast SEO plugin v18.0 - https:\/\/yoast.com\/wordpress\/plugins\/seo\/ -->\n<title>Chain 1.3mm diameter adorned with handmade closure | JEWELS BY ANNA ANDR\u00c9N<\/title>\n<meta name=\"description\" content=\"Find out more about Chain 1.3mm diameter adorned with handmade closure | Our precious metals are recycled and the stones reclaimed from old jewellery or found in Switzerland.\" \/>\n<meta name=\"robots\" content=\"index, follow, max-snippet:-1, max-image-preview:large, max-video-preview:-1\" \/>\n<link rel=\"canonical\" href=\"https:\/\/jewelsbyanna.ch\/de\/produkt\/chain-1-3mm-diameter-2\/\" \/>\n<meta property=\"og:locale\" content=\"de_DE\" \/>\n<meta property=\"og:type\" content=\"article\" \/>\n<meta property=\"og:title\" content=\"Chain 1.3mm diameter adorned with handmade closure | JEWELS BY ANNA ANDR\u00c9N\" \/>\n<meta property=\"og:description\" content=\"Find out more about Chain 1.3mm diameter adorned with handmade closure | Our precious metals are recycled and the stones reclaimed from old jewellery or found in Switzerland.\" \/>\n<meta property=\"og:url\" content=\"https:\/\/jewelsbyanna.ch\/de\/produkt\/chain-1-3mm-diameter-2\/\" \/>\n<meta property=\"og:site_name\" content=\"JEWELS BY ANNA ANDR\u00c9N\" \/>\n<meta property=\"article:publisher\" content=\"https:\/\/www.facebook.com\/JewelsbyAnnaAndren\" \/>\n<meta property=\"article:modified_time\" content=\"2023-10-04T08:31:22+00:00\" \/>\n<meta property=\"og:image\" content=\"https:\/\/jewelsbyanna.ch\/wp-content\/uploads\/2021\/05\/11KWG00.01-Chain-Long-Only-one-picture-2021-05-19-16-17-38-Kette-mit-eigene-Verschluss-WG-CSmoothing2-Edit-2.jpg\" \/>\n\t<meta property=\"og:image:width\" content=\"2133\" \/>\n\t<meta property=\"og:image:height\" content=\"1200\" \/>\n\t<meta property=\"og:image:type\" content=\"image\/jpeg\" \/>\n<meta name=\"twitter:card\" content=\"summary_large_image\" \/>\n<meta name=\"twitter:label1\" content=\"Est. reading time\" \/>\n\t<meta name=\"twitter:data1\" content=\"1 Minute\" \/>\n<script type=\"application\/ld+json\" class=\"yoast-schema-graph\">{\"@context\":\"https:\/\/schema.org\",\"@graph\":[{\"@type\":\"Organization\",\"@id\":\"https:\/\/jewelsbyanna.ch\/#organization\",\"name\":\"Jewels by Anna Andr\u00e9n\",\"url\":\"https:\/\/jewelsbyanna.ch\/\",\"sameAs\":[\"https:\/\/www.facebook.com\/JewelsbyAnnaAndren\",\"https:\/\/www.instagram.com\/jewelsbyannaandren\/\"],\"logo\":{\"@type\":\"ImageObject\",\"@id\":\"https:\/\/jewelsbyanna.ch\/#logo\",\"inLanguage\":\"de-CH\",\"url\":\"https:\/\/jewelsbyanna.ch\/wp-content\/uploads\/2020\/11\/cropped-ANNA-Logo-JPEG-LQ.jpg\",\"contentUrl\":\"https:\/\/jewelsbyanna.ch\/wp-content\/uploads\/2020\/11\/cropped-ANNA-Logo-JPEG-LQ.jpg\",\"width\":512,\"height\":512,\"caption\":\"Jewels by Anna Andr\u00e9n\"},\"image\":{\"@id\":\"https:\/\/jewelsbyanna.ch\/#logo\"}},{\"@type\":\"WebSite\",\"@id\":\"https:\/\/jewelsbyanna.ch\/#website\",\"url\":\"https:\/\/jewelsbyanna.ch\/\",\"name\":\"Jewels by Anna Andr\u00e9n\",\"description\":\"Nachhaltiger Schmuck aus recyclierten Materialien\",\"publisher\":{\"@id\":\"https:\/\/jewelsbyanna.ch\/#organization\"},\"potentialAction\":[{\"@type\":\"SearchAction\",\"target\":{\"@type\":\"EntryPoint\",\"urlTemplate\":\"https:\/\/jewelsbyanna.ch\/?s={search_term_string}\"},\"query-input\":\"required name=search_term_string\"}],\"inLanguage\":\"de-CH\"},{\"@type\":\"ImageObject\",\"@id\":\"https:\/\/jewelsbyanna.ch\/de\/produkt\/chain-1-3mm-diameter-2\/#primaryimage\",\"inLanguage\":\"de-CH\",\"url\":\"https:\/\/jewelsbyanna.ch\/wp-content\/uploads\/2021\/05\/11KWG00.01-Chain-Long-Only-one-picture-2021-05-19-16-17-38-Kette-mit-eigene-Verschluss-WG-CSmoothing2-Edit-2.jpg\",\"contentUrl\":\"https:\/\/jewelsbyanna.ch\/wp-content\/uploads\/2021\/05\/11KWG00.01-Chain-Long-Only-one-picture-2021-05-19-16-17-38-Kette-mit-eigene-Verschluss-WG-CSmoothing2-Edit-2.jpg\",\"width\":2133,\"height\":1200},{\"@type\":\"WebPage\",\"@id\":\"https:\/\/jewelsbyanna.ch\/de\/produkt\/chain-1-3mm-diameter-2\/#webpage\",\"url\":\"https:\/\/jewelsbyanna.ch\/de\/produkt\/chain-1-3mm-diameter-2\/\",\"name\":\"Chain 1.3mm diameter adorned with handmade closure | JEWELS BY ANNA ANDR\u00c9N\",\"isPartOf\":{\"@id\":\"https:\/\/jewelsbyanna.ch\/#website\"},\"primaryImageOfPage\":{\"@id\":\"https:\/\/jewelsbyanna.ch\/de\/produkt\/chain-1-3mm-diameter-2\/#primaryimage\"},\"datePublished\":\"2021-04-13T09:40:03+00:00\",\"dateModified\":\"2023-10-04T08:31:22+00:00\",\"description\":\"Find out more about Chain 1.3mm diameter adorned with handmade closure | Our precious metals are recycled and the stones reclaimed from old jewellery or found in Switzerland.\",\"breadcrumb\":{\"@id\":\"https:\/\/jewelsbyanna.ch\/de\/produkt\/chain-1-3mm-diameter-2\/#breadcrumb\"},\"inLanguage\":\"de-CH\",\"potentialAction\":[{\"@type\":\"ReadAction\",\"target\":[\"https:\/\/jewelsbyanna.ch\/de\/produkt\/chain-1-3mm-diameter-2\/\"]}]},{\"@type\":\"BreadcrumbList\",\"@id\":\"https:\/\/jewelsbyanna.ch\/de\/produkt\/chain-1-3mm-diameter-2\/#breadcrumb\",\"itemListElement\":[{\"@type\":\"ListItem\",\"position\":1,\"name\":\"Home\",\"item\":\"https:\/\/jewelsbyanna.ch\/\"},{\"@type\":\"ListItem\",\"position\":2,\"name\":\"Online Shop\",\"item\":\"https:\/\/jewelsbyanna.ch\/?page_id=31\"},{\"@type\":\"ListItem\",\"position\":3,\"name\":\"Chain 1.3mm diameter adorned with handmade closure\"}]}]}<\/script>\n<!-- \/ Yoast SEO plugin. -->","yoast_head_json":{"title":"Chain 1.3mm diameter adorned with handmade closure | JEWELS BY ANNA ANDR\u00c9N","description":"Find out more about Chain 1.3mm diameter adorned with handmade closure | Our precious metals are recycled and the stones reclaimed from old jewellery or found in Switzerland.","robots":{"index":"index","follow":"follow","max-snippet":"max-snippet:-1","max-image-preview":"max-image-preview:large","max-video-preview":"max-video-preview:-1"},"canonical":"https:\/\/jewelsbyanna.ch\/de\/produkt\/chain-1-3mm-diameter-2\/","og_locale":"de_DE","og_type":"article","og_title":"Chain 1.3mm diameter adorned with handmade closure | JEWELS BY ANNA ANDR\u00c9N","og_description":"Find out more about Chain 1.3mm diameter adorned with handmade closure | Our precious metals are recycled and the stones reclaimed from old jewellery or found in Switzerland.","og_url":"https:\/\/jewelsbyanna.ch\/de\/produkt\/chain-1-3mm-diameter-2\/","og_site_name":"JEWELS BY ANNA ANDR\u00c9N","article_publisher":"https:\/\/www.facebook.com\/JewelsbyAnnaAndren","article_modified_time":"2023-10-04T08:31:22+00:00","og_image":[{"width":2133,"height":1200,"url":"https:\/\/jewelsbyanna.ch\/wp-content\/uploads\/2021\/05\/11KWG00.01-Chain-Long-Only-one-picture-2021-05-19-16-17-38-Kette-mit-eigene-Verschluss-WG-CSmoothing2-Edit-2.jpg","type":"image\/jpeg"}],"twitter_card":"summary_large_image","twitter_misc":{"Est. reading time":"1 Minute"},"schema":{"@context":"https:\/\/schema.org","@graph":[{"@type":"Organization","@id":"https:\/\/jewelsbyanna.ch\/#organization","name":"Jewels by Anna Andr\u00e9n","url":"https:\/\/jewelsbyanna.ch\/","sameAs":["https:\/\/www.facebook.com\/JewelsbyAnnaAndren","https:\/\/www.instagram.com\/jewelsbyannaandren\/"],"logo":{"@type":"ImageObject","@id":"https:\/\/jewelsbyanna.ch\/#logo","inLanguage":"de-CH","url":"https:\/\/jewelsbyanna.ch\/wp-content\/uploads\/2020\/11\/cropped-ANNA-Logo-JPEG-LQ.jpg","contentUrl":"https:\/\/jewelsbyanna.ch\/wp-content\/uploads\/2020\/11\/cropped-ANNA-Logo-JPEG-LQ.jpg","width":512,"height":512,"caption":"Jewels by Anna Andr\u00e9n"},"image":{"@id":"https:\/\/jewelsbyanna.ch\/#logo"}},{"@type":"WebSite","@id":"https:\/\/jewelsbyanna.ch\/#website","url":"https:\/\/jewelsbyanna.ch\/","name":"Jewels by Anna Andr\u00e9n","description":"Nachhaltiger Schmuck aus recyclierten Materialien","publisher":{"@id":"https:\/\/jewelsbyanna.ch\/#organization"},"potentialAction":[{"@type":"SearchAction","target":{"@type":"EntryPoint","urlTemplate":"https:\/\/jewelsbyanna.ch\/?s={search_term_string}"},"query-input":"required name=search_term_string"}],"inLanguage":"de-CH"},{"@type":"ImageObject","@id":"https:\/\/jewelsbyanna.ch\/de\/produkt\/chain-1-3mm-diameter-2\/#primaryimage","inLanguage":"de-CH","url":"https:\/\/jewelsbyanna.ch\/wp-content\/uploads\/2021\/05\/11KWG00.01-Chain-Long-Only-one-picture-2021-05-19-16-17-38-Kette-mit-eigene-Verschluss-WG-CSmoothing2-Edit-2.jpg","contentUrl":"https:\/\/jewelsbyanna.ch\/wp-content\/uploads\/2021\/05\/11KWG00.01-Chain-Long-Only-one-picture-2021-05-19-16-17-38-Kette-mit-eigene-Verschluss-WG-CSmoothing2-Edit-2.jpg","width":2133,"height":1200},{"@type":"WebPage","@id":"https:\/\/jewelsbyanna.ch\/de\/produkt\/chain-1-3mm-diameter-2\/#webpage","url":"https:\/\/jewelsbyanna.ch\/de\/produkt\/chain-1-3mm-diameter-2\/","name":"Chain 1.3mm diameter adorned with handmade closure | JEWELS BY ANNA ANDR\u00c9N","isPartOf":{"@id":"https:\/\/jewelsbyanna.ch\/#website"},"primaryImageOfPage":{"@id":"https:\/\/jewelsbyanna.ch\/de\/produkt\/chain-1-3mm-diameter-2\/#primaryimage"},"datePublished":"2021-04-13T09:40:03+00:00","dateModified":"2023-10-04T08:31:22+00:00","description":"Find out more about Chain 1.3mm diameter adorned with handmade closure | Our precious metals are recycled and the stones reclaimed from old jewellery or found in Switzerland.","breadcrumb":{"@id":"https:\/\/jewelsbyanna.ch\/de\/produkt\/chain-1-3mm-diameter-2\/#breadcrumb"},"inLanguage":"de-CH","potentialAction":[{"@type":"ReadAction","target":["https:\/\/jewelsbyanna.ch\/de\/produkt\/chain-1-3mm-diameter-2\/"]}]},{"@type":"BreadcrumbList","@id":"https:\/\/jewelsbyanna.ch\/de\/produkt\/chain-1-3mm-diameter-2\/#breadcrumb","itemListElement":[{"@type":"ListItem","position":1,"name":"Home","item":"https:\/\/jewelsbyanna.ch\/"},{"@type":"ListItem","position":2,"name":"Online Shop","item":"https:\/\/jewelsbyanna.ch\/?page_id=31"},{"@type":"ListItem","position":3,"name":"Chain 1.3mm diameter adorned with handmade closure"}]}]}},"_links":{"self":[{"href":"https:\/\/jewelsbyanna.ch\/de\/wp-json\/wp\/v2\/product\/511"}],"collection":[{"href":"https:\/\/jewelsbyanna.ch\/de\/wp-json\/wp\/v2\/product"}],"about":[{"href":"https:\/\/jewelsbyanna.ch\/de\/wp-json\/wp\/v2\/types\/product"}],"wp:featuredmedia":[{"embeddable":true,"href":"https:\/\/jewelsbyanna.ch\/de\/wp-json\/wp\/v2\/media\/928"}],"wp:attachment":[{"href":"https:\/\/jewelsbyanna.ch\/de\/wp-json\/wp\/v2\/media?parent=511"}],"wp:term":[{"taxonomy":"product_cat","embeddable":true,"href":"https:\/\/jewelsbyanna.ch\/de\/wp-json\/wp\/v2\/product_cat?post=511"},{"taxonomy":"product_tag","embeddable":true,"href":"https:\/\/jewelsbyanna.ch\/de\/wp-json\/wp\/v2\/product_tag?post=511"}],"curies":[{"name":"wp","href":"https:\/\/api.w.org\/{rel}","templated":true}]}}