{"id":505,"date":"2021-04-13T11:40:01","date_gmt":"2021-04-13T09:40:01","guid":{"rendered":"https:\/\/jewelsbyanna.ch\/?post_type=product&#038;p=505"},"modified":"2021-10-28T16:21:21","modified_gmt":"2021-10-28T14:21:21","slug":"max-earstuds-decorated-with-38-reclaimed-diamonds","status":"publish","type":"product","link":"https:\/\/jewelsbyanna.ch\/de\/produkt\/max-earstuds-decorated-with-38-reclaimed-diamonds\/","title":{"rendered":"Max - Ohrstecker, dekoriert mit 38 zur\u00fcckgewonnenen Diamanten"},"content":{"rendered":"<p>Diese Schmucklinie ist Annas Version von klassischen Diamantst\u00fccken, welche durch die Verwendung von wiedergewonnenen Diamanten eine unbegrenzte Anzahl M\u00f6glichkeiten der einzelnen Ausf\u00fchrung bietet. So k\u00f6nnen verschiedene Gr\u00f6ssen, aber auch verschieden viele Steine verwendet werden. Derzeit ist <strong>Max<\/strong> das Design mit der h\u00f6chsten Anzahl Diamanten, welche mit perfekter Pr\u00e4zision eingesetzt werden. <strong>Flo<\/strong> und <strong>Sun<\/strong> Designs folgen in K\u00fcrze. Als Inspiration k\u00f6nnen dir unsere Ringe dienen.<\/p>\n<p>Alle unsere Schmuckst\u00fccke k\u00f6nnen in einer Vielzahl von rezyklierten Edelmetallen oder mit den eigenen Steinen aus alten Schmuckst\u00fccken hergestellt werden - schreibe uns bitte auf hello@jewelsbyanna.ch, wenn Du ein Edelmetall suchst, das nicht in unserem Webshop ausgestellt ist.<\/p>\n<p>Beschaffung &amp; Produktion<br \/>\nEntworfen und produziert in der Schweiz unter Verwendung von bereits vorhandenen Rohstoffen. Die in dieser Linie verwendeten Diamanten, welche alle einen Brillantschliff aufweisen, wurden bewusst gekauft, nachdem sie aus alten Uhren entfernt worden waren. Gefertigt aus 18K rezykliertem Gold der Marke Oekogold, beispielsweise von der Unternehmung Gyr Edelmetalle AG in Baar. Designt und hergestellt von Anna in Zug in Zusammenarbeit mit den Experten des  Atelier H\u00f6llm\u00fclller in Luzern, welche die Steine setzen.<\/p>","protected":false},"excerpt":{"rendered":"<p>Das Rhodinieren gibt dem Weissgold eine hellere, gl\u00e4nzendere Farbe. Wir verwenden eine relativ dicke Beschichtung, dennoch weisen wir darauf hin, dass diese Beschichtung mit der Zeit abgetragen werden kann. Der Ring kann jedoch sp\u00e4ter erneut rhodiniert werden.<\/p>\n<p>Beim Schmetterlingsr\u00fcckteil, welches als Befestigung gew\u00e4hlt werden kann, ist es derzeit nicht m\u00f6glich, eine Ausf\u00fchrung in rezykliertem Gold zu garantieren.<\/p>\n<p>Das Smartlock-R\u00fcckenteil muss zusammengeklemmt werden, um es zu befestigen. Diese R\u00fcckenteile sind noch nicht so bekannt, deren Lieferung k\u00f6nnen jedoch aus rezykliertem Gold garantiert werden.<\/p>","protected":false},"featured_media":913,"template":"","meta":[],"product_cat":[21],"product_tag":[],"yoast_head":"<!-- This site is optimized with the Yoast SEO plugin v18.0 - https:\/\/yoast.com\/wordpress\/plugins\/seo\/ -->\n<title>Max - Earstuds decorated with 38 reclaimed diamonds | JEWELS BY ANNA ANDR\u00c9N<\/title>\n<meta name=\"description\" content=\"Find out more about Max - Earstuds decorated with 38 reclaimed diamonds | Our precious metals are recycled and the stones reclaimed from old jewellery or found in Switzerland.\" \/>\n<meta name=\"robots\" content=\"index, follow, max-snippet:-1, max-image-preview:large, max-video-preview:-1\" \/>\n<link rel=\"canonical\" href=\"https:\/\/jewelsbyanna.ch\/de\/produkt\/max-earstuds-decorated-with-38-reclaimed-diamonds\/\" \/>\n<meta property=\"og:locale\" content=\"de_DE\" \/>\n<meta property=\"og:type\" content=\"article\" \/>\n<meta property=\"og:title\" content=\"Max - Earstuds decorated with 38 reclaimed diamonds | JEWELS BY ANNA ANDR\u00c9N\" \/>\n<meta property=\"og:description\" content=\"Find out more about Max - Earstuds decorated with 38 reclaimed diamonds | Our precious metals are recycled and the stones reclaimed from old jewellery or found in Switzerland.\" \/>\n<meta property=\"og:url\" content=\"https:\/\/jewelsbyanna.ch\/de\/produkt\/max-earstuds-decorated-with-38-reclaimed-diamonds\/\" \/>\n<meta property=\"og:site_name\" content=\"JEWELS BY ANNA ANDR\u00c9N\" \/>\n<meta property=\"article:publisher\" content=\"https:\/\/www.facebook.com\/JewelsbyAnnaAndren\" \/>\n<meta property=\"article:modified_time\" content=\"2021-10-28T14:21:21+00:00\" \/>\n<meta property=\"og:image\" content=\"https:\/\/jewelsbyanna.ch\/wp-content\/uploads\/2021\/04\/11OWG01.01-Picture-1-MAX-2021-05-16-17-38-49-Earstuds-19-diamonds-WG-CSmoothing2-Edit.jpg\" \/>\n\t<meta property=\"og:image:width\" content=\"1200\" \/>\n\t<meta property=\"og:image:height\" content=\"1200\" \/>\n\t<meta property=\"og:image:type\" content=\"image\/jpeg\" \/>\n<meta name=\"twitter:card\" content=\"summary_large_image\" \/>\n<meta name=\"twitter:label1\" content=\"Est. reading time\" \/>\n\t<meta name=\"twitter:data1\" content=\"1 Minute\" \/>\n<script type=\"application\/ld+json\" class=\"yoast-schema-graph\">{\"@context\":\"https:\/\/schema.org\",\"@graph\":[{\"@type\":\"Organization\",\"@id\":\"https:\/\/jewelsbyanna.ch\/#organization\",\"name\":\"Jewels by Anna Andr\u00e9n\",\"url\":\"https:\/\/jewelsbyanna.ch\/\",\"sameAs\":[\"https:\/\/www.facebook.com\/JewelsbyAnnaAndren\",\"https:\/\/www.instagram.com\/jewelsbyannaandren\/\"],\"logo\":{\"@type\":\"ImageObject\",\"@id\":\"https:\/\/jewelsbyanna.ch\/#logo\",\"inLanguage\":\"de-CH\",\"url\":\"https:\/\/jewelsbyanna.ch\/wp-content\/uploads\/2020\/11\/cropped-ANNA-Logo-JPEG-LQ.jpg\",\"contentUrl\":\"https:\/\/jewelsbyanna.ch\/wp-content\/uploads\/2020\/11\/cropped-ANNA-Logo-JPEG-LQ.jpg\",\"width\":512,\"height\":512,\"caption\":\"Jewels by Anna Andr\u00e9n\"},\"image\":{\"@id\":\"https:\/\/jewelsbyanna.ch\/#logo\"}},{\"@type\":\"WebSite\",\"@id\":\"https:\/\/jewelsbyanna.ch\/#website\",\"url\":\"https:\/\/jewelsbyanna.ch\/\",\"name\":\"Jewels by Anna Andr\u00e9n\",\"description\":\"Nachhaltiger Schmuck aus recyclierten Materialien\",\"publisher\":{\"@id\":\"https:\/\/jewelsbyanna.ch\/#organization\"},\"potentialAction\":[{\"@type\":\"SearchAction\",\"target\":{\"@type\":\"EntryPoint\",\"urlTemplate\":\"https:\/\/jewelsbyanna.ch\/?s={search_term_string}\"},\"query-input\":\"required name=search_term_string\"}],\"inLanguage\":\"de-CH\"},{\"@type\":\"ImageObject\",\"@id\":\"https:\/\/jewelsbyanna.ch\/product\/max-earstuds-decorated-with-38-reclaimed-diamonds\/#primaryimage\",\"inLanguage\":\"de-CH\",\"url\":\"https:\/\/jewelsbyanna.ch\/wp-content\/uploads\/2021\/04\/11OWG01.01-Picture-1-MAX-2021-05-16-17-38-49-Earstuds-19-diamonds-WG-CSmoothing2-Edit.jpg\",\"contentUrl\":\"https:\/\/jewelsbyanna.ch\/wp-content\/uploads\/2021\/04\/11OWG01.01-Picture-1-MAX-2021-05-16-17-38-49-Earstuds-19-diamonds-WG-CSmoothing2-Edit.jpg\",\"width\":1200,\"height\":1200},{\"@type\":\"WebPage\",\"@id\":\"https:\/\/jewelsbyanna.ch\/product\/max-earstuds-decorated-with-38-reclaimed-diamonds\/#webpage\",\"url\":\"https:\/\/jewelsbyanna.ch\/product\/max-earstuds-decorated-with-38-reclaimed-diamonds\/\",\"name\":\"Max - Earstuds decorated with 38 reclaimed diamonds | JEWELS BY ANNA ANDR\u00c9N\",\"isPartOf\":{\"@id\":\"https:\/\/jewelsbyanna.ch\/#website\"},\"primaryImageOfPage\":{\"@id\":\"https:\/\/jewelsbyanna.ch\/product\/max-earstuds-decorated-with-38-reclaimed-diamonds\/#primaryimage\"},\"datePublished\":\"2021-04-13T09:40:01+00:00\",\"dateModified\":\"2021-10-28T14:21:21+00:00\",\"description\":\"Find out more about Max - Earstuds decorated with 38 reclaimed diamonds | Our precious metals are recycled and the stones reclaimed from old jewellery or found in Switzerland.\",\"breadcrumb\":{\"@id\":\"https:\/\/jewelsbyanna.ch\/product\/max-earstuds-decorated-with-38-reclaimed-diamonds\/#breadcrumb\"},\"inLanguage\":\"de-CH\",\"potentialAction\":[{\"@type\":\"ReadAction\",\"target\":[\"https:\/\/jewelsbyanna.ch\/product\/max-earstuds-decorated-with-38-reclaimed-diamonds\/\"]}]},{\"@type\":\"BreadcrumbList\",\"@id\":\"https:\/\/jewelsbyanna.ch\/product\/max-earstuds-decorated-with-38-reclaimed-diamonds\/#breadcrumb\",\"itemListElement\":[{\"@type\":\"ListItem\",\"position\":1,\"name\":\"Home\",\"item\":\"https:\/\/jewelsbyanna.ch\/\"},{\"@type\":\"ListItem\",\"position\":2,\"name\":\"Online Shop\",\"item\":\"https:\/\/jewelsbyanna.ch\/?page_id=31\"},{\"@type\":\"ListItem\",\"position\":3,\"name\":\"Max &#8211; Earstuds decorated with 38 reclaimed diamonds\"}]}]}<\/script>\n<!-- \/ Yoast SEO plugin. -->","yoast_head_json":{"title":"Max - Earstuds decorated with 38 reclaimed diamonds | JEWELS BY ANNA ANDR\u00c9N","description":"Find out more about Max - Earstuds decorated with 38 reclaimed diamonds | Our precious metals are recycled and the stones reclaimed from old jewellery or found in Switzerland.","robots":{"index":"index","follow":"follow","max-snippet":"max-snippet:-1","max-image-preview":"max-image-preview:large","max-video-preview":"max-video-preview:-1"},"canonical":"https:\/\/jewelsbyanna.ch\/de\/produkt\/max-earstuds-decorated-with-38-reclaimed-diamonds\/","og_locale":"de_DE","og_type":"article","og_title":"Max - Earstuds decorated with 38 reclaimed diamonds | JEWELS BY ANNA ANDR\u00c9N","og_description":"Find out more about Max - Earstuds decorated with 38 reclaimed diamonds | Our precious metals are recycled and the stones reclaimed from old jewellery or found in Switzerland.","og_url":"https:\/\/jewelsbyanna.ch\/de\/produkt\/max-earstuds-decorated-with-38-reclaimed-diamonds\/","og_site_name":"JEWELS BY ANNA ANDR\u00c9N","article_publisher":"https:\/\/www.facebook.com\/JewelsbyAnnaAndren","article_modified_time":"2021-10-28T14:21:21+00:00","og_image":[{"width":1200,"height":1200,"url":"https:\/\/jewelsbyanna.ch\/wp-content\/uploads\/2021\/04\/11OWG01.01-Picture-1-MAX-2021-05-16-17-38-49-Earstuds-19-diamonds-WG-CSmoothing2-Edit.jpg","type":"image\/jpeg"}],"twitter_card":"summary_large_image","twitter_misc":{"Est. reading time":"1 Minute"},"schema":{"@context":"https:\/\/schema.org","@graph":[{"@type":"Organization","@id":"https:\/\/jewelsbyanna.ch\/#organization","name":"Jewels by Anna Andr\u00e9n","url":"https:\/\/jewelsbyanna.ch\/","sameAs":["https:\/\/www.facebook.com\/JewelsbyAnnaAndren","https:\/\/www.instagram.com\/jewelsbyannaandren\/"],"logo":{"@type":"ImageObject","@id":"https:\/\/jewelsbyanna.ch\/#logo","inLanguage":"de-CH","url":"https:\/\/jewelsbyanna.ch\/wp-content\/uploads\/2020\/11\/cropped-ANNA-Logo-JPEG-LQ.jpg","contentUrl":"https:\/\/jewelsbyanna.ch\/wp-content\/uploads\/2020\/11\/cropped-ANNA-Logo-JPEG-LQ.jpg","width":512,"height":512,"caption":"Jewels by Anna Andr\u00e9n"},"image":{"@id":"https:\/\/jewelsbyanna.ch\/#logo"}},{"@type":"WebSite","@id":"https:\/\/jewelsbyanna.ch\/#website","url":"https:\/\/jewelsbyanna.ch\/","name":"Jewels by Anna Andr\u00e9n","description":"Nachhaltiger Schmuck aus recyclierten Materialien","publisher":{"@id":"https:\/\/jewelsbyanna.ch\/#organization"},"potentialAction":[{"@type":"SearchAction","target":{"@type":"EntryPoint","urlTemplate":"https:\/\/jewelsbyanna.ch\/?s={search_term_string}"},"query-input":"required name=search_term_string"}],"inLanguage":"de-CH"},{"@type":"ImageObject","@id":"https:\/\/jewelsbyanna.ch\/product\/max-earstuds-decorated-with-38-reclaimed-diamonds\/#primaryimage","inLanguage":"de-CH","url":"https:\/\/jewelsbyanna.ch\/wp-content\/uploads\/2021\/04\/11OWG01.01-Picture-1-MAX-2021-05-16-17-38-49-Earstuds-19-diamonds-WG-CSmoothing2-Edit.jpg","contentUrl":"https:\/\/jewelsbyanna.ch\/wp-content\/uploads\/2021\/04\/11OWG01.01-Picture-1-MAX-2021-05-16-17-38-49-Earstuds-19-diamonds-WG-CSmoothing2-Edit.jpg","width":1200,"height":1200},{"@type":"WebPage","@id":"https:\/\/jewelsbyanna.ch\/product\/max-earstuds-decorated-with-38-reclaimed-diamonds\/#webpage","url":"https:\/\/jewelsbyanna.ch\/product\/max-earstuds-decorated-with-38-reclaimed-diamonds\/","name":"Max - Earstuds decorated with 38 reclaimed diamonds | JEWELS BY ANNA ANDR\u00c9N","isPartOf":{"@id":"https:\/\/jewelsbyanna.ch\/#website"},"primaryImageOfPage":{"@id":"https:\/\/jewelsbyanna.ch\/product\/max-earstuds-decorated-with-38-reclaimed-diamonds\/#primaryimage"},"datePublished":"2021-04-13T09:40:01+00:00","dateModified":"2021-10-28T14:21:21+00:00","description":"Find out more about Max - Earstuds decorated with 38 reclaimed diamonds | Our precious metals are recycled and the stones reclaimed from old jewellery or found in Switzerland.","breadcrumb":{"@id":"https:\/\/jewelsbyanna.ch\/product\/max-earstuds-decorated-with-38-reclaimed-diamonds\/#breadcrumb"},"inLanguage":"de-CH","potentialAction":[{"@type":"ReadAction","target":["https:\/\/jewelsbyanna.ch\/product\/max-earstuds-decorated-with-38-reclaimed-diamonds\/"]}]},{"@type":"BreadcrumbList","@id":"https:\/\/jewelsbyanna.ch\/product\/max-earstuds-decorated-with-38-reclaimed-diamonds\/#breadcrumb","itemListElement":[{"@type":"ListItem","position":1,"name":"Home","item":"https:\/\/jewelsbyanna.ch\/"},{"@type":"ListItem","position":2,"name":"Online Shop","item":"https:\/\/jewelsbyanna.ch\/?page_id=31"},{"@type":"ListItem","position":3,"name":"Max &#8211; Earstuds decorated with 38 reclaimed diamonds"}]}]}},"_links":{"self":[{"href":"https:\/\/jewelsbyanna.ch\/de\/wp-json\/wp\/v2\/product\/505"}],"collection":[{"href":"https:\/\/jewelsbyanna.ch\/de\/wp-json\/wp\/v2\/product"}],"about":[{"href":"https:\/\/jewelsbyanna.ch\/de\/wp-json\/wp\/v2\/types\/product"}],"wp:featuredmedia":[{"embeddable":true,"href":"https:\/\/jewelsbyanna.ch\/de\/wp-json\/wp\/v2\/media\/913"}],"wp:attachment":[{"href":"https:\/\/jewelsbyanna.ch\/de\/wp-json\/wp\/v2\/media?parent=505"}],"wp:term":[{"taxonomy":"product_cat","embeddable":true,"href":"https:\/\/jewelsbyanna.ch\/de\/wp-json\/wp\/v2\/product_cat?post=505"},{"taxonomy":"product_tag","embeddable":true,"href":"https:\/\/jewelsbyanna.ch\/de\/wp-json\/wp\/v2\/product_tag?post=505"}],"curies":[{"name":"wp","href":"https:\/\/api.w.org\/{rel}","templated":true}]}}