{"id":1703,"date":"2021-11-09T11:45:38","date_gmt":"2021-11-09T10:45:38","guid":{"rendered":"https:\/\/jewelsbyanna.ch\/?post_type=product&#038;p=1703"},"modified":"2021-11-09T11:54:07","modified_gmt":"2021-11-09T10:54:07","slug":"dot-earrings-embossed-by-hand-with-a-dimple-pattern","status":"publish","type":"product","link":"https:\/\/jewelsbyanna.ch\/de\/produkt\/dot-earrings-embossed-by-hand-with-a-dimple-pattern\/","title":{"rendered":"DOT - Ohrringe von Hand gepr\u00e4gt mit einem \"Gr\u00fcbchen-Muster\""},"content":{"rendered":"<p>Diese runden Ohrringe aus rezykliertem Sterlingsilber, die von Hand in einem \"Gr\u00fcbchenmuster\" gepr\u00e4gt werden, reflektierten das Licht wundersch\u00f6n und weich. Sie sind ein grossartiger Alltagsbegleiter mit geringem Gewicht. Der Ohrstecker bedeckt einen Teil des Ohrl\u00e4ppchens. Hier kannst Du zwischen zwei Gr\u00f6ssen w\u00e4hlen und bald werden wir das gleiche Design auch in Gold anbieten.<\/p>","protected":false},"excerpt":{"rendered":"<p>Diese runden Ohrringe aus rezykliertem Sterlingsilber, die von Hand in einem \"Gr\u00fcbchenmuster\" gepr\u00e4gt werden, reflektierten das Licht wundersch\u00f6n und weich. Sie sind ein grossartiger Alltagsbegleiter mit geringem Gewicht. Der Ohrstecker bedeckt einen Teil des Ohrl\u00e4ppchens. Hier kannst Du zwischen zwei Gr\u00f6ssen w\u00e4hlen und bald werden wir das gleiche Design auch in Gold anbieten.<\/p>","protected":false},"featured_media":1705,"template":"","meta":[],"product_cat":[21],"product_tag":[],"yoast_head":"<!-- This site is optimized with the Yoast SEO plugin v18.0 - https:\/\/yoast.com\/wordpress\/plugins\/seo\/ -->\n<title>DOT - earrings embossed by hand with a dimple pattern | JEWELS BY ANNA ANDR\u00c9N<\/title>\n<meta name=\"description\" content=\"Find out more about DOT - earrings embossed by hand with a dimple pattern | Our precious metals are recycled and the stones reclaimed from old jewellery or found in Switzerland.\" \/>\n<meta name=\"robots\" content=\"index, follow, max-snippet:-1, max-image-preview:large, max-video-preview:-1\" \/>\n<link rel=\"canonical\" href=\"https:\/\/jewelsbyanna.ch\/de\/produkt\/dot-earrings-embossed-by-hand-with-a-dimple-pattern\/\" \/>\n<meta property=\"og:locale\" content=\"de_DE\" \/>\n<meta property=\"og:type\" content=\"article\" \/>\n<meta property=\"og:title\" content=\"DOT - earrings embossed by hand with a dimple pattern | JEWELS BY ANNA ANDR\u00c9N\" \/>\n<meta property=\"og:description\" content=\"Find out more about DOT - earrings embossed by hand with a dimple pattern | Our precious metals are recycled and the stones reclaimed from old jewellery or found in Switzerland.\" \/>\n<meta property=\"og:url\" content=\"https:\/\/jewelsbyanna.ch\/de\/produkt\/dot-earrings-embossed-by-hand-with-a-dimple-pattern\/\" \/>\n<meta property=\"og:site_name\" content=\"JEWELS BY ANNA ANDR\u00c9N\" \/>\n<meta property=\"article:publisher\" content=\"https:\/\/www.facebook.com\/JewelsbyAnnaAndren\" \/>\n<meta property=\"article:modified_time\" content=\"2021-11-09T10:54:07+00:00\" \/>\n<meta property=\"og:image\" content=\"https:\/\/jewelsbyanna.ch\/wp-content\/uploads\/2021\/11\/DOT-Earrings-with-embossed-dimple-pattern-in-Silver-925.jpg\" \/>\n\t<meta property=\"og:image:width\" content=\"2134\" \/>\n\t<meta property=\"og:image:height\" content=\"2134\" \/>\n\t<meta property=\"og:image:type\" content=\"image\/jpeg\" \/>\n<meta name=\"twitter:card\" content=\"summary_large_image\" \/>\n<meta name=\"twitter:label1\" content=\"Est. reading time\" \/>\n\t<meta name=\"twitter:data1\" content=\"1 Minute\" \/>\n<script type=\"application\/ld+json\" class=\"yoast-schema-graph\">{\"@context\":\"https:\/\/schema.org\",\"@graph\":[{\"@type\":\"Organization\",\"@id\":\"https:\/\/jewelsbyanna.ch\/#organization\",\"name\":\"Jewels by Anna Andr\u00e9n\",\"url\":\"https:\/\/jewelsbyanna.ch\/\",\"sameAs\":[\"https:\/\/www.facebook.com\/JewelsbyAnnaAndren\",\"https:\/\/www.instagram.com\/jewelsbyannaandren\/\"],\"logo\":{\"@type\":\"ImageObject\",\"@id\":\"https:\/\/jewelsbyanna.ch\/#logo\",\"inLanguage\":\"de-CH\",\"url\":\"https:\/\/jewelsbyanna.ch\/wp-content\/uploads\/2020\/11\/cropped-ANNA-Logo-JPEG-LQ.jpg\",\"contentUrl\":\"https:\/\/jewelsbyanna.ch\/wp-content\/uploads\/2020\/11\/cropped-ANNA-Logo-JPEG-LQ.jpg\",\"width\":512,\"height\":512,\"caption\":\"Jewels by Anna Andr\u00e9n\"},\"image\":{\"@id\":\"https:\/\/jewelsbyanna.ch\/#logo\"}},{\"@type\":\"WebSite\",\"@id\":\"https:\/\/jewelsbyanna.ch\/#website\",\"url\":\"https:\/\/jewelsbyanna.ch\/\",\"name\":\"Jewels by Anna Andr\u00e9n\",\"description\":\"Nachhaltiger Schmuck aus recyclierten Materialien\",\"publisher\":{\"@id\":\"https:\/\/jewelsbyanna.ch\/#organization\"},\"potentialAction\":[{\"@type\":\"SearchAction\",\"target\":{\"@type\":\"EntryPoint\",\"urlTemplate\":\"https:\/\/jewelsbyanna.ch\/?s={search_term_string}\"},\"query-input\":\"required name=search_term_string\"}],\"inLanguage\":\"de-CH\"},{\"@type\":\"ImageObject\",\"@id\":\"https:\/\/jewelsbyanna.ch\/product\/dot-earrings-embossed-by-hand-with-a-dimple-pattern\/#primaryimage\",\"inLanguage\":\"de-CH\",\"url\":\"https:\/\/jewelsbyanna.ch\/wp-content\/uploads\/2021\/11\/DOT-Earring-embossed-in-Silver-925-Ohrringe-von-Hand-gepraegt-rezykliertes-925er-Sterling-Silber.jpg\",\"contentUrl\":\"https:\/\/jewelsbyanna.ch\/wp-content\/uploads\/2021\/11\/DOT-Earring-embossed-in-Silver-925-Ohrringe-von-Hand-gepraegt-rezykliertes-925er-Sterling-Silber.jpg\",\"width\":2134,\"height\":2134,\"caption\":\"DOT - Earrings embossed by hand with a dimple pattern, recycled silver 925\"},{\"@type\":\"WebPage\",\"@id\":\"https:\/\/jewelsbyanna.ch\/product\/dot-earrings-embossed-by-hand-with-a-dimple-pattern\/#webpage\",\"url\":\"https:\/\/jewelsbyanna.ch\/product\/dot-earrings-embossed-by-hand-with-a-dimple-pattern\/\",\"name\":\"DOT - earrings embossed by hand with a dimple pattern | JEWELS BY ANNA ANDR\u00c9N\",\"isPartOf\":{\"@id\":\"https:\/\/jewelsbyanna.ch\/#website\"},\"primaryImageOfPage\":{\"@id\":\"https:\/\/jewelsbyanna.ch\/product\/dot-earrings-embossed-by-hand-with-a-dimple-pattern\/#primaryimage\"},\"datePublished\":\"2021-11-09T10:45:38+00:00\",\"dateModified\":\"2021-11-09T10:54:07+00:00\",\"description\":\"Find out more about DOT - earrings embossed by hand with a dimple pattern | Our precious metals are recycled and the stones reclaimed from old jewellery or found in Switzerland.\",\"breadcrumb\":{\"@id\":\"https:\/\/jewelsbyanna.ch\/product\/dot-earrings-embossed-by-hand-with-a-dimple-pattern\/#breadcrumb\"},\"inLanguage\":\"de-CH\",\"potentialAction\":[{\"@type\":\"ReadAction\",\"target\":[\"https:\/\/jewelsbyanna.ch\/product\/dot-earrings-embossed-by-hand-with-a-dimple-pattern\/\"]}]},{\"@type\":\"BreadcrumbList\",\"@id\":\"https:\/\/jewelsbyanna.ch\/product\/dot-earrings-embossed-by-hand-with-a-dimple-pattern\/#breadcrumb\",\"itemListElement\":[{\"@type\":\"ListItem\",\"position\":1,\"name\":\"Home\",\"item\":\"https:\/\/jewelsbyanna.ch\/\"},{\"@type\":\"ListItem\",\"position\":2,\"name\":\"Online Shop\",\"item\":\"https:\/\/jewelsbyanna.ch\/?page_id=31\"},{\"@type\":\"ListItem\",\"position\":3,\"name\":\"DOT &#8211; earrings embossed by hand with a dimple pattern\"}]}]}<\/script>\n<!-- \/ Yoast SEO plugin. -->","yoast_head_json":{"title":"DOT - earrings embossed by hand with a dimple pattern | JEWELS BY ANNA ANDR\u00c9N","description":"Find out more about DOT - earrings embossed by hand with a dimple pattern | Our precious metals are recycled and the stones reclaimed from old jewellery or found in Switzerland.","robots":{"index":"index","follow":"follow","max-snippet":"max-snippet:-1","max-image-preview":"max-image-preview:large","max-video-preview":"max-video-preview:-1"},"canonical":"https:\/\/jewelsbyanna.ch\/de\/produkt\/dot-earrings-embossed-by-hand-with-a-dimple-pattern\/","og_locale":"de_DE","og_type":"article","og_title":"DOT - earrings embossed by hand with a dimple pattern | JEWELS BY ANNA ANDR\u00c9N","og_description":"Find out more about DOT - earrings embossed by hand with a dimple pattern | Our precious metals are recycled and the stones reclaimed from old jewellery or found in Switzerland.","og_url":"https:\/\/jewelsbyanna.ch\/de\/produkt\/dot-earrings-embossed-by-hand-with-a-dimple-pattern\/","og_site_name":"JEWELS BY ANNA ANDR\u00c9N","article_publisher":"https:\/\/www.facebook.com\/JewelsbyAnnaAndren","article_modified_time":"2021-11-09T10:54:07+00:00","og_image":[{"width":2134,"height":2134,"url":"https:\/\/jewelsbyanna.ch\/wp-content\/uploads\/2021\/11\/DOT-Earrings-with-embossed-dimple-pattern-in-Silver-925.jpg","type":"image\/jpeg"}],"twitter_card":"summary_large_image","twitter_misc":{"Est. reading time":"1 Minute"},"schema":{"@context":"https:\/\/schema.org","@graph":[{"@type":"Organization","@id":"https:\/\/jewelsbyanna.ch\/#organization","name":"Jewels by Anna Andr\u00e9n","url":"https:\/\/jewelsbyanna.ch\/","sameAs":["https:\/\/www.facebook.com\/JewelsbyAnnaAndren","https:\/\/www.instagram.com\/jewelsbyannaandren\/"],"logo":{"@type":"ImageObject","@id":"https:\/\/jewelsbyanna.ch\/#logo","inLanguage":"de-CH","url":"https:\/\/jewelsbyanna.ch\/wp-content\/uploads\/2020\/11\/cropped-ANNA-Logo-JPEG-LQ.jpg","contentUrl":"https:\/\/jewelsbyanna.ch\/wp-content\/uploads\/2020\/11\/cropped-ANNA-Logo-JPEG-LQ.jpg","width":512,"height":512,"caption":"Jewels by Anna Andr\u00e9n"},"image":{"@id":"https:\/\/jewelsbyanna.ch\/#logo"}},{"@type":"WebSite","@id":"https:\/\/jewelsbyanna.ch\/#website","url":"https:\/\/jewelsbyanna.ch\/","name":"Jewels by Anna Andr\u00e9n","description":"Nachhaltiger Schmuck aus recyclierten Materialien","publisher":{"@id":"https:\/\/jewelsbyanna.ch\/#organization"},"potentialAction":[{"@type":"SearchAction","target":{"@type":"EntryPoint","urlTemplate":"https:\/\/jewelsbyanna.ch\/?s={search_term_string}"},"query-input":"required name=search_term_string"}],"inLanguage":"de-CH"},{"@type":"ImageObject","@id":"https:\/\/jewelsbyanna.ch\/product\/dot-earrings-embossed-by-hand-with-a-dimple-pattern\/#primaryimage","inLanguage":"de-CH","url":"https:\/\/jewelsbyanna.ch\/wp-content\/uploads\/2021\/11\/DOT-Earring-embossed-in-Silver-925-Ohrringe-von-Hand-gepraegt-rezykliertes-925er-Sterling-Silber.jpg","contentUrl":"https:\/\/jewelsbyanna.ch\/wp-content\/uploads\/2021\/11\/DOT-Earring-embossed-in-Silver-925-Ohrringe-von-Hand-gepraegt-rezykliertes-925er-Sterling-Silber.jpg","width":2134,"height":2134,"caption":"DOT - Earrings embossed by hand with a dimple pattern, recycled silver 925"},{"@type":"WebPage","@id":"https:\/\/jewelsbyanna.ch\/product\/dot-earrings-embossed-by-hand-with-a-dimple-pattern\/#webpage","url":"https:\/\/jewelsbyanna.ch\/product\/dot-earrings-embossed-by-hand-with-a-dimple-pattern\/","name":"DOT - earrings embossed by hand with a dimple pattern | JEWELS BY ANNA ANDR\u00c9N","isPartOf":{"@id":"https:\/\/jewelsbyanna.ch\/#website"},"primaryImageOfPage":{"@id":"https:\/\/jewelsbyanna.ch\/product\/dot-earrings-embossed-by-hand-with-a-dimple-pattern\/#primaryimage"},"datePublished":"2021-11-09T10:45:38+00:00","dateModified":"2021-11-09T10:54:07+00:00","description":"Find out more about DOT - earrings embossed by hand with a dimple pattern | Our precious metals are recycled and the stones reclaimed from old jewellery or found in Switzerland.","breadcrumb":{"@id":"https:\/\/jewelsbyanna.ch\/product\/dot-earrings-embossed-by-hand-with-a-dimple-pattern\/#breadcrumb"},"inLanguage":"de-CH","potentialAction":[{"@type":"ReadAction","target":["https:\/\/jewelsbyanna.ch\/product\/dot-earrings-embossed-by-hand-with-a-dimple-pattern\/"]}]},{"@type":"BreadcrumbList","@id":"https:\/\/jewelsbyanna.ch\/product\/dot-earrings-embossed-by-hand-with-a-dimple-pattern\/#breadcrumb","itemListElement":[{"@type":"ListItem","position":1,"name":"Home","item":"https:\/\/jewelsbyanna.ch\/"},{"@type":"ListItem","position":2,"name":"Online Shop","item":"https:\/\/jewelsbyanna.ch\/?page_id=31"},{"@type":"ListItem","position":3,"name":"DOT &#8211; earrings embossed by hand with a dimple pattern"}]}]}},"_links":{"self":[{"href":"https:\/\/jewelsbyanna.ch\/de\/wp-json\/wp\/v2\/product\/1703"}],"collection":[{"href":"https:\/\/jewelsbyanna.ch\/de\/wp-json\/wp\/v2\/product"}],"about":[{"href":"https:\/\/jewelsbyanna.ch\/de\/wp-json\/wp\/v2\/types\/product"}],"wp:featuredmedia":[{"embeddable":true,"href":"https:\/\/jewelsbyanna.ch\/de\/wp-json\/wp\/v2\/media\/1705"}],"wp:attachment":[{"href":"https:\/\/jewelsbyanna.ch\/de\/wp-json\/wp\/v2\/media?parent=1703"}],"wp:term":[{"taxonomy":"product_cat","embeddable":true,"href":"https:\/\/jewelsbyanna.ch\/de\/wp-json\/wp\/v2\/product_cat?post=1703"},{"taxonomy":"product_tag","embeddable":true,"href":"https:\/\/jewelsbyanna.ch\/de\/wp-json\/wp\/v2\/product_tag?post=1703"}],"curies":[{"name":"wp","href":"https:\/\/api.w.org\/{rel}","templated":true}]}}