{"id":1592,"date":"2021-10-25T11:41:48","date_gmt":"2021-10-25T09:41:48","guid":{"rendered":"https:\/\/jewelsbyanna.ch\/?post_type=product&#038;p=1592"},"modified":"2023-10-04T10:13:53","modified_gmt":"2023-10-04T08:13:53","slug":"all-chain-6mm-with-handmade-closure","status":"publish","type":"product","link":"https:\/\/jewelsbyanna.ch\/de\/produkt\/all-chain-6mm-with-handmade-closure\/","title":{"rendered":"ALL - Halskette 6mm, verziert mit handgemachtem Verschluss"},"content":{"rendered":"<p>Annas charakteristischer Verschluss verleiht dieser gleichzeitig eleganten und robusten 6mm Ankerkettenhalskette aus 925er Silber Pers\u00f6nlichkeit. Das Silber wird in Europa rezykliert. Der Verschluss ist so konzipiert, dass er gesehen werden soll - als Anh\u00e4nger getragen werden kann und nicht nur praktisch ist; er wertet die Optik auf. Funktionalit\u00e4t kann auch sch\u00f6n sein! Alle Halsketten und Armb\u00e4nder der ALL-Serie k\u00f6nnen zu l\u00e4ngeren oder k\u00fcrzeren Ketten kombiniert werden.<\/p>\n<p>Alle unsere Schmuckst\u00fccke k\u00f6nnen in einer Vielzahl von rezyklierten Edelmetallen oder mit den eigenen Steinen aus alten Schmuckst\u00fccken hergestellt werden - schreibe uns bitte auf hello@jewelsbyanna.ch, wenn Du ein Edelmetall suchst, das nicht in unserem Webshop ausgestellt ist.<\/p>\n<p>Beschaffung &amp; Produktion<br \/>\nDesignt und hergestellt in der Schweiz, wobei Materialien verwendet werden, die bereits im Gebrauch waren. Der Verschluss und die Kette sind aus 925er Silber der Marke Oekogold, zum Beispiel des Unternehmens Gyr Edelmetalle AG in Baar hergestellt worden.<\/p>","protected":false},"excerpt":{"rendered":"<p>Anna&#8217;s signature closure adds personality to this simultaneously elegant and robust 6mm anchor chain in 925 silver that has been recycled in Europe. The closure is designed to be seen and worn instead of a pendant, it enhances the look and is not just a practical part to be hidden. Function should be beautiful too! [&hellip;]<\/p>","protected":false},"featured_media":1668,"template":"","meta":[],"product_cat":[28],"product_tag":[119],"yoast_head":"<!-- This site is optimized with the Yoast SEO plugin v18.0 - https:\/\/yoast.com\/wordpress\/plugins\/seo\/ -->\n<title>ALL - Chain Necklace 6mm Adorned with Handmade Signature Closure | JEWELS BY ANNA ANDR\u00c9N<\/title>\n<meta name=\"description\" content=\"Find out more about ALL - Chain Necklace 6mm Adorned with Handmade Signature Closure | Our precious metals are recycled and the stones reclaimed from old jewellery or found in Switzerland.\" \/>\n<meta name=\"robots\" content=\"index, follow, max-snippet:-1, max-image-preview:large, max-video-preview:-1\" \/>\n<link rel=\"canonical\" href=\"https:\/\/jewelsbyanna.ch\/de\/produkt\/all-chain-6mm-with-handmade-closure\/\" \/>\n<meta property=\"og:locale\" content=\"de_DE\" \/>\n<meta property=\"og:type\" content=\"article\" \/>\n<meta property=\"og:title\" content=\"ALL - Chain Necklace 6mm Adorned with Handmade Signature Closure | JEWELS BY ANNA ANDR\u00c9N\" \/>\n<meta property=\"og:description\" content=\"Find out more about ALL - Chain Necklace 6mm Adorned with Handmade Signature Closure | Our precious metals are recycled and the stones reclaimed from old jewellery or found in Switzerland.\" \/>\n<meta property=\"og:url\" content=\"https:\/\/jewelsbyanna.ch\/de\/produkt\/all-chain-6mm-with-handmade-closure\/\" \/>\n<meta property=\"og:site_name\" content=\"JEWELS BY ANNA ANDR\u00c9N\" \/>\n<meta property=\"article:publisher\" content=\"https:\/\/www.facebook.com\/JewelsbyAnnaAndren\" \/>\n<meta property=\"article:modified_time\" content=\"2023-10-04T08:13:53+00:00\" \/>\n<meta property=\"og:image\" content=\"https:\/\/jewelsbyanna.ch\/wp-content\/uploads\/2021\/10\/2021-10-27-16-16-19-Several-6mm-Silver-Chains-flat-CSmoothing2-2.jpg\" \/>\n\t<meta property=\"og:image:width\" content=\"1200\" \/>\n\t<meta property=\"og:image:height\" content=\"1200\" \/>\n\t<meta property=\"og:image:type\" content=\"image\/jpeg\" \/>\n<meta name=\"twitter:card\" content=\"summary_large_image\" \/>\n<meta name=\"twitter:label1\" content=\"Est. reading time\" \/>\n\t<meta name=\"twitter:data1\" content=\"1 Minute\" \/>\n<script type=\"application\/ld+json\" class=\"yoast-schema-graph\">{\"@context\":\"https:\/\/schema.org\",\"@graph\":[{\"@type\":\"Organization\",\"@id\":\"https:\/\/jewelsbyanna.ch\/#organization\",\"name\":\"Jewels by Anna Andr\u00e9n\",\"url\":\"https:\/\/jewelsbyanna.ch\/\",\"sameAs\":[\"https:\/\/www.facebook.com\/JewelsbyAnnaAndren\",\"https:\/\/www.instagram.com\/jewelsbyannaandren\/\"],\"logo\":{\"@type\":\"ImageObject\",\"@id\":\"https:\/\/jewelsbyanna.ch\/#logo\",\"inLanguage\":\"de-CH\",\"url\":\"https:\/\/jewelsbyanna.ch\/wp-content\/uploads\/2020\/11\/cropped-ANNA-Logo-JPEG-LQ.jpg\",\"contentUrl\":\"https:\/\/jewelsbyanna.ch\/wp-content\/uploads\/2020\/11\/cropped-ANNA-Logo-JPEG-LQ.jpg\",\"width\":512,\"height\":512,\"caption\":\"Jewels by Anna Andr\u00e9n\"},\"image\":{\"@id\":\"https:\/\/jewelsbyanna.ch\/#logo\"}},{\"@type\":\"WebSite\",\"@id\":\"https:\/\/jewelsbyanna.ch\/#website\",\"url\":\"https:\/\/jewelsbyanna.ch\/\",\"name\":\"Jewels by Anna Andr\u00e9n\",\"description\":\"Nachhaltiger Schmuck aus recyclierten Materialien\",\"publisher\":{\"@id\":\"https:\/\/jewelsbyanna.ch\/#organization\"},\"potentialAction\":[{\"@type\":\"SearchAction\",\"target\":{\"@type\":\"EntryPoint\",\"urlTemplate\":\"https:\/\/jewelsbyanna.ch\/?s={search_term_string}\"},\"query-input\":\"required name=search_term_string\"}],\"inLanguage\":\"de-CH\"},{\"@type\":\"ImageObject\",\"@id\":\"https:\/\/jewelsbyanna.ch\/de\/produkt\/all-chain-6mm-with-handmade-closure\/#primaryimage\",\"inLanguage\":\"de-CH\",\"url\":\"https:\/\/jewelsbyanna.ch\/wp-content\/uploads\/2021\/10\/ALL-Several-6mm-Recycled-Silver-Chains-flat.jpg\",\"contentUrl\":\"https:\/\/jewelsbyanna.ch\/wp-content\/uploads\/2021\/10\/ALL-Several-6mm-Recycled-Silver-Chains-flat.jpg\",\"width\":1200,\"height\":1200},{\"@type\":\"WebPage\",\"@id\":\"https:\/\/jewelsbyanna.ch\/de\/produkt\/all-chain-6mm-with-handmade-closure\/#webpage\",\"url\":\"https:\/\/jewelsbyanna.ch\/de\/produkt\/all-chain-6mm-with-handmade-closure\/\",\"name\":\"ALL - Chain Necklace 6mm Adorned with Handmade Signature Closure | JEWELS BY ANNA ANDR\u00c9N\",\"isPartOf\":{\"@id\":\"https:\/\/jewelsbyanna.ch\/#website\"},\"primaryImageOfPage\":{\"@id\":\"https:\/\/jewelsbyanna.ch\/de\/produkt\/all-chain-6mm-with-handmade-closure\/#primaryimage\"},\"datePublished\":\"2021-10-25T09:41:48+00:00\",\"dateModified\":\"2023-10-04T08:13:53+00:00\",\"description\":\"Find out more about ALL - Chain Necklace 6mm Adorned with Handmade Signature Closure | Our precious metals are recycled and the stones reclaimed from old jewellery or found in Switzerland.\",\"breadcrumb\":{\"@id\":\"https:\/\/jewelsbyanna.ch\/de\/produkt\/all-chain-6mm-with-handmade-closure\/#breadcrumb\"},\"inLanguage\":\"de-CH\",\"potentialAction\":[{\"@type\":\"ReadAction\",\"target\":[\"https:\/\/jewelsbyanna.ch\/de\/produkt\/all-chain-6mm-with-handmade-closure\/\"]}]},{\"@type\":\"BreadcrumbList\",\"@id\":\"https:\/\/jewelsbyanna.ch\/de\/produkt\/all-chain-6mm-with-handmade-closure\/#breadcrumb\",\"itemListElement\":[{\"@type\":\"ListItem\",\"position\":1,\"name\":\"Home\",\"item\":\"https:\/\/jewelsbyanna.ch\/\"},{\"@type\":\"ListItem\",\"position\":2,\"name\":\"Online Shop\",\"item\":\"https:\/\/jewelsbyanna.ch\/?page_id=31\"},{\"@type\":\"ListItem\",\"position\":3,\"name\":\"ALL &#8211; Chain Necklace 6mm Adorned with Handmade Signature Closure\"}]}]}<\/script>\n<!-- \/ Yoast SEO plugin. -->","yoast_head_json":{"title":"ALL - Chain Necklace 6mm Adorned with Handmade Signature Closure | JEWELS BY ANNA ANDR\u00c9N","description":"Find out more about ALL - Chain Necklace 6mm Adorned with Handmade Signature Closure | Our precious metals are recycled and the stones reclaimed from old jewellery or found in Switzerland.","robots":{"index":"index","follow":"follow","max-snippet":"max-snippet:-1","max-image-preview":"max-image-preview:large","max-video-preview":"max-video-preview:-1"},"canonical":"https:\/\/jewelsbyanna.ch\/de\/produkt\/all-chain-6mm-with-handmade-closure\/","og_locale":"de_DE","og_type":"article","og_title":"ALL - Chain Necklace 6mm Adorned with Handmade Signature Closure | JEWELS BY ANNA ANDR\u00c9N","og_description":"Find out more about ALL - Chain Necklace 6mm Adorned with Handmade Signature Closure | Our precious metals are recycled and the stones reclaimed from old jewellery or found in Switzerland.","og_url":"https:\/\/jewelsbyanna.ch\/de\/produkt\/all-chain-6mm-with-handmade-closure\/","og_site_name":"JEWELS BY ANNA ANDR\u00c9N","article_publisher":"https:\/\/www.facebook.com\/JewelsbyAnnaAndren","article_modified_time":"2023-10-04T08:13:53+00:00","og_image":[{"width":1200,"height":1200,"url":"https:\/\/jewelsbyanna.ch\/wp-content\/uploads\/2021\/10\/2021-10-27-16-16-19-Several-6mm-Silver-Chains-flat-CSmoothing2-2.jpg","type":"image\/jpeg"}],"twitter_card":"summary_large_image","twitter_misc":{"Est. reading time":"1 Minute"},"schema":{"@context":"https:\/\/schema.org","@graph":[{"@type":"Organization","@id":"https:\/\/jewelsbyanna.ch\/#organization","name":"Jewels by Anna Andr\u00e9n","url":"https:\/\/jewelsbyanna.ch\/","sameAs":["https:\/\/www.facebook.com\/JewelsbyAnnaAndren","https:\/\/www.instagram.com\/jewelsbyannaandren\/"],"logo":{"@type":"ImageObject","@id":"https:\/\/jewelsbyanna.ch\/#logo","inLanguage":"de-CH","url":"https:\/\/jewelsbyanna.ch\/wp-content\/uploads\/2020\/11\/cropped-ANNA-Logo-JPEG-LQ.jpg","contentUrl":"https:\/\/jewelsbyanna.ch\/wp-content\/uploads\/2020\/11\/cropped-ANNA-Logo-JPEG-LQ.jpg","width":512,"height":512,"caption":"Jewels by Anna Andr\u00e9n"},"image":{"@id":"https:\/\/jewelsbyanna.ch\/#logo"}},{"@type":"WebSite","@id":"https:\/\/jewelsbyanna.ch\/#website","url":"https:\/\/jewelsbyanna.ch\/","name":"Jewels by Anna Andr\u00e9n","description":"Nachhaltiger Schmuck aus recyclierten Materialien","publisher":{"@id":"https:\/\/jewelsbyanna.ch\/#organization"},"potentialAction":[{"@type":"SearchAction","target":{"@type":"EntryPoint","urlTemplate":"https:\/\/jewelsbyanna.ch\/?s={search_term_string}"},"query-input":"required name=search_term_string"}],"inLanguage":"de-CH"},{"@type":"ImageObject","@id":"https:\/\/jewelsbyanna.ch\/de\/produkt\/all-chain-6mm-with-handmade-closure\/#primaryimage","inLanguage":"de-CH","url":"https:\/\/jewelsbyanna.ch\/wp-content\/uploads\/2021\/10\/ALL-Several-6mm-Recycled-Silver-Chains-flat.jpg","contentUrl":"https:\/\/jewelsbyanna.ch\/wp-content\/uploads\/2021\/10\/ALL-Several-6mm-Recycled-Silver-Chains-flat.jpg","width":1200,"height":1200},{"@type":"WebPage","@id":"https:\/\/jewelsbyanna.ch\/de\/produkt\/all-chain-6mm-with-handmade-closure\/#webpage","url":"https:\/\/jewelsbyanna.ch\/de\/produkt\/all-chain-6mm-with-handmade-closure\/","name":"ALL - Chain Necklace 6mm Adorned with Handmade Signature Closure | JEWELS BY ANNA ANDR\u00c9N","isPartOf":{"@id":"https:\/\/jewelsbyanna.ch\/#website"},"primaryImageOfPage":{"@id":"https:\/\/jewelsbyanna.ch\/de\/produkt\/all-chain-6mm-with-handmade-closure\/#primaryimage"},"datePublished":"2021-10-25T09:41:48+00:00","dateModified":"2023-10-04T08:13:53+00:00","description":"Find out more about ALL - Chain Necklace 6mm Adorned with Handmade Signature Closure | Our precious metals are recycled and the stones reclaimed from old jewellery or found in Switzerland.","breadcrumb":{"@id":"https:\/\/jewelsbyanna.ch\/de\/produkt\/all-chain-6mm-with-handmade-closure\/#breadcrumb"},"inLanguage":"de-CH","potentialAction":[{"@type":"ReadAction","target":["https:\/\/jewelsbyanna.ch\/de\/produkt\/all-chain-6mm-with-handmade-closure\/"]}]},{"@type":"BreadcrumbList","@id":"https:\/\/jewelsbyanna.ch\/de\/produkt\/all-chain-6mm-with-handmade-closure\/#breadcrumb","itemListElement":[{"@type":"ListItem","position":1,"name":"Home","item":"https:\/\/jewelsbyanna.ch\/"},{"@type":"ListItem","position":2,"name":"Online Shop","item":"https:\/\/jewelsbyanna.ch\/?page_id=31"},{"@type":"ListItem","position":3,"name":"ALL &#8211; Chain Necklace 6mm Adorned with Handmade Signature Closure"}]}]}},"_links":{"self":[{"href":"https:\/\/jewelsbyanna.ch\/de\/wp-json\/wp\/v2\/product\/1592"}],"collection":[{"href":"https:\/\/jewelsbyanna.ch\/de\/wp-json\/wp\/v2\/product"}],"about":[{"href":"https:\/\/jewelsbyanna.ch\/de\/wp-json\/wp\/v2\/types\/product"}],"wp:featuredmedia":[{"embeddable":true,"href":"https:\/\/jewelsbyanna.ch\/de\/wp-json\/wp\/v2\/media\/1668"}],"wp:attachment":[{"href":"https:\/\/jewelsbyanna.ch\/de\/wp-json\/wp\/v2\/media?parent=1592"}],"wp:term":[{"taxonomy":"product_cat","embeddable":true,"href":"https:\/\/jewelsbyanna.ch\/de\/wp-json\/wp\/v2\/product_cat?post=1592"},{"taxonomy":"product_tag","embeddable":true,"href":"https:\/\/jewelsbyanna.ch\/de\/wp-json\/wp\/v2\/product_tag?post=1592"}],"curies":[{"name":"wp","href":"https:\/\/api.w.org\/{rel}","templated":true}]}}