{"id":3435,"date":"2022-09-30T23:38:28","date_gmt":"2022-09-30T21:38:28","guid":{"rendered":"https:\/\/jewelsbyanna.ch\/?page_id=3435"},"modified":"2024-05-13T12:00:47","modified_gmt":"2024-05-13T10:00:47","slug":"goldschmied-atelier-zug-schweiz","status":"publish","type":"page","link":"https:\/\/jewelsbyanna.ch\/de\/goldschmied-atelier-zug-schweiz\/","title":{"rendered":"Atelier in Zug"},"content":{"rendered":"<div data-elementor-type=\"wp-page\" data-elementor-id=\"3435\" class=\"elementor elementor-3435\">\n\t\t\t\t\t\t<div class=\"elementor-inner\">\n\t\t\t\t<div class=\"elementor-section-wrap\">\n\t\t\t\t\t\t\t\t\t<section class=\"elementor-section elementor-top-section elementor-element elementor-element-2a670a1 elementor-section-boxed elementor-section-height-default elementor-section-height-default\" data-id=\"2a670a1\" data-element_type=\"section\">\n\t\t\t\t\t\t<div class=\"elementor-container elementor-column-gap-default\">\n\t\t\t\t\t\t\t<div class=\"elementor-row\">\n\t\t\t\t\t<div class=\"elementor-column elementor-col-100 elementor-top-column elementor-element elementor-element-c5d48fc\" data-id=\"c5d48fc\" data-element_type=\"column\">\n\t\t\t<div class=\"elementor-column-wrap elementor-element-populated\">\n\t\t\t\t\t\t\t<div class=\"elementor-widget-wrap\">\n\t\t\t\t\t\t<div class=\"elementor-element elementor-element-a26fcc9 elementor-widget elementor-widget-heading\" data-id=\"a26fcc9\" data-element_type=\"widget\" data-widget_type=\"heading.default\">\n\t\t\t\t<div class=\"elementor-widget-container\">\n\t\t\t<h1 class=\"elementor-heading-title elementor-size-default\">ATELIER IN ZUG<\/h1>\t\t<\/div>\n\t\t\t\t<\/div>\n\t\t\t\t\t\t<\/div>\n\t\t\t\t\t<\/div>\n\t\t<\/div>\n\t\t\t\t\t\t\t\t<\/div>\n\t\t\t\t\t<\/div>\n\t\t<\/section>\n\t\t\t\t<section class=\"elementor-section elementor-top-section elementor-element elementor-element-70cc35d7 elementor-section-boxed elementor-section-height-default elementor-section-height-default\" data-id=\"70cc35d7\" data-element_type=\"section\">\n\t\t\t\t\t\t<div class=\"elementor-container elementor-column-gap-default\">\n\t\t\t\t\t\t\t<div class=\"elementor-row\">\n\t\t\t\t\t<div class=\"elementor-column elementor-col-100 elementor-top-column elementor-element elementor-element-2de2ce27\" data-id=\"2de2ce27\" data-element_type=\"column\">\n\t\t\t<div class=\"elementor-column-wrap elementor-element-populated\">\n\t\t\t\t\t\t\t<div class=\"elementor-widget-wrap\">\n\t\t\t\t\t\t<div class=\"elementor-element elementor-element-5877dcd3 elementor-widget elementor-widget-image\" data-id=\"5877dcd3\" data-element_type=\"widget\" data-widget_type=\"image.default\">\n\t\t\t\t<div class=\"elementor-widget-container\">\n\t\t\t\t\t\t\t\t<div class=\"elementor-image\">\n\t\t\t\t\t\t\t\t\t<figure class=\"wp-caption\">\n\t\t\t\t\t\t\t\t\t\t<img width=\"800\" height=\"640\" src=\"https:\/\/jewelsbyanna.ch\/wp-content\/uploads\/2024\/05\/Annas-Atelier-Zeughausgasse-13-1024x819.jpg\" class=\"attachment-large size-large\" alt=\"\" loading=\"lazy\" srcset=\"https:\/\/jewelsbyanna.ch\/wp-content\/uploads\/2024\/05\/Annas-Atelier-Zeughausgasse-13-1024x819.jpg 1024w, https:\/\/jewelsbyanna.ch\/wp-content\/uploads\/2024\/05\/Annas-Atelier-Zeughausgasse-13-300x240.jpg 300w, https:\/\/jewelsbyanna.ch\/wp-content\/uploads\/2024\/05\/Annas-Atelier-Zeughausgasse-13-768x614.jpg 768w, https:\/\/jewelsbyanna.ch\/wp-content\/uploads\/2024\/05\/Annas-Atelier-Zeughausgasse-13-1536x1229.jpg 1536w, https:\/\/jewelsbyanna.ch\/wp-content\/uploads\/2024\/05\/Annas-Atelier-Zeughausgasse-13-2048x1638.jpg 2048w, https:\/\/jewelsbyanna.ch\/wp-content\/uploads\/2024\/05\/Annas-Atelier-Zeughausgasse-13-15x12.jpg 15w, https:\/\/jewelsbyanna.ch\/wp-content\/uploads\/2024\/05\/Annas-Atelier-Zeughausgasse-13-600x480.jpg 600w\" sizes=\"(max-width: 800px) 100vw, 800px\" \/>\t\t\t\t\t\t\t\t\t\t\t<figcaption class=\"widget-image-caption wp-caption-text\">Anna bei ihrem Atelier an der Zeughausgasse 13 in Zug<\/figcaption>\n\t\t\t\t\t\t\t\t\t\t<\/figure>\n\t\t\t\t\t\t\t\t<\/div>\n\t\t\t\t\t\t<\/div>\n\t\t\t\t<\/div>\n\t\t\t\t<div class=\"elementor-element elementor-element-df6fad3 elementor-widget elementor-widget-text-editor\" data-id=\"df6fad3\" data-element_type=\"widget\" data-widget_type=\"text-editor.default\">\n\t\t\t\t<div class=\"elementor-widget-container\">\n\t\t\t\t\t\t\t\t<div class=\"elementor-text-editor elementor-clearfix\">\n\t\t\t\t<p>Seit November 2022 befindet sich Jewels by Anna Andr\u00e9n an der Zeughausgasse 13 in Zug. Hier entwirft und fertigt Anna ihren Schmuck aus recycelten Materialien. Das Studio verf\u00fcgt \u00fcber Annas Werkbank und Werkzeuge sowie einen gro\u00dfen Tisch, an dem man \u00fcber Schmuck diskutieren kann.<\/p><p>Die Zeughausgasse ist unserer Meinung nach eine der sch\u00f6nsten Gassen der Altstadt \u2013 Fussg\u00e4nger, Fahrr\u00e4der und Autos teilen sich den engen Raum und es ist immer etwas los. Das Haus selbst ist aus dem Mittelalter und wurde k\u00fcrzlich neu renoviert.<\/p><p>Kunden sind jederzeit willkommen, wenn Anna f\u00fcr ein spontanes Gespr\u00e4ch \u00fcber Schmuck anwesend ist oder wenn Du sicher sein m\u00f6chtest, dass Anna gen\u00fcgend Zeit f\u00fcr dich hat, vereinbare bitte einen Termin \u00fcber diese Homepage oder schriftlich an +41 79 583 73 75 oder <a href=\"mailto:hello@jewelsbyanna.ch\">hello@jewelsbyanna.ch<\/a>.<\/p>\t\t\t\t\t<\/div>\n\t\t\t\t\t\t<\/div>\n\t\t\t\t<\/div>\n\t\t\t\t<div class=\"elementor-element elementor-element-5ba114b elementor-align-left elementor-widget elementor-widget-button\" data-id=\"5ba114b\" data-element_type=\"widget\" data-widget_type=\"button.default\">\n\t\t\t\t<div class=\"elementor-widget-container\">\n\t\t\t\t\t<div class=\"elementor-button-wrapper\">\n\t\t\t<a href=\"https:\/\/jewelsbyanna.ch\/de\/goldsmith-in-zug-book-an-appointment\/\" class=\"elementor-button-link elementor-button elementor-size-xs\" role=\"button\">\n\t\t\t\t\t\t<span class=\"elementor-button-content-wrapper\">\n\t\t\t\t\t\t<span class=\"elementor-button-text\">BUCHE DEINEN TERMIN<\/span>\n\t\t<\/span>\n\t\t\t\t\t<\/a>\n\t\t<\/div>\n\t\t\t\t<\/div>\n\t\t\t\t<\/div>\n\t\t\t\t<section class=\"elementor-section elementor-inner-section elementor-element elementor-element-ef6773b elementor-section-boxed elementor-section-height-default elementor-section-height-default\" data-id=\"ef6773b\" data-element_type=\"section\">\n\t\t\t\t\t\t<div class=\"elementor-container elementor-column-gap-default\">\n\t\t\t\t\t\t\t<div class=\"elementor-row\">\n\t\t\t\t\t<div class=\"elementor-column elementor-col-100 elementor-inner-column elementor-element elementor-element-4a3c1a1\" data-id=\"4a3c1a1\" data-element_type=\"column\">\n\t\t\t<div class=\"elementor-column-wrap elementor-element-populated\">\n\t\t\t\t\t\t\t<div class=\"elementor-widget-wrap\">\n\t\t\t\t\t\t<div class=\"elementor-element elementor-element-15c1cca elementor-align-left elementor-list-item-link-full_width elementor-widget elementor-widget-icon-list\" data-id=\"15c1cca\" data-element_type=\"widget\" data-widget_type=\"icon-list.default\">\n\t\t\t\t<div class=\"elementor-widget-container\">\n\t\t\t\t\t<ul class=\"elementor-icon-list-items\">\n\t\t\t\t\t\t\t<li class=\"elementor-icon-list-item\">\n\t\t\t\t\t\t\t\t\t\t\t<span class=\"elementor-icon-list-icon\">\n\t\t\t\t\t\t\t<i aria-hidden=\"true\" class=\"fas fa-map-marker-alt\"><\/i>\t\t\t\t\t\t<\/span>\n\t\t\t\t\t\t\t\t\t\t<span class=\"elementor-icon-list-text\">Zeughausgasse 13, 6300 Zug, Schweiz<\/span>\n\t\t\t\t\t\t\t\t\t<\/li>\n\t\t\t\t\t\t\t\t<li class=\"elementor-icon-list-item\">\n\t\t\t\t\t\t\t\t\t\t\t<a href=\"mailto:hello@jewelsbyanna.ch\">\n\n\t\t\t\t\t\t\t\t\t\t\t\t<span class=\"elementor-icon-list-icon\">\n\t\t\t\t\t\t\t<i aria-hidden=\"true\" class=\"far fa-envelope\"><\/i>\t\t\t\t\t\t<\/span>\n\t\t\t\t\t\t\t\t\t\t<span class=\"elementor-icon-list-text\">hello@jewelsbyanna.ch<\/span>\n\t\t\t\t\t\t\t\t\t\t\t<\/a>\n\t\t\t\t\t\t\t\t\t<\/li>\n\t\t\t\t\t\t\t\t<li class=\"elementor-icon-list-item\">\n\t\t\t\t\t\t\t\t\t\t\t<a href=\"tel: 41416770076\">\n\n\t\t\t\t\t\t\t\t\t\t\t\t<span class=\"elementor-icon-list-icon\">\n\t\t\t\t\t\t\t<i aria-hidden=\"true\" class=\"fas fa-phone-alt\"><\/i>\t\t\t\t\t\t<\/span>\n\t\t\t\t\t\t\t\t\t\t<span class=\"elementor-icon-list-text\">+41 (0)79 583 73 75<\/span>\n\t\t\t\t\t\t\t\t\t\t\t<\/a>\n\t\t\t\t\t\t\t\t\t<\/li>\n\t\t\t\t\t\t<\/ul>\n\t\t\t\t<\/div>\n\t\t\t\t<\/div>\n\t\t\t\t\t\t<\/div>\n\t\t\t\t\t<\/div>\n\t\t<\/div>\n\t\t\t\t\t\t\t\t<\/div>\n\t\t\t\t\t<\/div>\n\t\t<\/section>\n\t\t\t\t<div class=\"elementor-element elementor-element-1a8c37d elementor-widget elementor-widget-image\" data-id=\"1a8c37d\" data-element_type=\"widget\" data-widget_type=\"image.default\">\n\t\t\t\t<div class=\"elementor-widget-container\">\n\t\t\t\t\t\t\t\t<div class=\"elementor-image\">\n\t\t\t\t\t\t\t\t\t\t\t\t<img width=\"300\" height=\"200\" src=\"https:\/\/jewelsbyanna.ch\/wp-content\/uploads\/2021\/06\/Goldsmiths-tools-Goldschmiedewerkzeuge-300x200.jpg\" class=\"attachment-medium size-medium\" alt=\"Goldsmith&#039;s tools, Goldschmiedewerkzeuge\" loading=\"lazy\" srcset=\"https:\/\/jewelsbyanna.ch\/wp-content\/uploads\/2021\/06\/Goldsmiths-tools-Goldschmiedewerkzeuge-300x200.jpg 300w, https:\/\/jewelsbyanna.ch\/wp-content\/uploads\/2021\/06\/Goldsmiths-tools-Goldschmiedewerkzeuge-1024x683.jpg 1024w, https:\/\/jewelsbyanna.ch\/wp-content\/uploads\/2021\/06\/Goldsmiths-tools-Goldschmiedewerkzeuge-768x512.jpg 768w, https:\/\/jewelsbyanna.ch\/wp-content\/uploads\/2021\/06\/Goldsmiths-tools-Goldschmiedewerkzeuge-18x12.jpg 18w, https:\/\/jewelsbyanna.ch\/wp-content\/uploads\/2021\/06\/Goldsmiths-tools-Goldschmiedewerkzeuge-600x400.jpg 600w, https:\/\/jewelsbyanna.ch\/wp-content\/uploads\/2021\/06\/Goldsmiths-tools-Goldschmiedewerkzeuge.jpg 1200w\" sizes=\"(max-width: 300px) 100vw, 300px\" \/>\t\t\t\t\t\t\t\t\t\t\t\t\t\t<\/div>\n\t\t\t\t\t\t<\/div>\n\t\t\t\t<\/div>\n\t\t\t\t\t\t<\/div>\n\t\t\t\t\t<\/div>\n\t\t<\/div>\n\t\t\t\t\t\t\t\t<\/div>\n\t\t\t\t\t<\/div>\n\t\t<\/section>\n\t\t\t\t\t\t\t\t\t<\/div>\n\t\t\t<\/div>\n\t\t\t\t\t<\/div>","protected":false},"excerpt":{"rendered":"<p>STUDIO IN ZUG Anna in front of the studio in Zug on Zeughausgasse 13 Since November 2022, Jewels by Anna Andr\u00e9n, is situated on Zeughausgasse 13 in Zug. This is where Anna makes her designs and manufactures jewellery out of recycled materials. The studio features all of Anna&#8217;s workbench and tools as well as a [&hellip;]<\/p>","protected":false},"author":1,"featured_media":0,"parent":0,"menu_order":0,"comment_status":"closed","ping_status":"closed","template":"","meta":[],"yoast_head":"<!-- This site is optimized with the Yoast SEO plugin v18.0 - https:\/\/yoast.com\/wordpress\/plugins\/seo\/ -->\n<title>Atelier in Zug | JEWELS BY ANNA ANDR\u00c9N<\/title>\n<meta name=\"description\" content=\"Herzlich willkommen ins Atelier | Zeughausgasse 13, Zug, Schweiz | design | goldschmiedearbeit | auf Kundenwunsch | Kleinserien\" \/>\n<meta name=\"robots\" content=\"index, follow, max-snippet:-1, max-image-preview:large, max-video-preview:-1\" \/>\n<link rel=\"canonical\" href=\"https:\/\/jewelsbyanna.ch\/de\/goldschmied-atelier-zug-schweiz\/\" \/>\n<meta property=\"og:locale\" content=\"de_DE\" \/>\n<meta property=\"og:type\" content=\"article\" \/>\n<meta property=\"og:title\" content=\"Atelier in Zug | JEWELS BY ANNA ANDR\u00c9N\" \/>\n<meta property=\"og:description\" content=\"Herzlich willkommen ins Atelier | Zeughausgasse 13, Zug, Schweiz | design | goldschmiedearbeit | auf Kundenwunsch | Kleinserien\" \/>\n<meta property=\"og:url\" content=\"https:\/\/jewelsbyanna.ch\/de\/goldschmied-atelier-zug-schweiz\/\" \/>\n<meta property=\"og:site_name\" content=\"JEWELS BY ANNA ANDR\u00c9N\" \/>\n<meta property=\"article:publisher\" content=\"https:\/\/www.facebook.com\/JewelsbyAnnaAndren\" \/>\n<meta property=\"article:modified_time\" content=\"2024-05-13T10:00:47+00:00\" \/>\n<meta property=\"og:image\" content=\"https:\/\/jewelsbyanna.ch\/wp-content\/uploads\/2024\/05\/Annas-Atelier-Zeughausgasse-13-1024x819.jpg\" \/>\n<meta name=\"twitter:card\" content=\"summary_large_image\" \/>\n<meta name=\"twitter:label1\" content=\"Est. reading time\" \/>\n\t<meta name=\"twitter:data1\" content=\"2 Minuten\" \/>\n<script type=\"application\/ld+json\" class=\"yoast-schema-graph\">{\"@context\":\"https:\/\/schema.org\",\"@graph\":[{\"@type\":\"Organization\",\"@id\":\"https:\/\/jewelsbyanna.ch\/#organization\",\"name\":\"Jewels by Anna Andr\u00e9n\",\"url\":\"https:\/\/jewelsbyanna.ch\/\",\"sameAs\":[\"https:\/\/www.facebook.com\/JewelsbyAnnaAndren\",\"https:\/\/www.instagram.com\/jewelsbyannaandren\/\"],\"logo\":{\"@type\":\"ImageObject\",\"@id\":\"https:\/\/jewelsbyanna.ch\/#logo\",\"inLanguage\":\"de-CH\",\"url\":\"https:\/\/jewelsbyanna.ch\/wp-content\/uploads\/2020\/11\/cropped-ANNA-Logo-JPEG-LQ.jpg\",\"contentUrl\":\"https:\/\/jewelsbyanna.ch\/wp-content\/uploads\/2020\/11\/cropped-ANNA-Logo-JPEG-LQ.jpg\",\"width\":512,\"height\":512,\"caption\":\"Jewels by Anna Andr\u00e9n\"},\"image\":{\"@id\":\"https:\/\/jewelsbyanna.ch\/#logo\"}},{\"@type\":\"WebSite\",\"@id\":\"https:\/\/jewelsbyanna.ch\/#website\",\"url\":\"https:\/\/jewelsbyanna.ch\/\",\"name\":\"Jewels by Anna Andr\u00e9n\",\"description\":\"Nachhaltiger Schmuck aus recyclierten Materialien\",\"publisher\":{\"@id\":\"https:\/\/jewelsbyanna.ch\/#organization\"},\"potentialAction\":[{\"@type\":\"SearchAction\",\"target\":{\"@type\":\"EntryPoint\",\"urlTemplate\":\"https:\/\/jewelsbyanna.ch\/?s={search_term_string}\"},\"query-input\":\"required name=search_term_string\"}],\"inLanguage\":\"de-CH\"},{\"@type\":\"ImageObject\",\"@id\":\"https:\/\/jewelsbyanna.ch\/goldschmied-atelier-zug-schweiz\/#primaryimage\",\"inLanguage\":\"de-CH\",\"url\":\"https:\/\/jewelsbyanna.ch\/wp-content\/uploads\/2024\/05\/Annas-Atelier-Zeughausgasse-13.jpg\",\"contentUrl\":\"https:\/\/jewelsbyanna.ch\/wp-content\/uploads\/2024\/05\/Annas-Atelier-Zeughausgasse-13.jpg\",\"width\":2278,\"height\":1822},{\"@type\":\"WebPage\",\"@id\":\"https:\/\/jewelsbyanna.ch\/goldschmied-atelier-zug-schweiz\/#webpage\",\"url\":\"https:\/\/jewelsbyanna.ch\/goldschmied-atelier-zug-schweiz\/\",\"name\":\"Atelier in Zug | JEWELS BY ANNA ANDR\u00c9N\",\"isPartOf\":{\"@id\":\"https:\/\/jewelsbyanna.ch\/#website\"},\"primaryImageOfPage\":{\"@id\":\"https:\/\/jewelsbyanna.ch\/goldschmied-atelier-zug-schweiz\/#primaryimage\"},\"datePublished\":\"2022-09-30T21:38:28+00:00\",\"dateModified\":\"2024-05-13T10:00:47+00:00\",\"description\":\"Herzlich willkommen ins Atelier | Zeughausgasse 13, Zug, Schweiz | design | goldschmiedearbeit | auf Kundenwunsch | Kleinserien\",\"breadcrumb\":{\"@id\":\"https:\/\/jewelsbyanna.ch\/goldschmied-atelier-zug-schweiz\/#breadcrumb\"},\"inLanguage\":\"de-CH\",\"potentialAction\":[{\"@type\":\"ReadAction\",\"target\":[\"https:\/\/jewelsbyanna.ch\/goldschmied-atelier-zug-schweiz\/\"]}]},{\"@type\":\"BreadcrumbList\",\"@id\":\"https:\/\/jewelsbyanna.ch\/goldschmied-atelier-zug-schweiz\/#breadcrumb\",\"itemListElement\":[{\"@type\":\"ListItem\",\"position\":1,\"name\":\"Home\",\"item\":\"https:\/\/jewelsbyanna.ch\/\"},{\"@type\":\"ListItem\",\"position\":2,\"name\":\"Studio in Zug\"}]}]}<\/script>\n<!-- \/ Yoast SEO plugin. -->","yoast_head_json":{"title":"Atelier in Zug | JEWELS BY ANNA ANDR\u00c9N","description":"Herzlich willkommen ins Atelier | Zeughausgasse 13, Zug, Schweiz | design | goldschmiedearbeit | auf Kundenwunsch | Kleinserien","robots":{"index":"index","follow":"follow","max-snippet":"max-snippet:-1","max-image-preview":"max-image-preview:large","max-video-preview":"max-video-preview:-1"},"canonical":"https:\/\/jewelsbyanna.ch\/de\/goldschmied-atelier-zug-schweiz\/","og_locale":"de_DE","og_type":"article","og_title":"Atelier in Zug | JEWELS BY ANNA ANDR\u00c9N","og_description":"Herzlich willkommen ins Atelier | Zeughausgasse 13, Zug, Schweiz | design | goldschmiedearbeit | auf Kundenwunsch | Kleinserien","og_url":"https:\/\/jewelsbyanna.ch\/de\/goldschmied-atelier-zug-schweiz\/","og_site_name":"JEWELS BY ANNA ANDR\u00c9N","article_publisher":"https:\/\/www.facebook.com\/JewelsbyAnnaAndren","article_modified_time":"2024-05-13T10:00:47+00:00","og_image":[{"url":"https:\/\/jewelsbyanna.ch\/wp-content\/uploads\/2024\/05\/Annas-Atelier-Zeughausgasse-13-1024x819.jpg"}],"twitter_card":"summary_large_image","twitter_misc":{"Est. reading time":"2 Minuten"},"schema":{"@context":"https:\/\/schema.org","@graph":[{"@type":"Organization","@id":"https:\/\/jewelsbyanna.ch\/#organization","name":"Jewels by Anna Andr\u00e9n","url":"https:\/\/jewelsbyanna.ch\/","sameAs":["https:\/\/www.facebook.com\/JewelsbyAnnaAndren","https:\/\/www.instagram.com\/jewelsbyannaandren\/"],"logo":{"@type":"ImageObject","@id":"https:\/\/jewelsbyanna.ch\/#logo","inLanguage":"de-CH","url":"https:\/\/jewelsbyanna.ch\/wp-content\/uploads\/2020\/11\/cropped-ANNA-Logo-JPEG-LQ.jpg","contentUrl":"https:\/\/jewelsbyanna.ch\/wp-content\/uploads\/2020\/11\/cropped-ANNA-Logo-JPEG-LQ.jpg","width":512,"height":512,"caption":"Jewels by Anna Andr\u00e9n"},"image":{"@id":"https:\/\/jewelsbyanna.ch\/#logo"}},{"@type":"WebSite","@id":"https:\/\/jewelsbyanna.ch\/#website","url":"https:\/\/jewelsbyanna.ch\/","name":"Jewels by Anna Andr\u00e9n","description":"Nachhaltiger Schmuck aus recyclierten Materialien","publisher":{"@id":"https:\/\/jewelsbyanna.ch\/#organization"},"potentialAction":[{"@type":"SearchAction","target":{"@type":"EntryPoint","urlTemplate":"https:\/\/jewelsbyanna.ch\/?s={search_term_string}"},"query-input":"required name=search_term_string"}],"inLanguage":"de-CH"},{"@type":"ImageObject","@id":"https:\/\/jewelsbyanna.ch\/goldschmied-atelier-zug-schweiz\/#primaryimage","inLanguage":"de-CH","url":"https:\/\/jewelsbyanna.ch\/wp-content\/uploads\/2024\/05\/Annas-Atelier-Zeughausgasse-13.jpg","contentUrl":"https:\/\/jewelsbyanna.ch\/wp-content\/uploads\/2024\/05\/Annas-Atelier-Zeughausgasse-13.jpg","width":2278,"height":1822},{"@type":"WebPage","@id":"https:\/\/jewelsbyanna.ch\/goldschmied-atelier-zug-schweiz\/#webpage","url":"https:\/\/jewelsbyanna.ch\/goldschmied-atelier-zug-schweiz\/","name":"Atelier in Zug | JEWELS BY ANNA ANDR\u00c9N","isPartOf":{"@id":"https:\/\/jewelsbyanna.ch\/#website"},"primaryImageOfPage":{"@id":"https:\/\/jewelsbyanna.ch\/goldschmied-atelier-zug-schweiz\/#primaryimage"},"datePublished":"2022-09-30T21:38:28+00:00","dateModified":"2024-05-13T10:00:47+00:00","description":"Herzlich willkommen ins Atelier | Zeughausgasse 13, Zug, Schweiz | design | goldschmiedearbeit | auf Kundenwunsch | Kleinserien","breadcrumb":{"@id":"https:\/\/jewelsbyanna.ch\/goldschmied-atelier-zug-schweiz\/#breadcrumb"},"inLanguage":"de-CH","potentialAction":[{"@type":"ReadAction","target":["https:\/\/jewelsbyanna.ch\/goldschmied-atelier-zug-schweiz\/"]}]},{"@type":"BreadcrumbList","@id":"https:\/\/jewelsbyanna.ch\/goldschmied-atelier-zug-schweiz\/#breadcrumb","itemListElement":[{"@type":"ListItem","position":1,"name":"Home","item":"https:\/\/jewelsbyanna.ch\/"},{"@type":"ListItem","position":2,"name":"Studio in Zug"}]}]}},"_links":{"self":[{"href":"https:\/\/jewelsbyanna.ch\/de\/wp-json\/wp\/v2\/pages\/3435"}],"collection":[{"href":"https:\/\/jewelsbyanna.ch\/de\/wp-json\/wp\/v2\/pages"}],"about":[{"href":"https:\/\/jewelsbyanna.ch\/de\/wp-json\/wp\/v2\/types\/page"}],"author":[{"embeddable":true,"href":"https:\/\/jewelsbyanna.ch\/de\/wp-json\/wp\/v2\/users\/1"}],"replies":[{"embeddable":true,"href":"https:\/\/jewelsbyanna.ch\/de\/wp-json\/wp\/v2\/comments?post=3435"}],"version-history":[{"count":32,"href":"https:\/\/jewelsbyanna.ch\/de\/wp-json\/wp\/v2\/pages\/3435\/revisions"}],"predecessor-version":[{"id":5260,"href":"https:\/\/jewelsbyanna.ch\/de\/wp-json\/wp\/v2\/pages\/3435\/revisions\/5260"}],"wp:attachment":[{"href":"https:\/\/jewelsbyanna.ch\/de\/wp-json\/wp\/v2\/media?parent=3435"}],"curies":[{"name":"wp","href":"https:\/\/api.w.org\/{rel}","templated":true}]}}