{"id":170,"date":"2020-11-17T11:13:59","date_gmt":"2020-11-17T10:13:59","guid":{"rendered":"https:\/\/jewelsbyanna.ch\/?page_id=170"},"modified":"2024-05-30T17:43:59","modified_gmt":"2024-05-30T15:43:59","slug":"team","status":"publish","type":"page","link":"https:\/\/jewelsbyanna.ch\/de\/about\/team\/","title":{"rendered":"Das Team"},"content":{"rendered":"<div data-elementor-type=\"wp-page\" data-elementor-id=\"170\" class=\"elementor elementor-170\">\n\t\t\t\t\t\t<div class=\"elementor-inner\">\n\t\t\t\t<div class=\"elementor-section-wrap\">\n\t\t\t\t\t\t\t\t\t<section class=\"elementor-section elementor-top-section elementor-element elementor-element-abb225f elementor-section-boxed elementor-section-height-default elementor-section-height-default\" data-id=\"abb225f\" data-element_type=\"section\">\n\t\t\t\t\t\t<div class=\"elementor-container elementor-column-gap-default\">\n\t\t\t\t\t\t\t<div class=\"elementor-row\">\n\t\t\t\t\t<div class=\"elementor-column elementor-col-100 elementor-top-column elementor-element elementor-element-50442d68\" data-id=\"50442d68\" data-element_type=\"column\">\n\t\t\t<div class=\"elementor-column-wrap elementor-element-populated\">\n\t\t\t\t\t\t\t<div class=\"elementor-widget-wrap\">\n\t\t\t\t\t\t<div class=\"elementor-element elementor-element-60ac6373 elementor-widget elementor-widget-image\" data-id=\"60ac6373\" data-element_type=\"widget\" data-widget_type=\"image.default\">\n\t\t\t\t<div class=\"elementor-widget-container\">\n\t\t\t\t\t\t\t\t<div class=\"elementor-image\">\n\t\t\t\t\t\t\t\t\t<figure class=\"wp-caption\">\n\t\t\t\t\t\t\t\t\t\t<img width=\"800\" height=\"601\" src=\"https:\/\/jewelsbyanna.ch\/wp-content\/uploads\/2021\/05\/Team..jpg\" class=\"attachment-large size-large\" alt=\"\" loading=\"lazy\" srcset=\"https:\/\/jewelsbyanna.ch\/wp-content\/uploads\/2021\/05\/Team..jpg 800w, https:\/\/jewelsbyanna.ch\/wp-content\/uploads\/2021\/05\/Team.-300x225.jpg 300w, https:\/\/jewelsbyanna.ch\/wp-content\/uploads\/2021\/05\/Team.-768x577.jpg 768w, https:\/\/jewelsbyanna.ch\/wp-content\/uploads\/2021\/05\/Team.-600x451.jpg 600w\" sizes=\"(max-width: 800px) 100vw, 800px\" \/>\t\t\t\t\t\t\t\t\t\t\t<figcaption class=\"widget-image-caption wp-caption-text\"><\/figcaption>\n\t\t\t\t\t\t\t\t\t\t<\/figure>\n\t\t\t\t\t\t\t\t<\/div>\n\t\t\t\t\t\t<\/div>\n\t\t\t\t<\/div>\n\t\t\t\t<div class=\"elementor-element elementor-element-f7f5899 elementor-widget elementor-widget-spacer\" data-id=\"f7f5899\" data-element_type=\"widget\" data-widget_type=\"spacer.default\">\n\t\t\t\t<div class=\"elementor-widget-container\">\n\t\t\t\t\t<div class=\"elementor-spacer\">\n\t\t\t<div class=\"elementor-spacer-inner\"><\/div>\n\t\t<\/div>\n\t\t\t\t<\/div>\n\t\t\t\t<\/div>\n\t\t\t\t<div class=\"elementor-element elementor-element-2fcd9a68 elementor-widget elementor-widget-text-editor\" data-id=\"2fcd9a68\" data-element_type=\"widget\" data-widget_type=\"text-editor.default\">\n\t\t\t\t<div class=\"elementor-widget-container\">\n\t\t\t\t\t\t\t\t<div class=\"elementor-text-editor elementor-clearfix\">\n\t\t\t\t<p>Wir beide, die Jewels by Anna repr\u00e4sentieren, teilen die Leidenschaft f\u00fcr Kreativit\u00e4t, Qualit\u00e4t und die Suche nach guten L\u00f6sungen f\u00fcr unsere Kunden und die Welt um uns herum. Als Team reichen unsere kollektiven Erfahrungen vom Goldschmiedehandwerk und Design bis hin zu Finanzen und politischer Arbeit. Gemeinsam wollen wir in der Schweiz hergestellten, sch\u00f6nen, langlebigen Schmuck mit m\u00f6glichst geringer Umweltbelastung anbieten. Wir informieren offen, woher wir unsere Materialien beziehen, und wir m\u00f6chten mit dir in Kontakt bleiben und h\u00f6ren, was Du von unseren Produkten und Aktionen h\u00e4ltst. Wir wollen einen Beitrag zu mehr Transparenz in der Schmuckbranche insgesamt leisten.<\/p><p>Unser Unternehmen ist ein kleines Start-up mit einem Studio in Zug. Jeden Tag gestalten wir einen sinnvollen und nachhaltigen Arbeitsplatz f\u00fcr uns, wo wir unsere unterschiedlichen St\u00e4rken nutzen und gleichzeitig auf unser gemeinsames Ziel hinarbeiten, dir unseren besonderen, langlebigen, transparent beschafften Schmuck anzubieten.<\/p><p>Please have a look at our <a href=\"https:\/\/jewelsbyanna.ch\/de\/core-jewellery\/\">Kernst\u00fccke<\/a>, small series that we might have on stock or create for you on order, and at custom made jewellery under <a href=\"https:\/\/jewelsbyanna.ch\/de\/massgeschneidert-schmuck-design\/\">Massgeschneiderte Ideen<\/a>\u00a0&#8211; we would love to count you as one of our customers.<\/p><div><div>Vielen Dank, dass Du uns auf unserer Reise begleitest.<\/div><\/div>\t\t\t\t\t<\/div>\n\t\t\t\t\t\t<\/div>\n\t\t\t\t<\/div>\n\t\t\t\t<div class=\"elementor-element elementor-element-7372abcc elementor-widget elementor-widget-spacer\" data-id=\"7372abcc\" data-element_type=\"widget\" data-widget_type=\"spacer.default\">\n\t\t\t\t<div class=\"elementor-widget-container\">\n\t\t\t\t\t<div class=\"elementor-spacer\">\n\t\t\t<div class=\"elementor-spacer-inner\"><\/div>\n\t\t<\/div>\n\t\t\t\t<\/div>\n\t\t\t\t<\/div>\n\t\t\t\t<div class=\"elementor-element elementor-element-1436a553 elementor-widget elementor-widget-heading\" data-id=\"1436a553\" data-element_type=\"widget\" data-widget_type=\"heading.default\">\n\t\t\t\t<div class=\"elementor-widget-container\">\n\t\t\t<h4 class=\"elementor-heading-title elementor-size-default\">Kontaktdetails<\/h4>\t\t<\/div>\n\t\t\t\t<\/div>\n\t\t\t\t<section class=\"elementor-section elementor-inner-section elementor-element elementor-element-c0fa922 elementor-section-boxed elementor-section-height-default elementor-section-height-default\" data-id=\"c0fa922\" data-element_type=\"section\">\n\t\t\t\t\t\t<div class=\"elementor-container elementor-column-gap-default\">\n\t\t\t\t\t\t\t<div class=\"elementor-row\">\n\t\t\t\t\t<div class=\"elementor-column elementor-col-50 elementor-inner-column elementor-element elementor-element-1edc40c\" data-id=\"1edc40c\" data-element_type=\"column\">\n\t\t\t<div class=\"elementor-column-wrap elementor-element-populated\">\n\t\t\t\t\t\t\t<div class=\"elementor-widget-wrap\">\n\t\t\t\t\t\t<div class=\"elementor-element elementor-element-4a4e704 elementor-vertical-align-middle elementor-position-top elementor-widget elementor-widget-image-box\" data-id=\"4a4e704\" data-element_type=\"widget\" data-widget_type=\"image-box.default\">\n\t\t\t\t<div class=\"elementor-widget-container\">\n\t\t\t<div class=\"elementor-image-box-wrapper\"><figure class=\"elementor-image-box-img\"><img width=\"600\" height=\"600\" src=\"https:\/\/jewelsbyanna.ch\/wp-content\/uploads\/2021\/05\/TEAM-PICTURE-ANNA-IMG_2701.jpg\" class=\"attachment-full size-full\" alt=\"\" loading=\"lazy\" \/><\/figure><div class=\"elementor-image-box-content\"><h3 class=\"elementor-image-box-title\">Anna<\/h3><p class=\"elementor-image-box-description\">Gr\u00fcnderin, Inhaberin, Goldschmiedin &amp; Designerin<\/p><\/div><\/div>\t\t<\/div>\n\t\t\t\t<\/div>\n\t\t\t\t<div class=\"elementor-element elementor-element-d762f90 elementor-widget elementor-widget-image\" data-id=\"d762f90\" data-element_type=\"widget\" data-widget_type=\"image.default\">\n\t\t\t\t<div class=\"elementor-widget-container\">\n\t\t\t\t\t\t\t\t<div class=\"elementor-image\">\n\t\t\t\t\t\t\t\t\t\t\t\t<img width=\"350\" height=\"154\" src=\"https:\/\/jewelsbyanna.ch\/wp-content\/uploads\/2021\/05\/Anna.jpg\" class=\"attachment-large size-large\" alt=\"\" loading=\"lazy\" srcset=\"https:\/\/jewelsbyanna.ch\/wp-content\/uploads\/2021\/05\/Anna.jpg 350w, https:\/\/jewelsbyanna.ch\/wp-content\/uploads\/2021\/05\/Anna-300x132.jpg 300w\" sizes=\"(max-width: 350px) 100vw, 350px\" \/>\t\t\t\t\t\t\t\t\t\t\t\t\t\t<\/div>\n\t\t\t\t\t\t<\/div>\n\t\t\t\t<\/div>\n\t\t\t\t<div class=\"elementor-element elementor-element-c8a7fab elementor-widget elementor-widget-text-editor\" data-id=\"c8a7fab\" data-element_type=\"widget\" data-widget_type=\"text-editor.default\">\n\t\t\t\t<div class=\"elementor-widget-container\">\n\t\t\t\t\t\t\t\t<div class=\"elementor-text-editor elementor-clearfix\">\n\t\t\t\t<p><a href=\"mailto:anna@jewelsbyanna.ch\">anna@jewelsbyanna.ch<\/a><\/p><p>+41 (0)79 583 73 75<\/p>\t\t\t\t\t<\/div>\n\t\t\t\t\t\t<\/div>\n\t\t\t\t<\/div>\n\t\t\t\t\t\t<\/div>\n\t\t\t\t\t<\/div>\n\t\t<\/div>\n\t\t\t\t<div class=\"elementor-column elementor-col-50 elementor-inner-column elementor-element elementor-element-9126f09\" data-id=\"9126f09\" data-element_type=\"column\">\n\t\t\t<div class=\"elementor-column-wrap elementor-element-populated\">\n\t\t\t\t\t\t\t<div class=\"elementor-widget-wrap\">\n\t\t\t\t\t\t<div class=\"elementor-element elementor-element-7f26ea5c elementor-vertical-align-middle elementor-position-top elementor-widget elementor-widget-image-box\" data-id=\"7f26ea5c\" data-element_type=\"widget\" data-widget_type=\"image-box.default\">\n\t\t\t\t<div class=\"elementor-widget-container\">\n\t\t\t<div class=\"elementor-image-box-wrapper\"><figure class=\"elementor-image-box-img\"><img width=\"600\" height=\"600\" src=\"https:\/\/jewelsbyanna.ch\/wp-content\/uploads\/2021\/06\/Barbara-Hotz-Loos.jpg\" class=\"attachment-full size-full\" alt=\"Barbara Hotz-Loos is part of the team at Jewels by Anna Andr\u00e9n\" loading=\"lazy\" \/><\/figure><div class=\"elementor-image-box-content\"><h3 class=\"elementor-image-box-title\">Barbara<\/h3><p class=\"elementor-image-box-description\">Gr\u00fcnderin &amp; Leiterin Administration<\/p><\/div><\/div>\t\t<\/div>\n\t\t\t\t<\/div>\n\t\t\t\t<div class=\"elementor-element elementor-element-798dd85 elementor-widget elementor-widget-image\" data-id=\"798dd85\" data-element_type=\"widget\" data-widget_type=\"image.default\">\n\t\t\t\t<div class=\"elementor-widget-container\">\n\t\t\t\t\t\t\t\t<div class=\"elementor-image\">\n\t\t\t\t\t\t\t\t\t\t\t\t<img width=\"350\" height=\"134\" src=\"https:\/\/jewelsbyanna.ch\/wp-content\/uploads\/2021\/05\/Barbara.jpg\" class=\"attachment-large size-large\" alt=\"\" loading=\"lazy\" srcset=\"https:\/\/jewelsbyanna.ch\/wp-content\/uploads\/2021\/05\/Barbara.jpg 350w, https:\/\/jewelsbyanna.ch\/wp-content\/uploads\/2021\/05\/Barbara-300x115.jpg 300w\" sizes=\"(max-width: 350px) 100vw, 350px\" \/>\t\t\t\t\t\t\t\t\t\t\t\t\t\t<\/div>\n\t\t\t\t\t\t<\/div>\n\t\t\t\t<\/div>\n\t\t\t\t<div class=\"elementor-element elementor-element-b57a9c7 elementor-widget elementor-widget-text-editor\" data-id=\"b57a9c7\" data-element_type=\"widget\" data-widget_type=\"text-editor.default\">\n\t\t\t\t<div class=\"elementor-widget-container\">\n\t\t\t\t\t\t\t\t<div class=\"elementor-text-editor elementor-clearfix\">\n\t\t\t\t<p><a href=\"mailto:barbara@jewelsbyanna.ch\">barbara@jewelsbyanna.ch<\/a><\/p><p>+41 (0)41 677 00 76<\/p>\t\t\t\t\t<\/div>\n\t\t\t\t\t\t<\/div>\n\t\t\t\t<\/div>\n\t\t\t\t\t\t<\/div>\n\t\t\t\t\t<\/div>\n\t\t<\/div>\n\t\t\t\t\t\t\t\t<\/div>\n\t\t\t\t\t<\/div>\n\t\t<\/section>\n\t\t\t\t\t\t<\/div>\n\t\t\t\t\t<\/div>\n\t\t<\/div>\n\t\t\t\t\t\t\t\t<\/div>\n\t\t\t\t\t<\/div>\n\t\t<\/section>\n\t\t\t\t<section class=\"elementor-section elementor-top-section elementor-element elementor-element-20cd2dd elementor-section-boxed elementor-section-height-default elementor-section-height-default\" data-id=\"20cd2dd\" data-element_type=\"section\">\n\t\t\t\t\t\t<div class=\"elementor-container elementor-column-gap-default\">\n\t\t\t\t\t\t\t<div class=\"elementor-row\">\n\t\t\t\t\t<div class=\"elementor-column elementor-col-100 elementor-top-column elementor-element elementor-element-7970d36\" data-id=\"7970d36\" data-element_type=\"column\">\n\t\t\t<div class=\"elementor-column-wrap elementor-element-populated\">\n\t\t\t\t\t\t\t<div class=\"elementor-widget-wrap\">\n\t\t\t\t\t\t<div class=\"elementor-element elementor-element-ddbcfce elementor-widget elementor-widget-spacer\" data-id=\"ddbcfce\" data-element_type=\"widget\" data-widget_type=\"spacer.default\">\n\t\t\t\t<div class=\"elementor-widget-container\">\n\t\t\t\t\t<div class=\"elementor-spacer\">\n\t\t\t<div class=\"elementor-spacer-inner\"><\/div>\n\t\t<\/div>\n\t\t\t\t<\/div>\n\t\t\t\t<\/div>\n\t\t\t\t<div class=\"elementor-element elementor-element-8786981 elementor-widget elementor-widget-text-editor\" data-id=\"8786981\" data-element_type=\"widget\" data-widget_type=\"text-editor.default\">\n\t\t\t\t<div class=\"elementor-widget-container\">\n\t\t\t\t\t\t\t\t<div class=\"elementor-text-editor elementor-clearfix\">\n\t\t\t\t\t\t\t\t\t<\/div>\n\t\t\t\t\t\t<\/div>\n\t\t\t\t<\/div>\n\t\t\t\t\t\t<\/div>\n\t\t\t\t\t<\/div>\n\t\t<\/div>\n\t\t\t\t\t\t\t\t<\/div>\n\t\t\t\t\t<\/div>\n\t\t<\/section>\n\t\t\t\t\t\t\t\t\t<\/div>\n\t\t\t<\/div>\n\t\t\t\t\t<\/div>","protected":false},"excerpt":{"rendered":"<p>The two of us making up Jewels by Anna, share a passion for creativity, quality and finding good solutions for our customers and the world around us. As a team, our collective experiences range from the goldsmithing craft and design to finance and political work. Together we want to offer Swiss made, beautiful, long lasting [&hellip;]<\/p>","protected":false},"author":2,"featured_media":0,"parent":145,"menu_order":0,"comment_status":"closed","ping_status":"closed","template":"","meta":[],"yoast_head":"<!-- This site is optimized with the Yoast SEO plugin v18.0 - https:\/\/yoast.com\/wordpress\/plugins\/seo\/ -->\n<title>Team | JEWELS BY ANNA ANDR\u00c9N | Swiss Made Jewellery<\/title>\n<meta name=\"robots\" content=\"index, follow, max-snippet:-1, max-image-preview:large, max-video-preview:-1\" \/>\n<link rel=\"canonical\" href=\"https:\/\/jewelsbyanna.ch\/de\/about\/team\/\" \/>\n<meta property=\"og:locale\" content=\"de_DE\" \/>\n<meta property=\"og:type\" content=\"article\" \/>\n<meta property=\"og:title\" content=\"Team | JEWELS BY ANNA ANDR\u00c9N | Swiss Made Jewellery\" \/>\n<meta property=\"og:description\" content=\"The two of us making up Jewels by Anna, share a passion for creativity, quality and finding good solutions for our customers and the world around us. As a team, our collective experiences range from the goldsmithing craft and design to finance and political work. Together we want to offer Swiss made, beautiful, long lasting [&hellip;]\" \/>\n<meta property=\"og:url\" content=\"https:\/\/jewelsbyanna.ch\/de\/about\/team\/\" \/>\n<meta property=\"og:site_name\" content=\"JEWELS BY ANNA ANDR\u00c9N\" \/>\n<meta property=\"article:publisher\" content=\"https:\/\/www.facebook.com\/JewelsbyAnnaAndren\" \/>\n<meta property=\"article:modified_time\" content=\"2024-05-30T15:43:59+00:00\" \/>\n<meta property=\"og:image\" content=\"https:\/\/jewelsbyanna.ch\/wp-content\/uploads\/2021\/05\/Team..jpg\" \/>\n<meta name=\"twitter:card\" content=\"summary_large_image\" \/>\n<meta name=\"twitter:label1\" content=\"Est. reading time\" \/>\n\t<meta name=\"twitter:data1\" content=\"3 Minuten\" \/>\n<script type=\"application\/ld+json\" class=\"yoast-schema-graph\">{\"@context\":\"https:\/\/schema.org\",\"@graph\":[{\"@type\":\"Organization\",\"@id\":\"https:\/\/jewelsbyanna.ch\/#organization\",\"name\":\"Jewels by Anna Andr\u00e9n\",\"url\":\"https:\/\/jewelsbyanna.ch\/\",\"sameAs\":[\"https:\/\/www.facebook.com\/JewelsbyAnnaAndren\",\"https:\/\/www.instagram.com\/jewelsbyannaandren\/\"],\"logo\":{\"@type\":\"ImageObject\",\"@id\":\"https:\/\/jewelsbyanna.ch\/#logo\",\"inLanguage\":\"de-CH\",\"url\":\"https:\/\/jewelsbyanna.ch\/wp-content\/uploads\/2020\/11\/cropped-ANNA-Logo-JPEG-LQ.jpg\",\"contentUrl\":\"https:\/\/jewelsbyanna.ch\/wp-content\/uploads\/2020\/11\/cropped-ANNA-Logo-JPEG-LQ.jpg\",\"width\":512,\"height\":512,\"caption\":\"Jewels by Anna Andr\u00e9n\"},\"image\":{\"@id\":\"https:\/\/jewelsbyanna.ch\/#logo\"}},{\"@type\":\"WebSite\",\"@id\":\"https:\/\/jewelsbyanna.ch\/#website\",\"url\":\"https:\/\/jewelsbyanna.ch\/\",\"name\":\"Jewels by Anna Andr\u00e9n\",\"description\":\"Nachhaltiger Schmuck aus recyclierten Materialien\",\"publisher\":{\"@id\":\"https:\/\/jewelsbyanna.ch\/#organization\"},\"potentialAction\":[{\"@type\":\"SearchAction\",\"target\":{\"@type\":\"EntryPoint\",\"urlTemplate\":\"https:\/\/jewelsbyanna.ch\/?s={search_term_string}\"},\"query-input\":\"required name=search_term_string\"}],\"inLanguage\":\"de-CH\"},{\"@type\":\"ImageObject\",\"@id\":\"https:\/\/jewelsbyanna.ch\/about\/team\/#primaryimage\",\"inLanguage\":\"de-CH\",\"url\":\"https:\/\/jewelsbyanna.ch\/wp-content\/uploads\/2021\/05\/Team..jpg\",\"contentUrl\":\"https:\/\/jewelsbyanna.ch\/wp-content\/uploads\/2021\/05\/Team..jpg\",\"width\":800,\"height\":601},{\"@type\":\"WebPage\",\"@id\":\"https:\/\/jewelsbyanna.ch\/about\/team\/#webpage\",\"url\":\"https:\/\/jewelsbyanna.ch\/about\/team\/\",\"name\":\"Team | JEWELS BY ANNA ANDR\u00c9N | Swiss Made Jewellery\",\"isPartOf\":{\"@id\":\"https:\/\/jewelsbyanna.ch\/#website\"},\"primaryImageOfPage\":{\"@id\":\"https:\/\/jewelsbyanna.ch\/about\/team\/#primaryimage\"},\"datePublished\":\"2020-11-17T10:13:59+00:00\",\"dateModified\":\"2024-05-30T15:43:59+00:00\",\"breadcrumb\":{\"@id\":\"https:\/\/jewelsbyanna.ch\/about\/team\/#breadcrumb\"},\"inLanguage\":\"de-CH\",\"potentialAction\":[{\"@type\":\"ReadAction\",\"target\":[\"https:\/\/jewelsbyanna.ch\/about\/team\/\"]}]},{\"@type\":\"BreadcrumbList\",\"@id\":\"https:\/\/jewelsbyanna.ch\/about\/team\/#breadcrumb\",\"itemListElement\":[{\"@type\":\"ListItem\",\"position\":1,\"name\":\"Home\",\"item\":\"https:\/\/jewelsbyanna.ch\/\"},{\"@type\":\"ListItem\",\"position\":2,\"name\":\"About\",\"item\":\"https:\/\/jewelsbyanna.ch\/about\/\"},{\"@type\":\"ListItem\",\"position\":3,\"name\":\"Team\"}]}]}<\/script>\n<!-- \/ Yoast SEO plugin. -->","yoast_head_json":{"title":"Team | JEWELS BY ANNA ANDR\u00c9N | Swiss Made Jewellery","robots":{"index":"index","follow":"follow","max-snippet":"max-snippet:-1","max-image-preview":"max-image-preview:large","max-video-preview":"max-video-preview:-1"},"canonical":"https:\/\/jewelsbyanna.ch\/de\/about\/team\/","og_locale":"de_DE","og_type":"article","og_title":"Team | JEWELS BY ANNA ANDR\u00c9N | Swiss Made Jewellery","og_description":"The two of us making up Jewels by Anna, share a passion for creativity, quality and finding good solutions for our customers and the world around us. As a team, our collective experiences range from the goldsmithing craft and design to finance and political work. Together we want to offer Swiss made, beautiful, long lasting [&hellip;]","og_url":"https:\/\/jewelsbyanna.ch\/de\/about\/team\/","og_site_name":"JEWELS BY ANNA ANDR\u00c9N","article_publisher":"https:\/\/www.facebook.com\/JewelsbyAnnaAndren","article_modified_time":"2024-05-30T15:43:59+00:00","og_image":[{"url":"https:\/\/jewelsbyanna.ch\/wp-content\/uploads\/2021\/05\/Team..jpg"}],"twitter_card":"summary_large_image","twitter_misc":{"Est. reading time":"3 Minuten"},"schema":{"@context":"https:\/\/schema.org","@graph":[{"@type":"Organization","@id":"https:\/\/jewelsbyanna.ch\/#organization","name":"Jewels by Anna Andr\u00e9n","url":"https:\/\/jewelsbyanna.ch\/","sameAs":["https:\/\/www.facebook.com\/JewelsbyAnnaAndren","https:\/\/www.instagram.com\/jewelsbyannaandren\/"],"logo":{"@type":"ImageObject","@id":"https:\/\/jewelsbyanna.ch\/#logo","inLanguage":"de-CH","url":"https:\/\/jewelsbyanna.ch\/wp-content\/uploads\/2020\/11\/cropped-ANNA-Logo-JPEG-LQ.jpg","contentUrl":"https:\/\/jewelsbyanna.ch\/wp-content\/uploads\/2020\/11\/cropped-ANNA-Logo-JPEG-LQ.jpg","width":512,"height":512,"caption":"Jewels by Anna Andr\u00e9n"},"image":{"@id":"https:\/\/jewelsbyanna.ch\/#logo"}},{"@type":"WebSite","@id":"https:\/\/jewelsbyanna.ch\/#website","url":"https:\/\/jewelsbyanna.ch\/","name":"Jewels by Anna Andr\u00e9n","description":"Nachhaltiger Schmuck aus recyclierten Materialien","publisher":{"@id":"https:\/\/jewelsbyanna.ch\/#organization"},"potentialAction":[{"@type":"SearchAction","target":{"@type":"EntryPoint","urlTemplate":"https:\/\/jewelsbyanna.ch\/?s={search_term_string}"},"query-input":"required name=search_term_string"}],"inLanguage":"de-CH"},{"@type":"ImageObject","@id":"https:\/\/jewelsbyanna.ch\/about\/team\/#primaryimage","inLanguage":"de-CH","url":"https:\/\/jewelsbyanna.ch\/wp-content\/uploads\/2021\/05\/Team..jpg","contentUrl":"https:\/\/jewelsbyanna.ch\/wp-content\/uploads\/2021\/05\/Team..jpg","width":800,"height":601},{"@type":"WebPage","@id":"https:\/\/jewelsbyanna.ch\/about\/team\/#webpage","url":"https:\/\/jewelsbyanna.ch\/about\/team\/","name":"Team | JEWELS BY ANNA ANDR\u00c9N | Swiss Made Jewellery","isPartOf":{"@id":"https:\/\/jewelsbyanna.ch\/#website"},"primaryImageOfPage":{"@id":"https:\/\/jewelsbyanna.ch\/about\/team\/#primaryimage"},"datePublished":"2020-11-17T10:13:59+00:00","dateModified":"2024-05-30T15:43:59+00:00","breadcrumb":{"@id":"https:\/\/jewelsbyanna.ch\/about\/team\/#breadcrumb"},"inLanguage":"de-CH","potentialAction":[{"@type":"ReadAction","target":["https:\/\/jewelsbyanna.ch\/about\/team\/"]}]},{"@type":"BreadcrumbList","@id":"https:\/\/jewelsbyanna.ch\/about\/team\/#breadcrumb","itemListElement":[{"@type":"ListItem","position":1,"name":"Home","item":"https:\/\/jewelsbyanna.ch\/"},{"@type":"ListItem","position":2,"name":"About","item":"https:\/\/jewelsbyanna.ch\/about\/"},{"@type":"ListItem","position":3,"name":"Team"}]}]}},"_links":{"self":[{"href":"https:\/\/jewelsbyanna.ch\/de\/wp-json\/wp\/v2\/pages\/170"}],"collection":[{"href":"https:\/\/jewelsbyanna.ch\/de\/wp-json\/wp\/v2\/pages"}],"about":[{"href":"https:\/\/jewelsbyanna.ch\/de\/wp-json\/wp\/v2\/types\/page"}],"author":[{"embeddable":true,"href":"https:\/\/jewelsbyanna.ch\/de\/wp-json\/wp\/v2\/users\/2"}],"replies":[{"embeddable":true,"href":"https:\/\/jewelsbyanna.ch\/de\/wp-json\/wp\/v2\/comments?post=170"}],"version-history":[{"count":70,"href":"https:\/\/jewelsbyanna.ch\/de\/wp-json\/wp\/v2\/pages\/170\/revisions"}],"predecessor-version":[{"id":5518,"href":"https:\/\/jewelsbyanna.ch\/de\/wp-json\/wp\/v2\/pages\/170\/revisions\/5518"}],"up":[{"embeddable":true,"href":"https:\/\/jewelsbyanna.ch\/de\/wp-json\/wp\/v2\/pages\/145"}],"wp:attachment":[{"href":"https:\/\/jewelsbyanna.ch\/de\/wp-json\/wp\/v2\/media?parent=170"}],"curies":[{"name":"wp","href":"https:\/\/api.w.org\/{rel}","templated":true}]}}