{"id":165,"date":"2020-11-17T11:13:32","date_gmt":"2020-11-17T10:13:32","guid":{"rendered":"https:\/\/jewelsbyanna.ch\/?page_id=165"},"modified":"2022-10-04T19:32:48","modified_gmt":"2022-10-04T17:32:48","slug":"fairer-nachhaltiger-schmuck","status":"publish","type":"page","link":"https:\/\/jewelsbyanna.ch\/de\/about\/fairer-nachhaltiger-schmuck\/","title":{"rendered":"Fairer und nachhaltiger Schmuck"},"content":{"rendered":"<div data-elementor-type=\"wp-page\" data-elementor-id=\"165\" class=\"elementor elementor-165\">\n\t\t\t\t\t\t<div class=\"elementor-inner\">\n\t\t\t\t<div class=\"elementor-section-wrap\">\n\t\t\t\t\t\t\t\t\t<section class=\"elementor-section elementor-top-section elementor-element elementor-element-2809ba7f elementor-section-boxed elementor-section-height-default elementor-section-height-default\" data-id=\"2809ba7f\" data-element_type=\"section\">\n\t\t\t\t\t\t<div class=\"elementor-container elementor-column-gap-default\">\n\t\t\t\t\t\t\t<div class=\"elementor-row\">\n\t\t\t\t\t<div class=\"elementor-column elementor-col-100 elementor-top-column elementor-element elementor-element-3c2d2794\" data-id=\"3c2d2794\" data-element_type=\"column\">\n\t\t\t<div class=\"elementor-column-wrap elementor-element-populated\">\n\t\t\t\t\t\t\t<div class=\"elementor-widget-wrap\">\n\t\t\t\t\t\t<div class=\"elementor-element elementor-element-4a28c181 elementor-widget elementor-widget-image\" data-id=\"4a28c181\" data-element_type=\"widget\" data-widget_type=\"image.default\">\n\t\t\t\t<div class=\"elementor-widget-container\">\n\t\t\t\t\t\t\t\t<div class=\"elementor-image\">\n\t\t\t\t\t\t\t\t\t<figure class=\"wp-caption\">\n\t\t\t\t\t\t\t\t\t\t<img width=\"800\" height=\"531\" src=\"https:\/\/jewelsbyanna.ch\/wp-content\/uploads\/2021\/06\/New-Picture-to-use-for-Values-replaces-the-current-one_DSC0011.jpg\" class=\"attachment-large size-large\" alt=\"\" loading=\"lazy\" srcset=\"https:\/\/jewelsbyanna.ch\/wp-content\/uploads\/2021\/06\/New-Picture-to-use-for-Values-replaces-the-current-one_DSC0011.jpg 800w, https:\/\/jewelsbyanna.ch\/wp-content\/uploads\/2021\/06\/New-Picture-to-use-for-Values-replaces-the-current-one_DSC0011-300x199.jpg 300w, https:\/\/jewelsbyanna.ch\/wp-content\/uploads\/2021\/06\/New-Picture-to-use-for-Values-replaces-the-current-one_DSC0011-768x510.jpg 768w, https:\/\/jewelsbyanna.ch\/wp-content\/uploads\/2021\/06\/New-Picture-to-use-for-Values-replaces-the-current-one_DSC0011-600x398.jpg 600w\" sizes=\"(max-width: 800px) 100vw, 800px\" \/>\t\t\t\t\t\t\t\t\t\t\t<figcaption class=\"widget-image-caption wp-caption-text\">Wir m\u00f6chten bei unserer Schmuckproduktion den negativen Umwelteinfluss m\u00f6glichst geringhalten.<\/figcaption>\n\t\t\t\t\t\t\t\t\t\t<\/figure>\n\t\t\t\t\t\t\t\t<\/div>\n\t\t\t\t\t\t<\/div>\n\t\t\t\t<\/div>\n\t\t\t\t<div class=\"elementor-element elementor-element-54c29622 elementor-widget elementor-widget-text-editor\" data-id=\"54c29622\" data-element_type=\"widget\" data-widget_type=\"text-editor.default\">\n\t\t\t\t<div class=\"elementor-widget-container\">\n\t\t\t\t\t\t\t\t<div class=\"elementor-text-editor elementor-clearfix\">\n\t\t\t\t<p>Wir freuen uns, dass Du hier bist und mehr von uns wissen m\u00f6chtest - wenn Du Fragen hast, bitte lass uns wissen!&nbsp;<a href=\"https:\/\/jewelsbyanna.ch\/de\/contact\/\" target=\"_blank\" style=\"background-color: rgb(255, 255, 255);\">Uns kontaktieren.<\/a><\/p>\t\t\t\t\t<\/div>\n\t\t\t\t\t\t<\/div>\n\t\t\t\t<\/div>\n\t\t\t\t<div class=\"elementor-element elementor-element-62259619 elementor-widget elementor-widget-heading\" data-id=\"62259619\" data-element_type=\"widget\" data-widget_type=\"heading.default\">\n\t\t\t\t<div class=\"elementor-widget-container\">\n\t\t\t<h2 class=\"elementor-heading-title elementor-size-default\">Nachhaltiger Schmuck aus recyclierten Materialien<\/h2>\t\t<\/div>\n\t\t\t\t<\/div>\n\t\t\t\t<div class=\"elementor-element elementor-element-3a062386 elementor-widget elementor-widget-text-editor\" data-id=\"3a062386\" data-element_type=\"widget\" data-widget_type=\"text-editor.default\">\n\t\t\t\t<div class=\"elementor-widget-container\">\n\t\t\t\t\t\t\t\t<div class=\"elementor-text-editor elementor-clearfix\">\n\t\t\t\t<p>In unserem Gesch\u00e4ft und dessen Einflussbereich wollen wir nachhaltigen Schmuck aus recyclierten edlen Materialien anbieten. Wir wollen verantwortungsbewusst handeln und die Umwelt so weit wie m\u00f6glich sch\u00fctzen. Zusammen mit unseren Kooperationspartnern wollen wir neue Wege suchen nachhaltig zu produzieren, und uns stetig weiterentwickeln. Wir legen Wert auf qualitativ hochwertige Arbeit, langlebige Produkte und langfristige Beziehungen zu Kunden, Lieferanten und der Gesellschaft im Allgemeinen.<\/p>\t\t\t\t\t<\/div>\n\t\t\t\t\t\t<\/div>\n\t\t\t\t<\/div>\n\t\t\t\t<div class=\"elementor-element elementor-element-746206f9 elementor-widget elementor-widget-heading\" data-id=\"746206f9\" data-element_type=\"widget\" data-widget_type=\"heading.default\">\n\t\t\t\t<div class=\"elementor-widget-container\">\n\t\t\t<h2 class=\"elementor-heading-title elementor-size-default\">Transparenz bei der Materialbeschaffung<\/h2>\t\t<\/div>\n\t\t\t\t<\/div>\n\t\t\t\t<div class=\"elementor-element elementor-element-7422f188 elementor-widget elementor-widget-text-editor\" data-id=\"7422f188\" data-element_type=\"widget\" data-widget_type=\"text-editor.default\">\n\t\t\t\t<div class=\"elementor-widget-container\">\n\t\t\t\t\t\t\t\t<div class=\"elementor-text-editor elementor-clearfix\">\n\t\t\t\t<p>Durch eine klare Kommunikation in Bezug auf Materialherkunft und unsere Gesch\u00e4ftspartner wollen wir f\u00fcr unsere Kunden Transparenz schaffen. So erf\u00e4hrst Du, woher wir unsere recyclierten Edelmetalle f\u00fcr Ringe, Armb\u00e4nder, Halsketten, Ohrringe und -stecker beziehen. Eine offene Information auch in Bezug auf die verwendeten Schmucksteine oder Perlen ist unser Ziel. Wir bieten unserer Kundschaft die M\u00f6glichkeit, eine fundierte Kaufentscheidung zu f\u00e4llen, indem wir alle verf\u00fcgbaren Informationen zu unserer Materialbeschaffung offen legen, schau bitte im\u00a0<a href=\"https:\/\/jewelsbyanna.ch\/de\/shop\/\" target=\"_blank\" rel=\"noopener\">Webshop<\/a>. Dadurch erf\u00e4hrst du, wessen erfahrene H\u00e4nde dein Schmuckst\u00fcck bearbeitet und wer die Steine gesetzt hat.<\/p>\t\t\t\t\t<\/div>\n\t\t\t\t\t\t<\/div>\n\t\t\t\t<\/div>\n\t\t\t\t<div class=\"elementor-element elementor-element-4b49c666 elementor-widget elementor-widget-heading\" data-id=\"4b49c666\" data-element_type=\"widget\" data-widget_type=\"heading.default\">\n\t\t\t\t<div class=\"elementor-widget-container\">\n\t\t\t<h2 class=\"elementor-heading-title elementor-size-default\">M\u00f6glichst geringer Einfluss auf die Umwelt<\/h2>\t\t<\/div>\n\t\t\t\t<\/div>\n\t\t\t\t<div class=\"elementor-element elementor-element-562927a9 elementor-widget elementor-widget-text-editor\" data-id=\"562927a9\" data-element_type=\"widget\" data-widget_type=\"text-editor.default\">\n\t\t\t\t<div class=\"elementor-widget-container\">\n\t\t\t\t\t\t\t\t<div class=\"elementor-text-editor elementor-clearfix\">\n\t\t\t\t<p>Da wir bei der Herstellung unserer Schmuckst\u00fccke nur mit recyclierten Materialien arbeiten, nutzen wir keine neuen Rohstoffe und halten den \u00f6kologischen Fussabdruck gering. Diesen Grundsatz versuchen wir auf allen Ebenen einzuhalten, sei es beim Transport, der Verpackung, den Lagerbest\u00e4nden oder dem Energieverbrauch in unserem Studio.<\/p>\t\t\t\t\t<\/div>\n\t\t\t\t\t\t<\/div>\n\t\t\t\t<\/div>\n\t\t\t\t<div class=\"elementor-element elementor-element-236122b elementor-widget elementor-widget-heading\" data-id=\"236122b\" data-element_type=\"widget\" data-widget_type=\"heading.default\">\n\t\t\t\t<div class=\"elementor-widget-container\">\n\t\t\t<h2 class=\"elementor-heading-title elementor-size-default\">Langfristige Beziehungen basiert auf Ehrlichkeit und Respekt<\/h2>\t\t<\/div>\n\t\t\t\t<\/div>\n\t\t\t\t<div class=\"elementor-element elementor-element-9f09b4b elementor-widget elementor-widget-text-editor\" data-id=\"9f09b4b\" data-element_type=\"widget\" data-widget_type=\"text-editor.default\">\n\t\t\t\t<div class=\"elementor-widget-container\">\n\t\t\t\t\t\t\t\t<div class=\"elementor-text-editor elementor-clearfix\">\n\t\t\t\t<p>Unsere Zusammenarbeit, innerhalb unseres Teams sowie gegen\u00fcber unseren Kunden, Kooperationspartnern und der Gesellschaft im Allgemeinen, basiert auf Ehrlichkeit und Respekt. Wir gehen davon aus, dass jeder einen guten Job machen will und langfristige Beziehungen pflegen m\u00f6chte. Unser Team legt Wert auf harte Arbeit, es soll jedoch auch gen\u00fcgend Raum f\u00fcr die Erholung bleiben. Sollten wir in irgendeiner Situation diesem Versprechen nicht nachkommen, sag es uns bitte umgehend.<\/p>\t\t\t\t\t<\/div>\n\t\t\t\t\t\t<\/div>\n\t\t\t\t<\/div>\n\t\t\t\t\t\t<\/div>\n\t\t\t\t\t<\/div>\n\t\t<\/div>\n\t\t\t\t\t\t\t\t<\/div>\n\t\t\t\t\t<\/div>\n\t\t<\/section>\n\t\t\t\t\t\t\t\t\t<\/div>\n\t\t\t<\/div>\n\t\t\t\t\t<\/div>","protected":false},"excerpt":{"rendered":"<p>We do what we can to minimise the environmental impact of our jewellery. It is great that you found us and want to find out more \u2013 please get in touch if you have questions, we are always happy to hear from curious customers!&nbsp;Contact us. Responsible jewellery made from recycled materials With regards to our [&hellip;]<\/p>","protected":false},"author":2,"featured_media":0,"parent":145,"menu_order":0,"comment_status":"closed","ping_status":"closed","template":"","meta":[],"yoast_head":"<!-- This site is optimized with the Yoast SEO plugin v18.0 - https:\/\/yoast.com\/wordpress\/plugins\/seo\/ -->\n<title>Fairer und nachhaltiger Schmuck | JEWELS BY ANNA ANDR\u00c9N<\/title>\n<meta name=\"description\" content=\"Nachhaltiger Goldschmuck | handgefertigt in der Schweiz | Transparent | Umweltfreundlich | Fair \u25ba Besuch uns um mehr zu erfahren!\" \/>\n<meta name=\"robots\" content=\"index, follow, max-snippet:-1, max-image-preview:large, max-video-preview:-1\" \/>\n<link rel=\"canonical\" href=\"https:\/\/jewelsbyanna.ch\/de\/about\/fairer-nachhaltiger-schmuck\/\" \/>\n<meta property=\"og:locale\" content=\"de_DE\" \/>\n<meta property=\"og:type\" content=\"article\" \/>\n<meta property=\"og:title\" content=\"Fairer und nachhaltiger Schmuck | JEWELS BY ANNA ANDR\u00c9N\" \/>\n<meta property=\"og:description\" content=\"Nachhaltiger Goldschmuck | handgefertigt in der Schweiz | Transparent | Umweltfreundlich | Fair \u25ba Besuch uns um mehr zu erfahren!\" \/>\n<meta property=\"og:url\" content=\"https:\/\/jewelsbyanna.ch\/de\/about\/fairer-nachhaltiger-schmuck\/\" \/>\n<meta property=\"og:site_name\" content=\"JEWELS BY ANNA ANDR\u00c9N\" \/>\n<meta property=\"article:publisher\" content=\"https:\/\/www.facebook.com\/JewelsbyAnnaAndren\" \/>\n<meta property=\"article:modified_time\" content=\"2022-10-04T17:32:48+00:00\" \/>\n<meta property=\"og:image\" content=\"https:\/\/jewelsbyanna.ch\/wp-content\/uploads\/2021\/06\/New-Picture-to-use-for-Values-replaces-the-current-one_DSC0011.jpg\" \/>\n<meta name=\"twitter:card\" content=\"summary_large_image\" \/>\n<meta name=\"twitter:label1\" content=\"Est. reading time\" \/>\n\t<meta name=\"twitter:data1\" content=\"3 Minuten\" \/>\n<script type=\"application\/ld+json\" class=\"yoast-schema-graph\">{\"@context\":\"https:\/\/schema.org\",\"@graph\":[{\"@type\":\"Organization\",\"@id\":\"https:\/\/jewelsbyanna.ch\/#organization\",\"name\":\"Jewels by Anna Andr\u00e9n\",\"url\":\"https:\/\/jewelsbyanna.ch\/\",\"sameAs\":[\"https:\/\/www.facebook.com\/JewelsbyAnnaAndren\",\"https:\/\/www.instagram.com\/jewelsbyannaandren\/\"],\"logo\":{\"@type\":\"ImageObject\",\"@id\":\"https:\/\/jewelsbyanna.ch\/#logo\",\"inLanguage\":\"de-CH\",\"url\":\"https:\/\/jewelsbyanna.ch\/wp-content\/uploads\/2020\/11\/cropped-ANNA-Logo-JPEG-LQ.jpg\",\"contentUrl\":\"https:\/\/jewelsbyanna.ch\/wp-content\/uploads\/2020\/11\/cropped-ANNA-Logo-JPEG-LQ.jpg\",\"width\":512,\"height\":512,\"caption\":\"Jewels by Anna Andr\u00e9n\"},\"image\":{\"@id\":\"https:\/\/jewelsbyanna.ch\/#logo\"}},{\"@type\":\"WebSite\",\"@id\":\"https:\/\/jewelsbyanna.ch\/#website\",\"url\":\"https:\/\/jewelsbyanna.ch\/\",\"name\":\"Jewels by Anna Andr\u00e9n\",\"description\":\"Nachhaltiger Schmuck aus recyclierten Materialien\",\"publisher\":{\"@id\":\"https:\/\/jewelsbyanna.ch\/#organization\"},\"potentialAction\":[{\"@type\":\"SearchAction\",\"target\":{\"@type\":\"EntryPoint\",\"urlTemplate\":\"https:\/\/jewelsbyanna.ch\/?s={search_term_string}\"},\"query-input\":\"required name=search_term_string\"}],\"inLanguage\":\"de-CH\"},{\"@type\":\"ImageObject\",\"@id\":\"https:\/\/jewelsbyanna.ch\/about\/fairer-nachhaltiger-schmuck\/#primaryimage\",\"inLanguage\":\"de-CH\",\"url\":\"https:\/\/jewelsbyanna.ch\/wp-content\/uploads\/2021\/06\/New-Picture-to-use-for-Values-replaces-the-current-one_DSC0011.jpg\",\"contentUrl\":\"https:\/\/jewelsbyanna.ch\/wp-content\/uploads\/2021\/06\/New-Picture-to-use-for-Values-replaces-the-current-one_DSC0011.jpg\",\"width\":800,\"height\":531},{\"@type\":\"WebPage\",\"@id\":\"https:\/\/jewelsbyanna.ch\/about\/fairer-nachhaltiger-schmuck\/#webpage\",\"url\":\"https:\/\/jewelsbyanna.ch\/about\/fairer-nachhaltiger-schmuck\/\",\"name\":\"Fairer und nachhaltiger Schmuck | JEWELS BY ANNA ANDR\u00c9N\",\"isPartOf\":{\"@id\":\"https:\/\/jewelsbyanna.ch\/#website\"},\"primaryImageOfPage\":{\"@id\":\"https:\/\/jewelsbyanna.ch\/about\/fairer-nachhaltiger-schmuck\/#primaryimage\"},\"datePublished\":\"2020-11-17T10:13:32+00:00\",\"dateModified\":\"2022-10-04T17:32:48+00:00\",\"description\":\"Nachhaltiger Goldschmuck | handgefertigt in der Schweiz | Transparent | Umweltfreundlich | Fair \u25ba Besuch uns um mehr zu erfahren!\",\"breadcrumb\":{\"@id\":\"https:\/\/jewelsbyanna.ch\/about\/fairer-nachhaltiger-schmuck\/#breadcrumb\"},\"inLanguage\":\"de-CH\",\"potentialAction\":[{\"@type\":\"ReadAction\",\"target\":[\"https:\/\/jewelsbyanna.ch\/about\/fairer-nachhaltiger-schmuck\/\"]}]},{\"@type\":\"BreadcrumbList\",\"@id\":\"https:\/\/jewelsbyanna.ch\/about\/fairer-nachhaltiger-schmuck\/#breadcrumb\",\"itemListElement\":[{\"@type\":\"ListItem\",\"position\":1,\"name\":\"Home\",\"item\":\"https:\/\/jewelsbyanna.ch\/\"},{\"@type\":\"ListItem\",\"position\":2,\"name\":\"About\",\"item\":\"https:\/\/jewelsbyanna.ch\/about\/\"},{\"@type\":\"ListItem\",\"position\":3,\"name\":\"Fair and Responsible\"}]}]}<\/script>\n<!-- \/ Yoast SEO plugin. -->","yoast_head_json":{"title":"Fairer und nachhaltiger Schmuck | JEWELS BY ANNA ANDR\u00c9N","description":"Nachhaltiger Goldschmuck | handgefertigt in der Schweiz | Transparent | Umweltfreundlich | Fair \u25ba Besuch uns um mehr zu erfahren!","robots":{"index":"index","follow":"follow","max-snippet":"max-snippet:-1","max-image-preview":"max-image-preview:large","max-video-preview":"max-video-preview:-1"},"canonical":"https:\/\/jewelsbyanna.ch\/de\/about\/fairer-nachhaltiger-schmuck\/","og_locale":"de_DE","og_type":"article","og_title":"Fairer und nachhaltiger Schmuck | JEWELS BY ANNA ANDR\u00c9N","og_description":"Nachhaltiger Goldschmuck | handgefertigt in der Schweiz | Transparent | Umweltfreundlich | Fair \u25ba Besuch uns um mehr zu erfahren!","og_url":"https:\/\/jewelsbyanna.ch\/de\/about\/fairer-nachhaltiger-schmuck\/","og_site_name":"JEWELS BY ANNA ANDR\u00c9N","article_publisher":"https:\/\/www.facebook.com\/JewelsbyAnnaAndren","article_modified_time":"2022-10-04T17:32:48+00:00","og_image":[{"url":"https:\/\/jewelsbyanna.ch\/wp-content\/uploads\/2021\/06\/New-Picture-to-use-for-Values-replaces-the-current-one_DSC0011.jpg"}],"twitter_card":"summary_large_image","twitter_misc":{"Est. reading time":"3 Minuten"},"schema":{"@context":"https:\/\/schema.org","@graph":[{"@type":"Organization","@id":"https:\/\/jewelsbyanna.ch\/#organization","name":"Jewels by Anna Andr\u00e9n","url":"https:\/\/jewelsbyanna.ch\/","sameAs":["https:\/\/www.facebook.com\/JewelsbyAnnaAndren","https:\/\/www.instagram.com\/jewelsbyannaandren\/"],"logo":{"@type":"ImageObject","@id":"https:\/\/jewelsbyanna.ch\/#logo","inLanguage":"de-CH","url":"https:\/\/jewelsbyanna.ch\/wp-content\/uploads\/2020\/11\/cropped-ANNA-Logo-JPEG-LQ.jpg","contentUrl":"https:\/\/jewelsbyanna.ch\/wp-content\/uploads\/2020\/11\/cropped-ANNA-Logo-JPEG-LQ.jpg","width":512,"height":512,"caption":"Jewels by Anna Andr\u00e9n"},"image":{"@id":"https:\/\/jewelsbyanna.ch\/#logo"}},{"@type":"WebSite","@id":"https:\/\/jewelsbyanna.ch\/#website","url":"https:\/\/jewelsbyanna.ch\/","name":"Jewels by Anna Andr\u00e9n","description":"Nachhaltiger Schmuck aus recyclierten Materialien","publisher":{"@id":"https:\/\/jewelsbyanna.ch\/#organization"},"potentialAction":[{"@type":"SearchAction","target":{"@type":"EntryPoint","urlTemplate":"https:\/\/jewelsbyanna.ch\/?s={search_term_string}"},"query-input":"required name=search_term_string"}],"inLanguage":"de-CH"},{"@type":"ImageObject","@id":"https:\/\/jewelsbyanna.ch\/about\/fairer-nachhaltiger-schmuck\/#primaryimage","inLanguage":"de-CH","url":"https:\/\/jewelsbyanna.ch\/wp-content\/uploads\/2021\/06\/New-Picture-to-use-for-Values-replaces-the-current-one_DSC0011.jpg","contentUrl":"https:\/\/jewelsbyanna.ch\/wp-content\/uploads\/2021\/06\/New-Picture-to-use-for-Values-replaces-the-current-one_DSC0011.jpg","width":800,"height":531},{"@type":"WebPage","@id":"https:\/\/jewelsbyanna.ch\/about\/fairer-nachhaltiger-schmuck\/#webpage","url":"https:\/\/jewelsbyanna.ch\/about\/fairer-nachhaltiger-schmuck\/","name":"Fairer und nachhaltiger Schmuck | JEWELS BY ANNA ANDR\u00c9N","isPartOf":{"@id":"https:\/\/jewelsbyanna.ch\/#website"},"primaryImageOfPage":{"@id":"https:\/\/jewelsbyanna.ch\/about\/fairer-nachhaltiger-schmuck\/#primaryimage"},"datePublished":"2020-11-17T10:13:32+00:00","dateModified":"2022-10-04T17:32:48+00:00","description":"Nachhaltiger Goldschmuck | handgefertigt in der Schweiz | Transparent | Umweltfreundlich | Fair \u25ba Besuch uns um mehr zu erfahren!","breadcrumb":{"@id":"https:\/\/jewelsbyanna.ch\/about\/fairer-nachhaltiger-schmuck\/#breadcrumb"},"inLanguage":"de-CH","potentialAction":[{"@type":"ReadAction","target":["https:\/\/jewelsbyanna.ch\/about\/fairer-nachhaltiger-schmuck\/"]}]},{"@type":"BreadcrumbList","@id":"https:\/\/jewelsbyanna.ch\/about\/fairer-nachhaltiger-schmuck\/#breadcrumb","itemListElement":[{"@type":"ListItem","position":1,"name":"Home","item":"https:\/\/jewelsbyanna.ch\/"},{"@type":"ListItem","position":2,"name":"About","item":"https:\/\/jewelsbyanna.ch\/about\/"},{"@type":"ListItem","position":3,"name":"Fair and Responsible"}]}]}},"_links":{"self":[{"href":"https:\/\/jewelsbyanna.ch\/de\/wp-json\/wp\/v2\/pages\/165"}],"collection":[{"href":"https:\/\/jewelsbyanna.ch\/de\/wp-json\/wp\/v2\/pages"}],"about":[{"href":"https:\/\/jewelsbyanna.ch\/de\/wp-json\/wp\/v2\/types\/page"}],"author":[{"embeddable":true,"href":"https:\/\/jewelsbyanna.ch\/de\/wp-json\/wp\/v2\/users\/2"}],"replies":[{"embeddable":true,"href":"https:\/\/jewelsbyanna.ch\/de\/wp-json\/wp\/v2\/comments?post=165"}],"version-history":[{"count":111,"href":"https:\/\/jewelsbyanna.ch\/de\/wp-json\/wp\/v2\/pages\/165\/revisions"}],"predecessor-version":[{"id":3765,"href":"https:\/\/jewelsbyanna.ch\/de\/wp-json\/wp\/v2\/pages\/165\/revisions\/3765"}],"up":[{"embeddable":true,"href":"https:\/\/jewelsbyanna.ch\/de\/wp-json\/wp\/v2\/pages\/145"}],"wp:attachment":[{"href":"https:\/\/jewelsbyanna.ch\/de\/wp-json\/wp\/v2\/media?parent=165"}],"curies":[{"name":"wp","href":"https:\/\/api.w.org\/{rel}","templated":true}]}}