{"id":155,"date":"2020-11-17T11:12:19","date_gmt":"2020-11-17T10:12:19","guid":{"rendered":"https:\/\/jewelsbyanna.ch\/?page_id=155"},"modified":"2022-10-04T19:39:56","modified_gmt":"2022-10-04T17:39:56","slug":"schmuck-schwedisches-design","status":"publish","type":"page","link":"https:\/\/jewelsbyanna.ch\/de\/about\/schmuck-schwedisches-design\/","title":{"rendered":"Schmuck Schwedisches Design"},"content":{"rendered":"<div data-elementor-type=\"wp-page\" data-elementor-id=\"155\" class=\"elementor elementor-155\">\n\t\t\t\t\t\t<div class=\"elementor-inner\">\n\t\t\t\t<div class=\"elementor-section-wrap\">\n\t\t\t\t\t\t\t\t\t<section class=\"elementor-section elementor-top-section elementor-element elementor-element-398870f1 elementor-section-boxed elementor-section-height-default elementor-section-height-default\" data-id=\"398870f1\" data-element_type=\"section\">\n\t\t\t\t\t\t<div class=\"elementor-container elementor-column-gap-default\">\n\t\t\t\t\t\t\t<div class=\"elementor-row\">\n\t\t\t\t\t<div class=\"elementor-column elementor-col-100 elementor-top-column elementor-element elementor-element-697be72a\" data-id=\"697be72a\" data-element_type=\"column\">\n\t\t\t<div class=\"elementor-column-wrap elementor-element-populated\">\n\t\t\t\t\t\t\t<div class=\"elementor-widget-wrap\">\n\t\t\t\t\t\t<div class=\"elementor-element elementor-element-5e86cc60 elementor-widget elementor-widget-image\" data-id=\"5e86cc60\" data-element_type=\"widget\" data-widget_type=\"image.default\">\n\t\t\t\t<div class=\"elementor-widget-container\">\n\t\t\t\t\t\t\t\t<div class=\"elementor-image\">\n\t\t\t\t\t\t\t\t\t<figure class=\"wp-caption\">\n\t\t\t\t\t\t\t\t\t\t<img width=\"749\" height=\"562\" src=\"https:\/\/jewelsbyanna.ch\/wp-content\/uploads\/2021\/05\/DESIGN-PHILOSOPHY-TOP-PICTURE-Jag-uppifra\u030an-rotated.jpg\" class=\"attachment-large size-large\" alt=\"\" loading=\"lazy\" srcset=\"https:\/\/jewelsbyanna.ch\/wp-content\/uploads\/2021\/05\/DESIGN-PHILOSOPHY-TOP-PICTURE-Jag-uppifra\u030an-rotated.jpg 749w, https:\/\/jewelsbyanna.ch\/wp-content\/uploads\/2021\/05\/DESIGN-PHILOSOPHY-TOP-PICTURE-Jag-uppifra\u030an-300x225.jpg 300w, https:\/\/jewelsbyanna.ch\/wp-content\/uploads\/2021\/05\/DESIGN-PHILOSOPHY-TOP-PICTURE-Jag-uppifra\u030an-600x450.jpg 600w\" sizes=\"(max-width: 749px) 100vw, 749px\" \/>\t\t\t\t\t\t\t\t\t\t\t<figcaption class=\"widget-image-caption wp-caption-text\">Gute Qualit\u00e4t wird durch erfahrene H\u00e4nde garantiert, Anna in unserem Studio in Zug<\/figcaption>\n\t\t\t\t\t\t\t\t\t\t<\/figure>\n\t\t\t\t\t\t\t\t<\/div>\n\t\t\t\t\t\t<\/div>\n\t\t\t\t<\/div>\n\t\t\t\t<div class=\"elementor-element elementor-element-48db27ef elementor-widget elementor-widget-text-editor\" data-id=\"48db27ef\" data-element_type=\"widget\" data-widget_type=\"text-editor.default\">\n\t\t\t\t<div class=\"elementor-widget-container\">\n\t\t\t\t\t\t\t\t<div class=\"elementor-text-editor elementor-clearfix\">\n\t\t\t\t<p>Alle unsere Schmuckst\u00fccke sind von der Natur inspiriert und von Anna entworfen, unserer hauseigenen schweizerisch-schwedischen Juwelierin und Designerin, der Gr\u00fcnderin unseres Unternehmens. Anna kommt aus Schweden und entwirft skandinavischen Designerschmuck mit schlichten Formen, aber mit einer exklusiven Designsprache. Ihre Designphilosophie und ihr Stil basieren auf Anmut und Langlebigkeit, ihre Schmuckst\u00fccke sind modern, basieren jedoch auf schwedischer Design-Tradition. Ihre Entw\u00fcrfe sind \u00fcber Jahrzehnte zu tragen und k\u00f6nnen, wenn n\u00f6tig, repariert oder neu gefertigt werden. Anna bevorzugt zirkul\u00e4res Produktion mit recycelten Materialien und sieht die Wahl der Materialbeschaffung als Teil des Designs.<\/p>\t\t\t\t\t<\/div>\n\t\t\t\t\t\t<\/div>\n\t\t\t\t<\/div>\n\t\t\t\t<div class=\"elementor-element elementor-element-7ed1c6eb elementor-widget elementor-widget-heading\" data-id=\"7ed1c6eb\" data-element_type=\"widget\" data-widget_type=\"heading.default\">\n\t\t\t\t<div class=\"elementor-widget-container\">\n\t\t\t<h2 class=\"elementor-heading-title elementor-size-default\">LANGANHALTENDE FREUDE AN SKANDINAVISCHEM SCHMUCK <\/h2>\t\t<\/div>\n\t\t\t\t<\/div>\n\t\t\t\t<div class=\"elementor-element elementor-element-76820945 elementor-widget elementor-widget-text-editor\" data-id=\"76820945\" data-element_type=\"widget\" data-widget_type=\"text-editor.default\">\n\t\t\t\t<div class=\"elementor-widget-container\">\n\t\t\t\t\t\t\t\t<div class=\"elementor-text-editor elementor-clearfix\">\n\t\t\t\t<p>Alle Schmuckst\u00fccke von Anna Andr\u00e9n, sei es Ringe, Armb\u00e4nder, Ohrringe oder Halsketten, k\u00f6nnen lange getragen, weggelegt und wieder getragen werden: Hoffentlich auch von einem Freund oder der n\u00e4chsten Generation, da dies die Nachhaltigkeit steigert. Das bedeutet auch, dass die St\u00fccke beim Besitzer ein Zuhause finden und von Spuren dessen Leben gepr\u00e4gt sind. Jedes Produkt von Jewels by Anna Andr\u00e9n kann repariert und wieder aufpoliert werden. Ringe k\u00f6nnen vergr\u00f6ssert oder verkleinert werden und verlorene Steine, Perlen oder Diamanten k\u00f6nnen ersetzt werden. Alle unsere Schmuckst\u00fccke k\u00f6nnen mit bereits vorhandenen St\u00fccken getragen oder in zahlreichen Variationen kombiniert werden. Unsere Ringe sind perfekt f\u00fcr einen Verlobungs- und\/oder Ehering sowie ein Geschenk an sich selbst oder einen geliebten Menschen. Unser Label bietet sowohl kleine Kollektionen (schau im\u00a0<a href=\"https:\/\/jewelsbyanna.ch\/de\/shop\/\" target=\"_blank\" rel=\"noopener\">Webshop<\/a>), wie auch massgeschneiderte Schmuckst\u00fccke an.<\/p>\t\t\t\t\t<\/div>\n\t\t\t\t\t\t<\/div>\n\t\t\t\t<\/div>\n\t\t\t\t<div class=\"elementor-element elementor-element-3bb3a10 elementor-widget elementor-widget-heading\" data-id=\"3bb3a10\" data-element_type=\"widget\" data-widget_type=\"heading.default\">\n\t\t\t\t<div class=\"elementor-widget-container\">\n\t\t\t<h2 class=\"elementor-heading-title elementor-size-default\">GUTE MATERIALAUSWAHL ALS TEIL DES MODERNEN SCHMUCKDESIGNS <\/h2>\t\t<\/div>\n\t\t\t\t<\/div>\n\t\t\t\t<div class=\"elementor-element elementor-element-156bd68b elementor-widget elementor-widget-text-editor\" data-id=\"156bd68b\" data-element_type=\"widget\" data-widget_type=\"text-editor.default\">\n\t\t\t\t<div class=\"elementor-widget-container\">\n\t\t\t\t\t\t\t\t<div class=\"elementor-text-editor elementor-clearfix\">\n\t\t\t\t<p>Langlebigkeit tr\u00e4gt zur Nachhaltigkeit bei, ebenso wie die verwendeten Rohstoffe und ihre Herkunft. Anna hat diesbez\u00fcglich klare Vorstellungen: \"Ich m\u00f6chte eine gute Materialauswahl und hochwertiges Handwerk in meine Entw\u00fcrfe integrieren. So hoffe ich, zur dauerhaften Freude unserer Kunden und einer nachhaltigen Entwicklung in der Schmuckindustrie beizutragen.\" Recyceltes Gold oder Silber sind ihre Lieblingsmaterialien.<\/p><p>Bei Jewels by Anna Andr\u00e9n vermeiden wir unsichere Material- und Produktionsquellen. Wir kaufen unsere Edelmetalle bei einen zertifizierten Lieferanten, Oekogold, ein. Wir sehen eine Chance in der Herstellung kleinerer Serien, basierend auf den Diamanten, die aus Vintage-Schmuck oder Uhren gerettet wurden, bevor das Gold eingeschmolzen wurde oder auf Schweizer Steinen, welche im Kanton Uri gesammelt wurden.<\/p>\t\t\t\t\t<\/div>\n\t\t\t\t\t\t<\/div>\n\t\t\t\t<\/div>\n\t\t\t\t<div class=\"elementor-element elementor-element-51ced8c elementor-widget elementor-widget-text-editor\" data-id=\"51ced8c\" data-element_type=\"widget\" data-widget_type=\"text-editor.default\">\n\t\t\t\t<div class=\"elementor-widget-container\">\n\t\t\t\t\t\t\t\t<div class=\"elementor-text-editor elementor-clearfix\">\n\t\t\t\t<p><span style=\"color: var( --e-global-color-text );\">Als Designerin findet Anna, dass die untenstehenden, essentiellen Fragen alle mit Ja beantwortet werden sollten:<\/span><br><\/p>\n<ul>\n<li>Materialherkunft - Kommen die Materialien im Schmuckst\u00fcck aus ethisch und \u00f6kologisch vertretbaren Quellen?<\/li>\n<li>Design - Ist das Design pers\u00f6nlich und zeitlos genug, so dass die Kundin oder der Kunde lange an diesem Schmuckst\u00fcck Freude haben wird?<\/li>\n<li>Qualit\u00e4t - H\u00e4lt das Design rein technisch f\u00fcr eine lange Zeit?<\/li>\n<li>Arbeitsverh\u00e4ltnisse - Haben alle, die in den Herstellungsprozess involviert waren, unter fairen Arbeitsbedingungen gearbeitet? Sozialleistungen, Ferien und einen angemessene Lohn erhalten?<\/li>\n<li>Zirkularit\u00e4t - Kann das Schmuckst\u00fcck neu poliert, repariert und schliesslich recycelt werden?<\/li>\n<\/ul>\t\t\t\t\t<\/div>\n\t\t\t\t\t\t<\/div>\n\t\t\t\t<\/div>\n\t\t\t\t<div class=\"elementor-element elementor-element-38076a53 elementor-widget elementor-widget-heading\" data-id=\"38076a53\" data-element_type=\"widget\" data-widget_type=\"heading.default\">\n\t\t\t\t<div class=\"elementor-widget-container\">\n\t\t\t<h2 class=\"elementor-heading-title elementor-size-default\">NORDISCHE FORM UND FUNKTION, DESIGN F\u00dcR DAS UNBEKANNTE<\/h2>\t\t<\/div>\n\t\t\t\t<\/div>\n\t\t\t\t<div class=\"elementor-element elementor-element-531d9a3c elementor-widget elementor-widget-text-editor\" data-id=\"531d9a3c\" data-element_type=\"widget\" data-widget_type=\"text-editor.default\">\n\t\t\t\t<div class=\"elementor-widget-container\">\n\t\t\t\t\t\t\t\t<div class=\"elementor-text-editor elementor-clearfix\">\n\t\t\t\t<p>Da Anna mit Diamanten aus altem und bereits existierendem Schmuck arbeiten m\u00f6chte, sind ihr Designs und Formen bewusst flexibel genug, um unterschiedlich grosse Diamanten verarbeiten zu k\u00f6nnen, je nach Verf\u00fcgbarkeit und Kundensteine. Normalerweise ist moderner Diamantschmuck mit einer vordefinierten Steingr\u00f6sse gestaltet, da neu abgebaute Steine kalibriert, d.h. mit exakten Massen, bestellt werden k\u00f6nnen. Anna baut auch gern alte Schmuckst\u00fccke um \u2013 aus einer alten Kette entsteht ein paar neue Ohrringe, aus einem Ring wird ein Anh\u00e4nger und aus einer Halskette ein Armband.<\/p>\t\t\t\t\t<\/div>\n\t\t\t\t\t\t<\/div>\n\t\t\t\t<\/div>\n\t\t\t\t<div class=\"elementor-element elementor-element-88d6a36 elementor-widget elementor-widget-image\" data-id=\"88d6a36\" data-element_type=\"widget\" data-widget_type=\"image.default\">\n\t\t\t\t<div class=\"elementor-widget-container\">\n\t\t\t\t\t\t\t\t<div class=\"elementor-image\">\n\t\t\t\t\t\t\t\t\t<figure class=\"wp-caption\">\n\t\t\t\t\t\t\t\t\t\t<img width=\"549\" height=\"800\" src=\"https:\/\/jewelsbyanna.ch\/wp-content\/uploads\/2021\/03\/Photo-bottom-of-DESIGN-PHILOSOPHY-6G9A0149-Redigera-copy-2.jpg\" class=\"attachment-large size-large\" alt=\"\" loading=\"lazy\" srcset=\"https:\/\/jewelsbyanna.ch\/wp-content\/uploads\/2021\/03\/Photo-bottom-of-DESIGN-PHILOSOPHY-6G9A0149-Redigera-copy-2.jpg 549w, https:\/\/jewelsbyanna.ch\/wp-content\/uploads\/2021\/03\/Photo-bottom-of-DESIGN-PHILOSOPHY-6G9A0149-Redigera-copy-2-206x300.jpg 206w\" sizes=\"(max-width: 549px) 100vw, 549px\" \/>\t\t\t\t\t\t\t\t\t\t\t<figcaption class=\"widget-image-caption wp-caption-text\">\"Die Schmuckproduktion ist eine erstaunliche Mischung aus einem nach innen gerichtetem Fokus auf Details und einem Blick nach Aussen auf die Menschen und die Gesellschaft, in der wir leben.\" Foto aufgenommen im Archipel n\u00f6rdlich von G\u00f6teborg<\/figcaption>\n\t\t\t\t\t\t\t\t\t\t<\/figure>\n\t\t\t\t\t\t\t\t<\/div>\n\t\t\t\t\t\t<\/div>\n\t\t\t\t<\/div>\n\t\t\t\t\t\t<\/div>\n\t\t\t\t\t<\/div>\n\t\t<\/div>\n\t\t\t\t\t\t\t\t<\/div>\n\t\t\t\t\t<\/div>\n\t\t<\/section>\n\t\t\t\t\t\t\t\t\t<\/div>\n\t\t\t<\/div>\n\t\t\t\t\t<\/div>","protected":false},"excerpt":{"rendered":"<p>Quality ensured by experienced hands and thoughtfulness, Anna in the studio in Zug. Our jewellery is inspired by nature and designed by Anna, our in-house Swiss-Swedish jeweller and designer, the founder of our company. Anna comes from Sweden and creates Scandinavian designer jewellery with simple shapes, but with an exclusive design language. Her design philosophy [&hellip;]<\/p>","protected":false},"author":2,"featured_media":0,"parent":145,"menu_order":0,"comment_status":"closed","ping_status":"closed","template":"","meta":[],"yoast_head":"<!-- This site is optimized with the Yoast SEO plugin v18.0 - https:\/\/yoast.com\/wordpress\/plugins\/seo\/ -->\n<title>Schmuck schwedisches Design | JEWELS BY ANNA ANDR\u00c9N<\/title>\n<meta name=\"description\" content=\"Hochwertiger Schmuck im schwedischen Design | Inspiration aus der Natur | handgefertigt | individuell entworfen | Goldschmiedin in Zug\" \/>\n<meta name=\"robots\" content=\"index, follow, max-snippet:-1, max-image-preview:large, max-video-preview:-1\" \/>\n<link rel=\"canonical\" href=\"https:\/\/jewelsbyanna.ch\/de\/about\/schmuck-schwedisches-design\/\" \/>\n<meta property=\"og:locale\" content=\"de_DE\" \/>\n<meta property=\"og:type\" content=\"article\" \/>\n<meta property=\"og:title\" content=\"Schmuck schwedisches Design | JEWELS BY ANNA ANDR\u00c9N\" \/>\n<meta property=\"og:description\" content=\"Hochwertiger Schmuck im schwedischen Design | Inspiration aus der Natur | handgefertigt | individuell entworfen | Goldschmiedin in Zug\" \/>\n<meta property=\"og:url\" content=\"https:\/\/jewelsbyanna.ch\/de\/about\/schmuck-schwedisches-design\/\" \/>\n<meta property=\"og:site_name\" content=\"JEWELS BY ANNA ANDR\u00c9N\" \/>\n<meta property=\"article:publisher\" content=\"https:\/\/www.facebook.com\/JewelsbyAnnaAndren\" \/>\n<meta property=\"article:modified_time\" content=\"2022-10-04T17:39:56+00:00\" \/>\n<meta property=\"og:image\" content=\"https:\/\/jewelsbyanna.ch\/wp-content\/uploads\/2021\/05\/DESIGN-PHILOSOPHY-TOP-PICTURE-Jag-uppifra\u030an-rotated.jpg\" \/>\n<meta name=\"twitter:card\" content=\"summary_large_image\" \/>\n<meta name=\"twitter:label1\" content=\"Est. reading time\" \/>\n\t<meta name=\"twitter:data1\" content=\"4 Minuten\" \/>\n<script type=\"application\/ld+json\" class=\"yoast-schema-graph\">{\"@context\":\"https:\/\/schema.org\",\"@graph\":[{\"@type\":\"Organization\",\"@id\":\"https:\/\/jewelsbyanna.ch\/#organization\",\"name\":\"Jewels by Anna Andr\u00e9n\",\"url\":\"https:\/\/jewelsbyanna.ch\/\",\"sameAs\":[\"https:\/\/www.facebook.com\/JewelsbyAnnaAndren\",\"https:\/\/www.instagram.com\/jewelsbyannaandren\/\"],\"logo\":{\"@type\":\"ImageObject\",\"@id\":\"https:\/\/jewelsbyanna.ch\/#logo\",\"inLanguage\":\"de-CH\",\"url\":\"https:\/\/jewelsbyanna.ch\/wp-content\/uploads\/2020\/11\/cropped-ANNA-Logo-JPEG-LQ.jpg\",\"contentUrl\":\"https:\/\/jewelsbyanna.ch\/wp-content\/uploads\/2020\/11\/cropped-ANNA-Logo-JPEG-LQ.jpg\",\"width\":512,\"height\":512,\"caption\":\"Jewels by Anna Andr\u00e9n\"},\"image\":{\"@id\":\"https:\/\/jewelsbyanna.ch\/#logo\"}},{\"@type\":\"WebSite\",\"@id\":\"https:\/\/jewelsbyanna.ch\/#website\",\"url\":\"https:\/\/jewelsbyanna.ch\/\",\"name\":\"Jewels by Anna Andr\u00e9n\",\"description\":\"Nachhaltiger Schmuck aus recyclierten Materialien\",\"publisher\":{\"@id\":\"https:\/\/jewelsbyanna.ch\/#organization\"},\"potentialAction\":[{\"@type\":\"SearchAction\",\"target\":{\"@type\":\"EntryPoint\",\"urlTemplate\":\"https:\/\/jewelsbyanna.ch\/?s={search_term_string}\"},\"query-input\":\"required name=search_term_string\"}],\"inLanguage\":\"de-CH\"},{\"@type\":\"ImageObject\",\"@id\":\"https:\/\/jewelsbyanna.ch\/about\/schmuck-schwedisches-design\/#primaryimage\",\"inLanguage\":\"de-CH\",\"url\":\"https:\/\/jewelsbyanna.ch\/wp-content\/uploads\/2021\/05\/DESIGN-PHILOSOPHY-TOP-PICTURE-Jag-uppifra\u030an-rotated.jpg\",\"contentUrl\":\"https:\/\/jewelsbyanna.ch\/wp-content\/uploads\/2021\/05\/DESIGN-PHILOSOPHY-TOP-PICTURE-Jag-uppifra\u030an-rotated.jpg\",\"width\":749,\"height\":562},{\"@type\":\"WebPage\",\"@id\":\"https:\/\/jewelsbyanna.ch\/about\/schmuck-schwedisches-design\/#webpage\",\"url\":\"https:\/\/jewelsbyanna.ch\/about\/schmuck-schwedisches-design\/\",\"name\":\"Schmuck schwedisches Design | JEWELS BY ANNA ANDR\u00c9N\",\"isPartOf\":{\"@id\":\"https:\/\/jewelsbyanna.ch\/#website\"},\"primaryImageOfPage\":{\"@id\":\"https:\/\/jewelsbyanna.ch\/about\/schmuck-schwedisches-design\/#primaryimage\"},\"datePublished\":\"2020-11-17T10:12:19+00:00\",\"dateModified\":\"2022-10-04T17:39:56+00:00\",\"description\":\"Hochwertiger Schmuck im schwedischen Design | Inspiration aus der Natur | handgefertigt | individuell entworfen | Goldschmiedin in Zug\",\"breadcrumb\":{\"@id\":\"https:\/\/jewelsbyanna.ch\/about\/schmuck-schwedisches-design\/#breadcrumb\"},\"inLanguage\":\"de-CH\",\"potentialAction\":[{\"@type\":\"ReadAction\",\"target\":[\"https:\/\/jewelsbyanna.ch\/about\/schmuck-schwedisches-design\/\"]}]},{\"@type\":\"BreadcrumbList\",\"@id\":\"https:\/\/jewelsbyanna.ch\/about\/schmuck-schwedisches-design\/#breadcrumb\",\"itemListElement\":[{\"@type\":\"ListItem\",\"position\":1,\"name\":\"Home\",\"item\":\"https:\/\/jewelsbyanna.ch\/\"},{\"@type\":\"ListItem\",\"position\":2,\"name\":\"About\",\"item\":\"https:\/\/jewelsbyanna.ch\/about\/\"},{\"@type\":\"ListItem\",\"position\":3,\"name\":\"Swedish Design Jewellery\"}]}]}<\/script>\n<!-- \/ Yoast SEO plugin. -->","yoast_head_json":{"title":"Schmuck schwedisches Design | JEWELS BY ANNA ANDR\u00c9N","description":"Hochwertiger Schmuck im schwedischen Design | Inspiration aus der Natur | handgefertigt | individuell entworfen | Goldschmiedin in Zug","robots":{"index":"index","follow":"follow","max-snippet":"max-snippet:-1","max-image-preview":"max-image-preview:large","max-video-preview":"max-video-preview:-1"},"canonical":"https:\/\/jewelsbyanna.ch\/de\/about\/schmuck-schwedisches-design\/","og_locale":"de_DE","og_type":"article","og_title":"Schmuck schwedisches Design | JEWELS BY ANNA ANDR\u00c9N","og_description":"Hochwertiger Schmuck im schwedischen Design | Inspiration aus der Natur | handgefertigt | individuell entworfen | Goldschmiedin in Zug","og_url":"https:\/\/jewelsbyanna.ch\/de\/about\/schmuck-schwedisches-design\/","og_site_name":"JEWELS BY ANNA ANDR\u00c9N","article_publisher":"https:\/\/www.facebook.com\/JewelsbyAnnaAndren","article_modified_time":"2022-10-04T17:39:56+00:00","og_image":[{"url":"https:\/\/jewelsbyanna.ch\/wp-content\/uploads\/2021\/05\/DESIGN-PHILOSOPHY-TOP-PICTURE-Jag-uppifra\u030an-rotated.jpg"}],"twitter_card":"summary_large_image","twitter_misc":{"Est. reading time":"4 Minuten"},"schema":{"@context":"https:\/\/schema.org","@graph":[{"@type":"Organization","@id":"https:\/\/jewelsbyanna.ch\/#organization","name":"Jewels by Anna Andr\u00e9n","url":"https:\/\/jewelsbyanna.ch\/","sameAs":["https:\/\/www.facebook.com\/JewelsbyAnnaAndren","https:\/\/www.instagram.com\/jewelsbyannaandren\/"],"logo":{"@type":"ImageObject","@id":"https:\/\/jewelsbyanna.ch\/#logo","inLanguage":"de-CH","url":"https:\/\/jewelsbyanna.ch\/wp-content\/uploads\/2020\/11\/cropped-ANNA-Logo-JPEG-LQ.jpg","contentUrl":"https:\/\/jewelsbyanna.ch\/wp-content\/uploads\/2020\/11\/cropped-ANNA-Logo-JPEG-LQ.jpg","width":512,"height":512,"caption":"Jewels by Anna Andr\u00e9n"},"image":{"@id":"https:\/\/jewelsbyanna.ch\/#logo"}},{"@type":"WebSite","@id":"https:\/\/jewelsbyanna.ch\/#website","url":"https:\/\/jewelsbyanna.ch\/","name":"Jewels by Anna Andr\u00e9n","description":"Nachhaltiger Schmuck aus recyclierten Materialien","publisher":{"@id":"https:\/\/jewelsbyanna.ch\/#organization"},"potentialAction":[{"@type":"SearchAction","target":{"@type":"EntryPoint","urlTemplate":"https:\/\/jewelsbyanna.ch\/?s={search_term_string}"},"query-input":"required name=search_term_string"}],"inLanguage":"de-CH"},{"@type":"ImageObject","@id":"https:\/\/jewelsbyanna.ch\/about\/schmuck-schwedisches-design\/#primaryimage","inLanguage":"de-CH","url":"https:\/\/jewelsbyanna.ch\/wp-content\/uploads\/2021\/05\/DESIGN-PHILOSOPHY-TOP-PICTURE-Jag-uppifra\u030an-rotated.jpg","contentUrl":"https:\/\/jewelsbyanna.ch\/wp-content\/uploads\/2021\/05\/DESIGN-PHILOSOPHY-TOP-PICTURE-Jag-uppifra\u030an-rotated.jpg","width":749,"height":562},{"@type":"WebPage","@id":"https:\/\/jewelsbyanna.ch\/about\/schmuck-schwedisches-design\/#webpage","url":"https:\/\/jewelsbyanna.ch\/about\/schmuck-schwedisches-design\/","name":"Schmuck schwedisches Design | JEWELS BY ANNA ANDR\u00c9N","isPartOf":{"@id":"https:\/\/jewelsbyanna.ch\/#website"},"primaryImageOfPage":{"@id":"https:\/\/jewelsbyanna.ch\/about\/schmuck-schwedisches-design\/#primaryimage"},"datePublished":"2020-11-17T10:12:19+00:00","dateModified":"2022-10-04T17:39:56+00:00","description":"Hochwertiger Schmuck im schwedischen Design | Inspiration aus der Natur | handgefertigt | individuell entworfen | Goldschmiedin in Zug","breadcrumb":{"@id":"https:\/\/jewelsbyanna.ch\/about\/schmuck-schwedisches-design\/#breadcrumb"},"inLanguage":"de-CH","potentialAction":[{"@type":"ReadAction","target":["https:\/\/jewelsbyanna.ch\/about\/schmuck-schwedisches-design\/"]}]},{"@type":"BreadcrumbList","@id":"https:\/\/jewelsbyanna.ch\/about\/schmuck-schwedisches-design\/#breadcrumb","itemListElement":[{"@type":"ListItem","position":1,"name":"Home","item":"https:\/\/jewelsbyanna.ch\/"},{"@type":"ListItem","position":2,"name":"About","item":"https:\/\/jewelsbyanna.ch\/about\/"},{"@type":"ListItem","position":3,"name":"Swedish Design Jewellery"}]}]}},"_links":{"self":[{"href":"https:\/\/jewelsbyanna.ch\/de\/wp-json\/wp\/v2\/pages\/155"}],"collection":[{"href":"https:\/\/jewelsbyanna.ch\/de\/wp-json\/wp\/v2\/pages"}],"about":[{"href":"https:\/\/jewelsbyanna.ch\/de\/wp-json\/wp\/v2\/types\/page"}],"author":[{"embeddable":true,"href":"https:\/\/jewelsbyanna.ch\/de\/wp-json\/wp\/v2\/users\/2"}],"replies":[{"embeddable":true,"href":"https:\/\/jewelsbyanna.ch\/de\/wp-json\/wp\/v2\/comments?post=155"}],"version-history":[{"count":120,"href":"https:\/\/jewelsbyanna.ch\/de\/wp-json\/wp\/v2\/pages\/155\/revisions"}],"predecessor-version":[{"id":3772,"href":"https:\/\/jewelsbyanna.ch\/de\/wp-json\/wp\/v2\/pages\/155\/revisions\/3772"}],"up":[{"embeddable":true,"href":"https:\/\/jewelsbyanna.ch\/de\/wp-json\/wp\/v2\/pages\/145"}],"wp:attachment":[{"href":"https:\/\/jewelsbyanna.ch\/de\/wp-json\/wp\/v2\/media?parent=155"}],"curies":[{"name":"wp","href":"https:\/\/api.w.org\/{rel}","templated":true}]}}