{"id":150,"date":"2020-11-17T11:11:16","date_gmt":"2020-11-17T10:11:16","guid":{"rendered":"https:\/\/jewelsbyanna.ch\/?page_id=150"},"modified":"2022-10-04T19:18:52","modified_gmt":"2022-10-04T17:18:52","slug":"schweizer-handarbeit","status":"publish","type":"page","link":"https:\/\/jewelsbyanna.ch\/de\/about\/schweizer-handarbeit\/","title":{"rendered":"In der Schweiz hergestellt aus recycelten Materialien"},"content":{"rendered":"<div data-elementor-type=\"wp-page\" data-elementor-id=\"150\" class=\"elementor elementor-150\">\n\t\t\t\t\t\t<div class=\"elementor-inner\">\n\t\t\t\t<div class=\"elementor-section-wrap\">\n\t\t\t\t\t\t\t\t\t<section class=\"elementor-section elementor-top-section elementor-element elementor-element-54bf61f3 elementor-section-boxed elementor-section-height-default elementor-section-height-default\" data-id=\"54bf61f3\" data-element_type=\"section\">\n\t\t\t\t\t\t<div class=\"elementor-container elementor-column-gap-default\">\n\t\t\t\t\t\t\t<div class=\"elementor-row\">\n\t\t\t\t\t<div class=\"elementor-column elementor-col-100 elementor-top-column elementor-element elementor-element-4e4d9a3e\" data-id=\"4e4d9a3e\" data-element_type=\"column\">\n\t\t\t<div class=\"elementor-column-wrap elementor-element-populated\">\n\t\t\t\t\t\t\t<div class=\"elementor-widget-wrap\">\n\t\t\t\t\t\t<div class=\"elementor-element elementor-element-33fb27aa elementor-widget elementor-widget-image\" data-id=\"33fb27aa\" data-element_type=\"widget\" data-widget_type=\"image.default\">\n\t\t\t\t<div class=\"elementor-widget-container\">\n\t\t\t\t\t\t\t\t<div class=\"elementor-image\">\n\t\t\t\t\t\t\t\t\t<figure class=\"wp-caption\">\n\t\t\t\t\t\t\t\t\t\t<img width=\"800\" height=\"511\" src=\"https:\/\/jewelsbyanna.ch\/wp-content\/uploads\/2021\/06\/Mirrored-and-lighter-Picture-to-use-for-Sourcing-replaces-the-current-one-again_DSC6170-2.jpg\" class=\"attachment-large size-large\" alt=\"Simply Mindful Ring Recycled Gold with Reclaimed Diamonds, Ringe aus rezykliertem Ros\u00e9gold mit zur\u00fcckgewonnenen Diamanten\" loading=\"lazy\" srcset=\"https:\/\/jewelsbyanna.ch\/wp-content\/uploads\/2021\/06\/Mirrored-and-lighter-Picture-to-use-for-Sourcing-replaces-the-current-one-again_DSC6170-2.jpg 800w, https:\/\/jewelsbyanna.ch\/wp-content\/uploads\/2021\/06\/Mirrored-and-lighter-Picture-to-use-for-Sourcing-replaces-the-current-one-again_DSC6170-2-300x192.jpg 300w, https:\/\/jewelsbyanna.ch\/wp-content\/uploads\/2021\/06\/Mirrored-and-lighter-Picture-to-use-for-Sourcing-replaces-the-current-one-again_DSC6170-2-768x491.jpg 768w, https:\/\/jewelsbyanna.ch\/wp-content\/uploads\/2021\/06\/Mirrored-and-lighter-Picture-to-use-for-Sourcing-replaces-the-current-one-again_DSC6170-2-600x383.jpg 600w\" sizes=\"(max-width: 800px) 100vw, 800px\" \/>\t\t\t\t\t\t\t\t\t\t\t<figcaption class=\"widget-image-caption wp-caption-text\"><\/figcaption>\n\t\t\t\t\t\t\t\t\t\t<\/figure>\n\t\t\t\t\t\t\t\t<\/div>\n\t\t\t\t\t\t<\/div>\n\t\t\t\t<\/div>\n\t\t\t\t<div class=\"elementor-element elementor-element-6f507df6 elementor-widget elementor-widget-text-editor\" data-id=\"6f507df6\" data-element_type=\"widget\" data-widget_type=\"text-editor.default\">\n\t\t\t\t<div class=\"elementor-widget-container\">\n\t\t\t\t\t\t\t\t<div class=\"elementor-text-editor elementor-clearfix\">\n\t\t\t\t<p>Wir wollen auf unsere Ressourcen achten und mit Rohstoffen arbeiten, die bereits im Umlauf sind. Unsere Edelmetalle werden rezykliert und die Steine in der Schweiz zur\u00fcckgewonnen oder gefunden. Bei Jewels by Anna Andr\u00e9n minimieren wir die Umweltauswirkungen unserer Produkte, indem wir sie f\u00fcr den Langzeitgebrauch entwerfen und den Rohstoffabbau vermindern.<\/p>\t\t\t\t\t<\/div>\n\t\t\t\t\t\t<\/div>\n\t\t\t\t<\/div>\n\t\t\t\t<div class=\"elementor-element elementor-element-7c707ad elementor-widget elementor-widget-heading\" data-id=\"7c707ad\" data-element_type=\"widget\" data-widget_type=\"heading.default\">\n\t\t\t\t<div class=\"elementor-widget-container\">\n\t\t\t<h2 class=\"elementor-heading-title elementor-size-default\">Schweizer Handwerkskunst<\/h2>\t\t<\/div>\n\t\t\t\t<\/div>\n\t\t\t\t<div class=\"elementor-element elementor-element-9b7f942 elementor-widget elementor-widget-text-editor\" data-id=\"9b7f942\" data-element_type=\"widget\" data-widget_type=\"text-editor.default\">\n\t\t\t\t<div class=\"elementor-widget-container\">\n\t\t\t\t\t\t\t\t<div class=\"elementor-text-editor elementor-clearfix\">\n\t\t\t\t<p><span style=\"color: var( --e-global-color-text );\">Wir produzieren unsere Schmuckst\u00fccke ausschliesslich in der Schweiz. Anna entwirft den Schmuck, fertigt Prototypen an und produziert den gr\u00f6ssten Teil der Schmuckst\u00fccke in unserer Werkstatt in Zug. Wir arbeiten mit weiteren erfahrenen lokalen Handwerkern zusammen, zum Beispiel dem Atelier H\u00f6llm\u00fcller in Luzern, welches bereits ins zweiter Generation von Petra Park H\u00f6llm\u00fcller und Marc H\u00f6llm\u00fcller gef\u00fchrt wird.<\/span><span style=\"color: var( --e-global-color-text );\">\u00a0Wenn deinem Schmuckst\u00fcck dennoch einmal etwas passieren sollte oder etwas ge\u00e4ndert werden muss, k\u00f6nnen alle unsere Teile repariert, wiederaufbereitet und irgendwann im Laufe der Zeit rezykliert werden.<\/span><span style=\"color: var( --e-global-color-text );\">\u00a0<\/span><\/p><p><span style=\"color: var( --e-global-color-text );\">Wir wollen das Know-how der Schweizer Handwerker voll aussch\u00f6pfen, nicht nur, wenn es um das Handwerk der Schmuckherstellung geht.\u00a0<\/span><span style=\"color: var( --e-global-color-text );\">Unser Steinmetz, der unsere Kristalle aus dem Maderanertal im Kanton Uri perfekt schneidet, befindet sich in Winterthur.\u00a0<\/span><span style=\"color: var( --e-global-color-text );\">Ein weiteres Beispiel sind unsere sch\u00f6nen und vielseitigen Schmuckboxen vom Unternehmen Cartonnages Delavy SA in Villeneuve in der franz\u00f6sischen Schweiz, welche aus FSC-zertifiziertem Karton von Hand gefertigt werden. Wir haben das Design zusammen mit einem Expertenteam dieses Unternehmens entwickelt, mit dem Ziel, eine Box zu schaffen, die f\u00fcr alle Arten von Schmuck verwendet werden kann, ein zweites Leben als Aufbewahrungsm\u00f6glichkeit f\u00fcr sch\u00f6ne Dinge haben soll und jedes Teil vollst\u00e4ndig rezyklierbar ist.\u00a0<\/span><\/p>\t\t\t\t\t<\/div>\n\t\t\t\t\t\t<\/div>\n\t\t\t\t<\/div>\n\t\t\t\t<div class=\"elementor-element elementor-element-8459a2f elementor-widget elementor-widget-heading\" data-id=\"8459a2f\" data-element_type=\"widget\" data-widget_type=\"heading.default\">\n\t\t\t\t<div class=\"elementor-widget-container\">\n\t\t\t<h2 class=\"elementor-heading-title elementor-size-default\">Zur\u00fcckgewonnene Diamanten<\/h2>\t\t<\/div>\n\t\t\t\t<\/div>\n\t\t\t\t<div class=\"elementor-element elementor-element-b2102ab elementor-widget elementor-widget-text-editor\" data-id=\"b2102ab\" data-element_type=\"widget\" data-widget_type=\"text-editor.default\">\n\t\t\t\t<div class=\"elementor-widget-container\">\n\t\t\t\t\t\t\t\t<div class=\"elementor-text-editor elementor-clearfix\">\n\t\t\t\t<p>Um die Schwierigkeiten zu umgehen, verantwortungsvoll abgebaute Steine zu finden und mit den Ressourcen zu arbeiten, die bereits vorhanden sind, beziehen wir alle unsere Diamanten aus Schmuckst\u00fccken, welche zum Einschmelzen vorgesehen waren. Auf diese Weise bringt jeder Stein eine einzigartige Geschichte mit, die das Leben seines Vorbesitzers mit demjenigen seines neuen Tr\u00e4gers verbindet. Als wahre Zeitreisende k\u00f6nnen Edelsteine ein Leben lang gesch\u00e4tzt werden und dann an die n\u00e4chste Generation vermacht werden. Da es sich bei Diamanten um das h\u00e4rteste nat\u00fcrliche Material der Erde handelt, sind sie f\u00fcr eine Generationenreise bestens geeignet. Alle Diamanten werden vor der Verwendung gr\u00fcndlich gereinigt und die Qualit\u00e4t von Schweizer Gemmologie-Experten bei SSEF in Basel \u00fcberpr\u00fcft. Erst danach sind sie bereit, in  einem neuen Schmuckst\u00fcck zu altem Glanz zu erstrahlen. Wir nennen diese Edelsteine \"Zur\u00fcckgewonnene Diamanten\".<\/p>\t\t\t\t\t<\/div>\n\t\t\t\t\t\t<\/div>\n\t\t\t\t<\/div>\n\t\t\t\t<div class=\"elementor-element elementor-element-40a8434 elementor-widget elementor-widget-heading\" data-id=\"40a8434\" data-element_type=\"widget\" data-widget_type=\"heading.default\">\n\t\t\t\t<div class=\"elementor-widget-container\">\n\t\t\t<h2 class=\"elementor-heading-title elementor-size-default\">Rezykliertes Gold<\/h2>\t\t<\/div>\n\t\t\t\t<\/div>\n\t\t\t\t<div class=\"elementor-element elementor-element-e387130 elementor-widget elementor-widget-text-editor\" data-id=\"e387130\" data-element_type=\"widget\" data-widget_type=\"text-editor.default\">\n\t\t\t\t<div class=\"elementor-widget-container\">\n\t\t\t\t\t\t\t\t<div class=\"elementor-text-editor elementor-clearfix\">\n\t\t\t\t<p>Wir beziehen nur gereinigtes und rezykliertes Gold. Da die Hauptquelle des rezyklierten Goldes alter Schmuck ist, unterst\u00fctzen wir die Tradition der Zirkularit\u00e4t dieses wunderbaren und nahezu unverw\u00fcstlichen Metalls. Wir vermeiden zus\u00e4tzlichen Minenabbau. Rezyklierte Edelmetalle, in unserem Fall vor allem von der Schweizer Marke Oekogold\u00ae, sind ebenso rein und wertvoll wie neu abgebaute, haben jedoch deutlich tiefere Emissionsausst\u00f6sse. Jewels by Anna Andr\u00e9n ist zertifiziertes Oekogold-Mitglied. Das Oekogold\u00ae-Label selbst ist vom Responsible Jewellery Council mit Sitz in London zertifiziert, einer globalen Organisation, die Standards f\u00fcr eine verantwortungsvolle Schmuck- und Uhrenindustrie setzt, die unter anderem auf den UN Global Compact und Sustainable Development Goals basiert.\u00a0<\/p>\t\t\t\t\t<\/div>\n\t\t\t\t\t\t<\/div>\n\t\t\t\t<\/div>\n\t\t\t\t<div class=\"elementor-element elementor-element-ac78e45 elementor-widget elementor-widget-text-editor\" data-id=\"ac78e45\" data-element_type=\"widget\" data-widget_type=\"text-editor.default\">\n\t\t\t\t<div class=\"elementor-widget-container\">\n\t\t\t\t\t\t\t\t<div class=\"elementor-text-editor elementor-clearfix\">\n\t\t\t\t\t\t\t\t\t<\/div>\n\t\t\t\t\t\t<\/div>\n\t\t\t\t<\/div>\n\t\t\t\t\t\t<\/div>\n\t\t\t\t\t<\/div>\n\t\t<\/div>\n\t\t\t\t\t\t\t\t<\/div>\n\t\t\t\t\t<\/div>\n\t\t<\/section>\n\t\t\t\t\t\t\t\t\t<\/div>\n\t\t\t<\/div>\n\t\t\t\t\t<\/div>","protected":false},"excerpt":{"rendered":"<p>We want to be mindful of our earthly resources and work with raw materials already in circulation. Our precious metals are recycled and the stones reclaimed or found in Switzerland. At Jewels by Anna Andr\u00e9n we minimise the environmental impact of our products by designing for long term wear and by aiming to avoid removing [&hellip;]<\/p>","protected":false},"author":2,"featured_media":0,"parent":145,"menu_order":0,"comment_status":"closed","ping_status":"closed","template":"","meta":[],"yoast_head":"<!-- This site is optimized with the Yoast SEO plugin v18.0 - https:\/\/yoast.com\/wordpress\/plugins\/seo\/ -->\n<title>Made in Switzerland from Recycled Materials | JEWELS BY ANNA ANDR\u00c9N | Swiss Made Jewellery<\/title>\n<meta name=\"robots\" content=\"index, follow, max-snippet:-1, max-image-preview:large, max-video-preview:-1\" \/>\n<link rel=\"canonical\" href=\"https:\/\/jewelsbyanna.ch\/de\/about\/schweizer-handarbeit\/\" \/>\n<meta property=\"og:locale\" content=\"de_DE\" \/>\n<meta property=\"og:type\" content=\"article\" \/>\n<meta property=\"og:title\" content=\"Made in Switzerland from Recycled Materials | JEWELS BY ANNA ANDR\u00c9N | Swiss Made Jewellery\" \/>\n<meta property=\"og:description\" content=\"We want to be mindful of our earthly resources and work with raw materials already in circulation. Our precious metals are recycled and the stones reclaimed or found in Switzerland. At Jewels by Anna Andr\u00e9n we minimise the environmental impact of our products by designing for long term wear and by aiming to avoid removing [&hellip;]\" \/>\n<meta property=\"og:url\" content=\"https:\/\/jewelsbyanna.ch\/de\/about\/schweizer-handarbeit\/\" \/>\n<meta property=\"og:site_name\" content=\"JEWELS BY ANNA ANDR\u00c9N\" \/>\n<meta property=\"article:publisher\" content=\"https:\/\/www.facebook.com\/JewelsbyAnnaAndren\" \/>\n<meta property=\"article:modified_time\" content=\"2022-10-04T17:18:52+00:00\" \/>\n<meta property=\"og:image\" content=\"https:\/\/jewelsbyanna.ch\/wp-content\/uploads\/2021\/06\/Mirrored-and-lighter-Picture-to-use-for-Sourcing-replaces-the-current-one-again_DSC6170-2.jpg\" \/>\n<meta name=\"twitter:card\" content=\"summary_large_image\" \/>\n<meta name=\"twitter:label1\" content=\"Est. reading time\" \/>\n\t<meta name=\"twitter:data1\" content=\"4 Minuten\" \/>\n<script type=\"application\/ld+json\" class=\"yoast-schema-graph\">{\"@context\":\"https:\/\/schema.org\",\"@graph\":[{\"@type\":\"Organization\",\"@id\":\"https:\/\/jewelsbyanna.ch\/#organization\",\"name\":\"Jewels by Anna Andr\u00e9n\",\"url\":\"https:\/\/jewelsbyanna.ch\/\",\"sameAs\":[\"https:\/\/www.facebook.com\/JewelsbyAnnaAndren\",\"https:\/\/www.instagram.com\/jewelsbyannaandren\/\"],\"logo\":{\"@type\":\"ImageObject\",\"@id\":\"https:\/\/jewelsbyanna.ch\/#logo\",\"inLanguage\":\"de-CH\",\"url\":\"https:\/\/jewelsbyanna.ch\/wp-content\/uploads\/2020\/11\/cropped-ANNA-Logo-JPEG-LQ.jpg\",\"contentUrl\":\"https:\/\/jewelsbyanna.ch\/wp-content\/uploads\/2020\/11\/cropped-ANNA-Logo-JPEG-LQ.jpg\",\"width\":512,\"height\":512,\"caption\":\"Jewels by Anna Andr\u00e9n\"},\"image\":{\"@id\":\"https:\/\/jewelsbyanna.ch\/#logo\"}},{\"@type\":\"WebSite\",\"@id\":\"https:\/\/jewelsbyanna.ch\/#website\",\"url\":\"https:\/\/jewelsbyanna.ch\/\",\"name\":\"Jewels by Anna Andr\u00e9n\",\"description\":\"Nachhaltiger Schmuck aus recyclierten Materialien\",\"publisher\":{\"@id\":\"https:\/\/jewelsbyanna.ch\/#organization\"},\"potentialAction\":[{\"@type\":\"SearchAction\",\"target\":{\"@type\":\"EntryPoint\",\"urlTemplate\":\"https:\/\/jewelsbyanna.ch\/?s={search_term_string}\"},\"query-input\":\"required name=search_term_string\"}],\"inLanguage\":\"de-CH\"},{\"@type\":\"ImageObject\",\"@id\":\"https:\/\/jewelsbyanna.ch\/about\/schweizer-handarbeit\/#primaryimage\",\"inLanguage\":\"de-CH\",\"url\":\"https:\/\/jewelsbyanna.ch\/wp-content\/uploads\/2021\/06\/Mirrored-and-lighter-Picture-to-use-for-Sourcing-replaces-the-current-one-again_DSC6170-2.jpg\",\"contentUrl\":\"https:\/\/jewelsbyanna.ch\/wp-content\/uploads\/2021\/06\/Mirrored-and-lighter-Picture-to-use-for-Sourcing-replaces-the-current-one-again_DSC6170-2.jpg\",\"width\":800,\"height\":511,\"caption\":\"Simply Mindful Ring Recycled Gold with Reclaimed Diamonds, Ringe aus rezykliertem Ros\u00e9gold mit zur\u00fcckgewonnenen Diamanten\"},{\"@type\":\"WebPage\",\"@id\":\"https:\/\/jewelsbyanna.ch\/about\/schweizer-handarbeit\/#webpage\",\"url\":\"https:\/\/jewelsbyanna.ch\/about\/schweizer-handarbeit\/\",\"name\":\"Made in Switzerland from Recycled Materials | JEWELS BY ANNA ANDR\u00c9N | Swiss Made Jewellery\",\"isPartOf\":{\"@id\":\"https:\/\/jewelsbyanna.ch\/#website\"},\"primaryImageOfPage\":{\"@id\":\"https:\/\/jewelsbyanna.ch\/about\/schweizer-handarbeit\/#primaryimage\"},\"datePublished\":\"2020-11-17T10:11:16+00:00\",\"dateModified\":\"2022-10-04T17:18:52+00:00\",\"breadcrumb\":{\"@id\":\"https:\/\/jewelsbyanna.ch\/about\/schweizer-handarbeit\/#breadcrumb\"},\"inLanguage\":\"de-CH\",\"potentialAction\":[{\"@type\":\"ReadAction\",\"target\":[\"https:\/\/jewelsbyanna.ch\/about\/schweizer-handarbeit\/\"]}]},{\"@type\":\"BreadcrumbList\",\"@id\":\"https:\/\/jewelsbyanna.ch\/about\/schweizer-handarbeit\/#breadcrumb\",\"itemListElement\":[{\"@type\":\"ListItem\",\"position\":1,\"name\":\"Home\",\"item\":\"https:\/\/jewelsbyanna.ch\/\"},{\"@type\":\"ListItem\",\"position\":2,\"name\":\"About\",\"item\":\"https:\/\/jewelsbyanna.ch\/about\/\"},{\"@type\":\"ListItem\",\"position\":3,\"name\":\"Made in Switzerland from Recycled Materials\"}]}]}<\/script>\n<!-- \/ Yoast SEO plugin. -->","yoast_head_json":{"title":"Made in Switzerland from Recycled Materials | JEWELS BY ANNA ANDR\u00c9N | Swiss Made Jewellery","robots":{"index":"index","follow":"follow","max-snippet":"max-snippet:-1","max-image-preview":"max-image-preview:large","max-video-preview":"max-video-preview:-1"},"canonical":"https:\/\/jewelsbyanna.ch\/de\/about\/schweizer-handarbeit\/","og_locale":"de_DE","og_type":"article","og_title":"Made in Switzerland from Recycled Materials | JEWELS BY ANNA ANDR\u00c9N | Swiss Made Jewellery","og_description":"We want to be mindful of our earthly resources and work with raw materials already in circulation. Our precious metals are recycled and the stones reclaimed or found in Switzerland. At Jewels by Anna Andr\u00e9n we minimise the environmental impact of our products by designing for long term wear and by aiming to avoid removing [&hellip;]","og_url":"https:\/\/jewelsbyanna.ch\/de\/about\/schweizer-handarbeit\/","og_site_name":"JEWELS BY ANNA ANDR\u00c9N","article_publisher":"https:\/\/www.facebook.com\/JewelsbyAnnaAndren","article_modified_time":"2022-10-04T17:18:52+00:00","og_image":[{"url":"https:\/\/jewelsbyanna.ch\/wp-content\/uploads\/2021\/06\/Mirrored-and-lighter-Picture-to-use-for-Sourcing-replaces-the-current-one-again_DSC6170-2.jpg"}],"twitter_card":"summary_large_image","twitter_misc":{"Est. reading time":"4 Minuten"},"schema":{"@context":"https:\/\/schema.org","@graph":[{"@type":"Organization","@id":"https:\/\/jewelsbyanna.ch\/#organization","name":"Jewels by Anna Andr\u00e9n","url":"https:\/\/jewelsbyanna.ch\/","sameAs":["https:\/\/www.facebook.com\/JewelsbyAnnaAndren","https:\/\/www.instagram.com\/jewelsbyannaandren\/"],"logo":{"@type":"ImageObject","@id":"https:\/\/jewelsbyanna.ch\/#logo","inLanguage":"de-CH","url":"https:\/\/jewelsbyanna.ch\/wp-content\/uploads\/2020\/11\/cropped-ANNA-Logo-JPEG-LQ.jpg","contentUrl":"https:\/\/jewelsbyanna.ch\/wp-content\/uploads\/2020\/11\/cropped-ANNA-Logo-JPEG-LQ.jpg","width":512,"height":512,"caption":"Jewels by Anna Andr\u00e9n"},"image":{"@id":"https:\/\/jewelsbyanna.ch\/#logo"}},{"@type":"WebSite","@id":"https:\/\/jewelsbyanna.ch\/#website","url":"https:\/\/jewelsbyanna.ch\/","name":"Jewels by Anna Andr\u00e9n","description":"Nachhaltiger Schmuck aus recyclierten Materialien","publisher":{"@id":"https:\/\/jewelsbyanna.ch\/#organization"},"potentialAction":[{"@type":"SearchAction","target":{"@type":"EntryPoint","urlTemplate":"https:\/\/jewelsbyanna.ch\/?s={search_term_string}"},"query-input":"required name=search_term_string"}],"inLanguage":"de-CH"},{"@type":"ImageObject","@id":"https:\/\/jewelsbyanna.ch\/about\/schweizer-handarbeit\/#primaryimage","inLanguage":"de-CH","url":"https:\/\/jewelsbyanna.ch\/wp-content\/uploads\/2021\/06\/Mirrored-and-lighter-Picture-to-use-for-Sourcing-replaces-the-current-one-again_DSC6170-2.jpg","contentUrl":"https:\/\/jewelsbyanna.ch\/wp-content\/uploads\/2021\/06\/Mirrored-and-lighter-Picture-to-use-for-Sourcing-replaces-the-current-one-again_DSC6170-2.jpg","width":800,"height":511,"caption":"Simply Mindful Ring Recycled Gold with Reclaimed Diamonds, Ringe aus rezykliertem Ros\u00e9gold mit zur\u00fcckgewonnenen Diamanten"},{"@type":"WebPage","@id":"https:\/\/jewelsbyanna.ch\/about\/schweizer-handarbeit\/#webpage","url":"https:\/\/jewelsbyanna.ch\/about\/schweizer-handarbeit\/","name":"Made in Switzerland from Recycled Materials | JEWELS BY ANNA ANDR\u00c9N | Swiss Made Jewellery","isPartOf":{"@id":"https:\/\/jewelsbyanna.ch\/#website"},"primaryImageOfPage":{"@id":"https:\/\/jewelsbyanna.ch\/about\/schweizer-handarbeit\/#primaryimage"},"datePublished":"2020-11-17T10:11:16+00:00","dateModified":"2022-10-04T17:18:52+00:00","breadcrumb":{"@id":"https:\/\/jewelsbyanna.ch\/about\/schweizer-handarbeit\/#breadcrumb"},"inLanguage":"de-CH","potentialAction":[{"@type":"ReadAction","target":["https:\/\/jewelsbyanna.ch\/about\/schweizer-handarbeit\/"]}]},{"@type":"BreadcrumbList","@id":"https:\/\/jewelsbyanna.ch\/about\/schweizer-handarbeit\/#breadcrumb","itemListElement":[{"@type":"ListItem","position":1,"name":"Home","item":"https:\/\/jewelsbyanna.ch\/"},{"@type":"ListItem","position":2,"name":"About","item":"https:\/\/jewelsbyanna.ch\/about\/"},{"@type":"ListItem","position":3,"name":"Made in Switzerland from Recycled Materials"}]}]}},"_links":{"self":[{"href":"https:\/\/jewelsbyanna.ch\/de\/wp-json\/wp\/v2\/pages\/150"}],"collection":[{"href":"https:\/\/jewelsbyanna.ch\/de\/wp-json\/wp\/v2\/pages"}],"about":[{"href":"https:\/\/jewelsbyanna.ch\/de\/wp-json\/wp\/v2\/types\/page"}],"author":[{"embeddable":true,"href":"https:\/\/jewelsbyanna.ch\/de\/wp-json\/wp\/v2\/users\/2"}],"replies":[{"embeddable":true,"href":"https:\/\/jewelsbyanna.ch\/de\/wp-json\/wp\/v2\/comments?post=150"}],"version-history":[{"count":58,"href":"https:\/\/jewelsbyanna.ch\/de\/wp-json\/wp\/v2\/pages\/150\/revisions"}],"predecessor-version":[{"id":3734,"href":"https:\/\/jewelsbyanna.ch\/de\/wp-json\/wp\/v2\/pages\/150\/revisions\/3734"}],"up":[{"embeddable":true,"href":"https:\/\/jewelsbyanna.ch\/de\/wp-json\/wp\/v2\/pages\/145"}],"wp:attachment":[{"href":"https:\/\/jewelsbyanna.ch\/de\/wp-json\/wp\/v2\/media?parent=150"}],"curies":[{"name":"wp","href":"https:\/\/api.w.org\/{rel}","templated":true}]}}